{"id":6136,"date":"2025-09-24T19:56:09","date_gmt":"2025-09-24T19:56:09","guid":{"rendered":"https:\/\/modest-napier.216-250-124-103.plesk.page\/index.php\/producto\/tab-i-q-memory-azul-c-100-natures-pet\/"},"modified":"2025-09-24T20:45:54","modified_gmt":"2025-09-24T20:45:54","slug":"tab-i-q-memory-azul-c-100-natures-pet","status":"publish","type":"product","link":"https:\/\/modest-napier.216-250-124-103.plesk.page\/index.php\/producto\/tab-i-q-memory-azul-c-100-natures-pet\/","title":{"rendered":"I.Q. Memory 100 tabletas Nature&#8217;s Pet"},"content":{"rendered":"<p><span>Fortalece la actividad f\u00edsica y mental. Adem\u00e1s ayuda al aumento del desempe\u00f1o nervioso central y f\u00edsico en casos de gran carga del trabajo.<\/span><\/p>\n","protected":false},"excerpt":{"rendered":"<p>Fortalece la actividad f\u00edsica y mental. Adem\u00e1s ayuda al aumento del desempe\u00f1o nervioso central y f\u00edsico en casos de gran carga del trabajo.<\/p>\n","protected":false},"featured_media":2709,"comment_status":"open","ping_status":"closed","template":"","meta":[],"product_brand":[575],"product_cat":[290,337,318],"product_tag":[81,148,88,80,140,181],"class_list":{"0":"post-6136","1":"product","2":"type-product","3":"status-publish","4":"has-post-thumbnail","6":"product_brand-natures-pet","7":"product_cat-cerebro-y-memoria","8":"product_cat-productos","9":"product_cat-salud","10":"product_tag-acido-glutamico","11":"product_tag-complejo-b","12":"product_tag-ginkgo-biloba","13":"product_tag-ginseng","14":"product_tag-guarana","15":"product_tag-jalea-real","17":"first","18":"instock","19":"shipping-taxable","20":"purchasable","21":"product-type-simple"},"_links":{"self":[{"href":"https:\/\/modest-napier.216-250-124-103.plesk.page\/index.php\/wp-json\/wp\/v2\/product\/6136","targetHints":{"allow":["GET"]}}],"collection":[{"href":"https:\/\/modest-napier.216-250-124-103.plesk.page\/index.php\/wp-json\/wp\/v2\/product"}],"about":[{"href":"https:\/\/modest-napier.216-250-124-103.plesk.page\/index.php\/wp-json\/wp\/v2\/types\/product"}],"replies":[{"embeddable":true,"href":"https:\/\/modest-napier.216-250-124-103.plesk.page\/index.php\/wp-json\/wp\/v2\/comments?post=6136"}],"wp:featuredmedia":[{"embeddable":true,"href":"https:\/\/modest-napier.216-250-124-103.plesk.page\/index.php\/wp-json\/wp\/v2\/media\/2709"}],"wp:attachment":[{"href":"https:\/\/modest-napier.216-250-124-103.plesk.page\/index.php\/wp-json\/wp\/v2\/media?parent=6136"}],"wp:term":[{"taxonomy":"product_brand","embeddable":true,"href":"https:\/\/modest-napier.216-250-124-103.plesk.page\/index.php\/wp-json\/wp\/v2\/product_brand?post=6136"},{"taxonomy":"product_cat","embeddable":true,"href":"https:\/\/modest-napier.216-250-124-103.plesk.page\/index.php\/wp-json\/wp\/v2\/product_cat?post=6136"},{"taxonomy":"product_tag","embeddable":true,"href":"https:\/\/modest-napier.216-250-124-103.plesk.page\/index.php\/wp-json\/wp\/v2\/product_tag?post=6136"}],"curies":[{"name":"wp","href":"https:\/\/api.w.org\/{rel}","templated":true}]}}