{"id":6137,"date":"2025-09-24T19:56:10","date_gmt":"2025-09-24T19:56:10","guid":{"rendered":"https:\/\/modest-napier.216-250-124-103.plesk.page\/index.php\/producto\/tab-i-q-students-memory-verde-c-90-natures-pet\/"},"modified":"2025-09-24T20:45:54","modified_gmt":"2025-09-24T20:45:54","slug":"tab-i-q-students-memory-verde-c-90-natures-pet","status":"publish","type":"product","link":"https:\/\/modest-napier.216-250-124-103.plesk.page\/index.php\/producto\/tab-i-q-students-memory-verde-c-90-natures-pet\/","title":{"rendered":"I.Q. Students Memory 90 tabletas Nature&#8217;s Pet"},"content":{"rendered":"<p data-mce-fragment=\"1\"><strong data-mce-fragment=\"1\">Descripci\u00f3n:<\/strong><\/p>\n<p data-mce-fragment=\"1\"><span>Ayuda a obtener la energ\u00eda vital que su cerebro necesita. Auxiliar en la recuperaci\u00f3n de las funciones neuro-cerebrales.<\/span><br \/><span>Mejora notablemente la concentraci\u00f3n, la memoria, el estado de alerta y la fatiga mental.<\/span><br \/><span>Asimismo reduce el estado de ansiedad y tensi\u00f3n nerviosa, misma que se incrementa en v\u00edsperas de ex\u00e1menes, ayudando de esta forma a optimizar al m\u00e1ximo el rendimiento escolar.<\/span><\/p>\n<p data-mce-fragment=\"1\"><strong data-mce-fragment=\"1\">Modo de uso:<\/strong><\/p>\n<p data-mce-fragment=\"1\"><span>Estudiantes menores de 14 a\u00f1os tomar una tableta por la ma\u00f1ana y por la noche.<\/span><br \/><span>Estudiantes mayores de 14 a\u00f1os tomar 2 tabletas por la ma\u00f1ana y por la noche.<\/span><\/p>\n<p data-mce-fragment=\"1\"><strong data-mce-fragment=\"1\">Contenido:<\/strong><\/p>\n<p data-mce-fragment=\"1\">90 tabletas.<\/p>\n","protected":false},"excerpt":{"rendered":"<p>Descripci\u00f3n: Ayuda a obtener la energ\u00eda vital que su cerebro necesita. Auxiliar en la recuperaci\u00f3n de las funciones neuro-cerebrales.Mejora notablemente la concentraci\u00f3n, la memoria, el estado de alerta y la [&hellip;]<\/p>\n","protected":false},"featured_media":2710,"comment_status":"open","ping_status":"closed","template":"","meta":[],"product_brand":[575],"product_cat":[290,337,318],"product_tag":[81,193,88,181,167,184,87],"class_list":{"0":"post-6137","1":"product","2":"type-product","3":"status-publish","4":"has-post-thumbnail","6":"product_brand-natures-pet","7":"product_cat-cerebro-y-memoria","8":"product_cat-productos","9":"product_cat-salud","10":"product_tag-acido-glutamico","11":"product_tag-calcio","12":"product_tag-ginkgo-biloba","13":"product_tag-jalea-real","14":"product_tag-lecitina-de-soya","15":"product_tag-levadura-de-cerveza","16":"product_tag-vitamina-d","18":"first","19":"outofstock","20":"shipping-taxable","21":"purchasable","22":"product-type-simple"},"_links":{"self":[{"href":"https:\/\/modest-napier.216-250-124-103.plesk.page\/index.php\/wp-json\/wp\/v2\/product\/6137","targetHints":{"allow":["GET"]}}],"collection":[{"href":"https:\/\/modest-napier.216-250-124-103.plesk.page\/index.php\/wp-json\/wp\/v2\/product"}],"about":[{"href":"https:\/\/modest-napier.216-250-124-103.plesk.page\/index.php\/wp-json\/wp\/v2\/types\/product"}],"replies":[{"embeddable":true,"href":"https:\/\/modest-napier.216-250-124-103.plesk.page\/index.php\/wp-json\/wp\/v2\/comments?post=6137"}],"wp:featuredmedia":[{"embeddable":true,"href":"https:\/\/modest-napier.216-250-124-103.plesk.page\/index.php\/wp-json\/wp\/v2\/media\/2710"}],"wp:attachment":[{"href":"https:\/\/modest-napier.216-250-124-103.plesk.page\/index.php\/wp-json\/wp\/v2\/media?parent=6137"}],"wp:term":[{"taxonomy":"product_brand","embeddable":true,"href":"https:\/\/modest-napier.216-250-124-103.plesk.page\/index.php\/wp-json\/wp\/v2\/product_brand?post=6137"},{"taxonomy":"product_cat","embeddable":true,"href":"https:\/\/modest-napier.216-250-124-103.plesk.page\/index.php\/wp-json\/wp\/v2\/product_cat?post=6137"},{"taxonomy":"product_tag","embeddable":true,"href":"https:\/\/modest-napier.216-250-124-103.plesk.page\/index.php\/wp-json\/wp\/v2\/product_tag?post=6137"}],"curies":[{"name":"wp","href":"https:\/\/api.w.org\/{rel}","templated":true}]}}