{"id":6139,"date":"2025-09-24T19:56:14","date_gmt":"2025-09-24T19:56:14","guid":{"rendered":"https:\/\/modest-napier.216-250-124-103.plesk.page\/index.php\/producto\/tab-jalea-realginsengvitamina-e-c-60-herbomex\/"},"modified":"2025-09-24T20:44:59","modified_gmt":"2025-09-24T20:44:59","slug":"tab-jalea-real-ginseng-vitamina-e-c-60-herbomex","status":"publish","type":"product","link":"https:\/\/modest-napier.216-250-124-103.plesk.page\/index.php\/producto\/tab-jalea-real-ginseng-vitamina-e-c-60-herbomex\/","title":{"rendered":"Jalea Real + Ginseng + Vit E 60 tabletas Herbomex"},"content":{"rendered":"<p class=\"Polaris-Text--root Polaris-Text--headingLg Polaris-Text--regular\"><span>Mejorar la fatiga contiene propiedades antioxidantes y rejuvenecedoras, favorecer la respuesta del sistema inmunol\u00f3gico ayudar en el tratamiento del c\u00e1ncer, potencializa la funci\u00f3n sexual y apoyar el tratamiento de la impotencia sexual.<\/span><\/p>\n<p><\/p>\n","protected":false},"excerpt":{"rendered":"<p>Mejorar la fatiga contiene propiedades antioxidantes y rejuvenecedoras, favorecer la respuesta del sistema inmunol\u00f3gico ayudar en el tratamiento del c\u00e1ncer, potencializa la funci\u00f3n sexual y apoyar el tratamiento de la [&hellip;]<\/p>\n","protected":false},"featured_media":2712,"comment_status":"open","ping_status":"closed","template":"","meta":[],"product_brand":[351],"product_cat":[337,318,324],"product_tag":[80,181,72],"class_list":{"0":"post-6139","1":"product","2":"type-product","3":"status-publish","4":"has-post-thumbnail","6":"product_brand-herbomex","7":"product_cat-productos","8":"product_cat-salud","9":"product_cat-sexualidad","10":"product_tag-ginseng","11":"product_tag-jalea-real","12":"product_tag-vitamina-e","14":"first","15":"instock","16":"shipping-taxable","17":"purchasable","18":"product-type-simple"},"_links":{"self":[{"href":"https:\/\/modest-napier.216-250-124-103.plesk.page\/index.php\/wp-json\/wp\/v2\/product\/6139","targetHints":{"allow":["GET"]}}],"collection":[{"href":"https:\/\/modest-napier.216-250-124-103.plesk.page\/index.php\/wp-json\/wp\/v2\/product"}],"about":[{"href":"https:\/\/modest-napier.216-250-124-103.plesk.page\/index.php\/wp-json\/wp\/v2\/types\/product"}],"replies":[{"embeddable":true,"href":"https:\/\/modest-napier.216-250-124-103.plesk.page\/index.php\/wp-json\/wp\/v2\/comments?post=6139"}],"wp:featuredmedia":[{"embeddable":true,"href":"https:\/\/modest-napier.216-250-124-103.plesk.page\/index.php\/wp-json\/wp\/v2\/media\/2712"}],"wp:attachment":[{"href":"https:\/\/modest-napier.216-250-124-103.plesk.page\/index.php\/wp-json\/wp\/v2\/media?parent=6139"}],"wp:term":[{"taxonomy":"product_brand","embeddable":true,"href":"https:\/\/modest-napier.216-250-124-103.plesk.page\/index.php\/wp-json\/wp\/v2\/product_brand?post=6139"},{"taxonomy":"product_cat","embeddable":true,"href":"https:\/\/modest-napier.216-250-124-103.plesk.page\/index.php\/wp-json\/wp\/v2\/product_cat?post=6139"},{"taxonomy":"product_tag","embeddable":true,"href":"https:\/\/modest-napier.216-250-124-103.plesk.page\/index.php\/wp-json\/wp\/v2\/product_tag?post=6139"}],"curies":[{"name":"wp","href":"https:\/\/api.w.org\/{rel}","templated":true}]}}