{"id":6140,"date":"2025-09-24T19:56:15","date_gmt":"2025-09-24T19:56:15","guid":{"rendered":"https:\/\/modest-napier.216-250-124-103.plesk.page\/index.php\/producto\/tab-kuka-flex-verde-c-30-kukamonga\/"},"modified":"2025-09-24T20:46:00","modified_gmt":"2025-09-24T20:46:00","slug":"tab-kuka-flex-verde-c-30-kukamonga-sunatura","status":"publish","type":"product","link":"https:\/\/modest-napier.216-250-124-103.plesk.page\/index.php\/producto\/tab-kuka-flex-verde-c-30-kukamonga-sunatura\/","title":{"rendered":"Kuka Flex 30 tabletas Kukamonga Sunatura en M\u00e9xico"},"content":{"rendered":"<p data-mce-fragment=\"1\">\u00a1Cuida de tus articulaciones con <strong>Kuka Flex<\/strong>! Su f\u00f3rmula ayuda con la regeneraci\u00f3n de las articulaciones y ligamentos. As\u00ed mismo, <em>Kuka Flex<\/em> contribuye a la reestructuraci\u00f3n de cart\u00edlagos, coyunturas, da\u00f1os en la columna y el nervio ci\u00e1tico, lo que evita la perdida de liquido sinovial que rodea las articulaciones.<\/p>\n","protected":false},"excerpt":{"rendered":"<p>\u00a1Cuida de tus articulaciones con Kuka Flex! Su f\u00f3rmula ayuda con la regeneraci\u00f3n de las articulaciones y ligamentos. As\u00ed mismo, Kuka Flex contribuye a la reestructuraci\u00f3n de cart\u00edlagos, coyunturas, da\u00f1os [&hellip;]<\/p>\n","protected":false},"featured_media":2714,"comment_status":"open","ping_status":"closed","template":"","meta":[],"product_brand":[514],"product_cat":[297,337,318],"product_tag":[105,91,92],"class_list":{"0":"post-6140","1":"product","2":"type-product","3":"status-publish","4":"has-post-thumbnail","6":"product_brand-kukamonga","7":"product_cat-dolor-en-articulaciones","8":"product_cat-productos","9":"product_cat-salud","10":"product_tag-acido-hialuronico","11":"product_tag-condroitina","12":"product_tag-glucosamina","14":"first","15":"instock","16":"shipping-taxable","17":"purchasable","18":"product-type-simple"},"_links":{"self":[{"href":"https:\/\/modest-napier.216-250-124-103.plesk.page\/index.php\/wp-json\/wp\/v2\/product\/6140","targetHints":{"allow":["GET"]}}],"collection":[{"href":"https:\/\/modest-napier.216-250-124-103.plesk.page\/index.php\/wp-json\/wp\/v2\/product"}],"about":[{"href":"https:\/\/modest-napier.216-250-124-103.plesk.page\/index.php\/wp-json\/wp\/v2\/types\/product"}],"replies":[{"embeddable":true,"href":"https:\/\/modest-napier.216-250-124-103.plesk.page\/index.php\/wp-json\/wp\/v2\/comments?post=6140"}],"wp:featuredmedia":[{"embeddable":true,"href":"https:\/\/modest-napier.216-250-124-103.plesk.page\/index.php\/wp-json\/wp\/v2\/media\/2714"}],"wp:attachment":[{"href":"https:\/\/modest-napier.216-250-124-103.plesk.page\/index.php\/wp-json\/wp\/v2\/media?parent=6140"}],"wp:term":[{"taxonomy":"product_brand","embeddable":true,"href":"https:\/\/modest-napier.216-250-124-103.plesk.page\/index.php\/wp-json\/wp\/v2\/product_brand?post=6140"},{"taxonomy":"product_cat","embeddable":true,"href":"https:\/\/modest-napier.216-250-124-103.plesk.page\/index.php\/wp-json\/wp\/v2\/product_cat?post=6140"},{"taxonomy":"product_tag","embeddable":true,"href":"https:\/\/modest-napier.216-250-124-103.plesk.page\/index.php\/wp-json\/wp\/v2\/product_tag?post=6140"}],"curies":[{"name":"wp","href":"https:\/\/api.w.org\/{rel}","templated":true}]}}