{"id":6145,"date":"2025-09-24T19:56:22","date_gmt":"2025-09-24T19:56:22","guid":{"rendered":"https:\/\/modest-napier.216-250-124-103.plesk.page\/index.php\/producto\/tab-limpia-organos-c-100-la-fuerza-de-la-salud\/"},"modified":"2025-09-24T20:47:06","modified_gmt":"2025-09-24T20:47:06","slug":"tab-limpia-organos-c-100-la-fuerza-de-la-salud","status":"publish","type":"product","link":"https:\/\/modest-napier.216-250-124-103.plesk.page\/index.php\/producto\/tab-limpia-organos-c-100-la-fuerza-de-la-salud\/","title":{"rendered":"Limpia \u00d3rganos 100 tabletas La Fuerza de la Salud"},"content":{"rendered":"<p data-mce-fragment=\"1\">El suplemento\u00a0<strong>Limpia \u00d3rganos<\/strong> se recomienda para prevenci\u00f3n y cuidado de los problemas relacionados con el ri\u00f1\u00f3n, pulmones, h\u00edgado, colesterol, est\u00f3mago y estre\u00f1imiento.<\/p>\n","protected":false},"excerpt":{"rendered":"<p>El suplemento\u00a0Limpia \u00d3rganos se recomienda para prevenci\u00f3n y cuidado de los problemas relacionados con el ri\u00f1\u00f3n, pulmones, h\u00edgado, colesterol, est\u00f3mago y estre\u00f1imiento.<\/p>\n","protected":false},"featured_media":2718,"comment_status":"open","ping_status":"closed","template":"","meta":[],"product_brand":[387],"product_cat":[337,318,319],"product_tag":[110,131,119,127,128,114,151,162,46,98,60,212,160,227],"class_list":{"0":"post-6145","1":"product","2":"type-product","3":"status-publish","4":"has-post-thumbnail","6":"product_brand-la-fuerza-de-la-salud","7":"product_cat-productos","8":"product_cat-salud","9":"product_cat-salud-cardiovascular","10":"product_tag-alcachofa","11":"product_tag-avena","12":"product_tag-boldo","13":"product_tag-cardo-mariano","14":"product_tag-castano-de-indias","15":"product_tag-chia","16":"product_tag-curcuma","17":"product_tag-hoja-de-sen","18":"product_tag-linaza","19":"product_tag-nopal","20":"product_tag-sabila","21":"product_tag-tlanchalagua","22":"product_tag-wereke","23":"product_tag-zapote-blanco","25":"first","26":"instock","27":"shipping-taxable","28":"purchasable","29":"product-type-simple"},"_links":{"self":[{"href":"https:\/\/modest-napier.216-250-124-103.plesk.page\/index.php\/wp-json\/wp\/v2\/product\/6145","targetHints":{"allow":["GET"]}}],"collection":[{"href":"https:\/\/modest-napier.216-250-124-103.plesk.page\/index.php\/wp-json\/wp\/v2\/product"}],"about":[{"href":"https:\/\/modest-napier.216-250-124-103.plesk.page\/index.php\/wp-json\/wp\/v2\/types\/product"}],"replies":[{"embeddable":true,"href":"https:\/\/modest-napier.216-250-124-103.plesk.page\/index.php\/wp-json\/wp\/v2\/comments?post=6145"}],"wp:featuredmedia":[{"embeddable":true,"href":"https:\/\/modest-napier.216-250-124-103.plesk.page\/index.php\/wp-json\/wp\/v2\/media\/2718"}],"wp:attachment":[{"href":"https:\/\/modest-napier.216-250-124-103.plesk.page\/index.php\/wp-json\/wp\/v2\/media?parent=6145"}],"wp:term":[{"taxonomy":"product_brand","embeddable":true,"href":"https:\/\/modest-napier.216-250-124-103.plesk.page\/index.php\/wp-json\/wp\/v2\/product_brand?post=6145"},{"taxonomy":"product_cat","embeddable":true,"href":"https:\/\/modest-napier.216-250-124-103.plesk.page\/index.php\/wp-json\/wp\/v2\/product_cat?post=6145"},{"taxonomy":"product_tag","embeddable":true,"href":"https:\/\/modest-napier.216-250-124-103.plesk.page\/index.php\/wp-json\/wp\/v2\/product_tag?post=6145"}],"curies":[{"name":"wp","href":"https:\/\/api.w.org\/{rel}","templated":true}]}}