{"id":6146,"date":"2025-09-24T19:56:23","date_gmt":"2025-09-24T19:56:23","guid":{"rendered":"https:\/\/modest-napier.216-250-124-103.plesk.page\/index.php\/producto\/tab-maca-peruana-c-100-herbomex\/"},"modified":"2025-09-24T20:45:34","modified_gmt":"2025-09-24T20:45:34","slug":"tab-maca-peruana-c-100-herbomex","status":"publish","type":"product","link":"https:\/\/modest-napier.216-250-124-103.plesk.page\/index.php\/producto\/tab-maca-peruana-c-100-herbomex\/","title":{"rendered":"Maca Peruana 100 tabletas Herbomex"},"content":{"rendered":"<p><span>\u00a1Conoce el poder de la maca peruana! Este suplemento te ayudar\u00e1 a mejorar tu rendimiento f\u00edsico, mental y sexual.<\/span><\/p>\n<ul>\n<li><span>Aumento de la libido.<\/span><\/li>\n<li><span>Impulsa la energ\u00eda y la resistencia f\u00edsica.<\/span><\/li>\n<li><span>Mejora el estado de \u00e1nimo.<\/span><\/li>\n<li><span>Reduce el da\u00f1o solar.<\/span><\/li>\n<li><span>Calma los s\u00edntomas de menopausia.<\/span><\/li>\n<li><span>Mejora la funci\u00f3n sexual en los hombres.<\/span><\/li>\n<li><span>Incrementa la fertilidad.<\/span><\/li>\n<li><span>Reduce la presi\u00f3n arterial.<\/span><\/li>\n<\/ul>\n","protected":false},"excerpt":{"rendered":"<p>\u00a1Conoce el poder de la maca peruana! Este suplemento te ayudar\u00e1 a mejorar tu rendimiento f\u00edsico, mental y sexual. Aumento de la libido. Impulsa la energ\u00eda y la resistencia f\u00edsica. [&hellip;]<\/p>\n","protected":false},"featured_media":2719,"comment_status":"open","ping_status":"closed","template":"","meta":[],"product_brand":[351],"product_cat":[337,318,324],"product_tag":[152,80,89],"class_list":{"0":"post-6146","1":"product","2":"type-product","3":"status-publish","4":"has-post-thumbnail","6":"product_brand-herbomex","7":"product_cat-productos","8":"product_cat-salud","9":"product_cat-sexualidad","10":"product_tag-damiana","11":"product_tag-ginseng","12":"product_tag-maca","14":"first","15":"instock","16":"shipping-taxable","17":"purchasable","18":"product-type-simple"},"_links":{"self":[{"href":"https:\/\/modest-napier.216-250-124-103.plesk.page\/index.php\/wp-json\/wp\/v2\/product\/6146","targetHints":{"allow":["GET"]}}],"collection":[{"href":"https:\/\/modest-napier.216-250-124-103.plesk.page\/index.php\/wp-json\/wp\/v2\/product"}],"about":[{"href":"https:\/\/modest-napier.216-250-124-103.plesk.page\/index.php\/wp-json\/wp\/v2\/types\/product"}],"replies":[{"embeddable":true,"href":"https:\/\/modest-napier.216-250-124-103.plesk.page\/index.php\/wp-json\/wp\/v2\/comments?post=6146"}],"wp:featuredmedia":[{"embeddable":true,"href":"https:\/\/modest-napier.216-250-124-103.plesk.page\/index.php\/wp-json\/wp\/v2\/media\/2719"}],"wp:attachment":[{"href":"https:\/\/modest-napier.216-250-124-103.plesk.page\/index.php\/wp-json\/wp\/v2\/media?parent=6146"}],"wp:term":[{"taxonomy":"product_brand","embeddable":true,"href":"https:\/\/modest-napier.216-250-124-103.plesk.page\/index.php\/wp-json\/wp\/v2\/product_brand?post=6146"},{"taxonomy":"product_cat","embeddable":true,"href":"https:\/\/modest-napier.216-250-124-103.plesk.page\/index.php\/wp-json\/wp\/v2\/product_cat?post=6146"},{"taxonomy":"product_tag","embeddable":true,"href":"https:\/\/modest-napier.216-250-124-103.plesk.page\/index.php\/wp-json\/wp\/v2\/product_tag?post=6146"}],"curies":[{"name":"wp","href":"https:\/\/api.w.org\/{rel}","templated":true}]}}