{"id":6148,"date":"2025-09-24T19:56:25","date_gmt":"2025-09-24T19:56:25","guid":{"rendered":"https:\/\/modest-napier.216-250-124-103.plesk.page\/index.php\/producto\/tab-materfol-acido-folico-c-90-cmd\/"},"modified":"2025-09-24T20:43:37","modified_gmt":"2025-09-24T20:43:37","slug":"materfol-acido-folico","status":"publish","type":"product","link":"https:\/\/modest-napier.216-250-124-103.plesk.page\/index.php\/producto\/materfol-acido-folico\/","title":{"rendered":"\u00c1cido F\u00f3lico Materfol 90 tabletas CMD"},"content":{"rendered":"<p><strong>Descripci\u00f3n:<\/strong><br data-mce-fragment=\"1\">El suplemento alimenticio de <strong>\u00e1cido f\u00f3lico Materfol<\/strong> principalmente ayuda a prevenir defectos en el cierre del tubo neural para as\u00ed prevenir defectos de nacimiento en el cerebro y columna vertebral y en la mujer a prevenir anemia durante el embarazo.<\/p>\n<p><strong>Modo de uso:<\/strong><br data-mce-fragment=\"1\">Tomar una tableta al d\u00eda durante los tres meses previos al embarazo y hasta las 12 semanas de gestaci\u00f3n.<\/p>\n<p><strong>Contenido:<\/strong><br data-mce-fragment=\"1\"> 90 tabletas.<\/p>\n","protected":false},"excerpt":{"rendered":"<p>Descripci\u00f3n:El suplemento alimenticio de \u00e1cido f\u00f3lico Materfol principalmente ayuda a prevenir defectos en el cierre del tubo neural para as\u00ed prevenir defectos de nacimiento en el cerebro y columna vertebral [&hellip;]<\/p>\n","protected":false},"featured_media":2721,"comment_status":"open","ping_status":"closed","template":"","meta":[],"product_brand":[459],"product_cat":[337,318],"product_tag":[169],"class_list":{"0":"post-6148","1":"product","2":"type-product","3":"status-publish","4":"has-post-thumbnail","6":"product_brand-cmd","7":"product_cat-productos","8":"product_cat-salud","9":"product_tag-acido-folico","11":"first","12":"instock","13":"shipping-taxable","14":"purchasable","15":"product-type-simple"},"_links":{"self":[{"href":"https:\/\/modest-napier.216-250-124-103.plesk.page\/index.php\/wp-json\/wp\/v2\/product\/6148","targetHints":{"allow":["GET"]}}],"collection":[{"href":"https:\/\/modest-napier.216-250-124-103.plesk.page\/index.php\/wp-json\/wp\/v2\/product"}],"about":[{"href":"https:\/\/modest-napier.216-250-124-103.plesk.page\/index.php\/wp-json\/wp\/v2\/types\/product"}],"replies":[{"embeddable":true,"href":"https:\/\/modest-napier.216-250-124-103.plesk.page\/index.php\/wp-json\/wp\/v2\/comments?post=6148"}],"wp:featuredmedia":[{"embeddable":true,"href":"https:\/\/modest-napier.216-250-124-103.plesk.page\/index.php\/wp-json\/wp\/v2\/media\/2721"}],"wp:attachment":[{"href":"https:\/\/modest-napier.216-250-124-103.plesk.page\/index.php\/wp-json\/wp\/v2\/media?parent=6148"}],"wp:term":[{"taxonomy":"product_brand","embeddable":true,"href":"https:\/\/modest-napier.216-250-124-103.plesk.page\/index.php\/wp-json\/wp\/v2\/product_brand?post=6148"},{"taxonomy":"product_cat","embeddable":true,"href":"https:\/\/modest-napier.216-250-124-103.plesk.page\/index.php\/wp-json\/wp\/v2\/product_cat?post=6148"},{"taxonomy":"product_tag","embeddable":true,"href":"https:\/\/modest-napier.216-250-124-103.plesk.page\/index.php\/wp-json\/wp\/v2\/product_tag?post=6148"}],"curies":[{"name":"wp","href":"https:\/\/api.w.org\/{rel}","templated":true}]}}