{"id":6149,"date":"2025-09-24T19:56:28","date_gmt":"2025-09-24T19:56:28","guid":{"rendered":"https:\/\/modest-napier.216-250-124-103.plesk.page\/index.php\/producto\/tab-max-force-2-en-1-c-60-herbomex\/"},"modified":"2025-09-24T20:44:55","modified_gmt":"2025-09-24T20:44:55","slug":"tab-max-force-2-en-1-c-60-herbomex","status":"publish","type":"product","link":"https:\/\/modest-napier.216-250-124-103.plesk.page\/index.php\/producto\/tab-max-force-2-en-1-c-60-herbomex\/","title":{"rendered":"Max Force 2 en 1 60 tabletas Herbomex"},"content":{"rendered":"<p data-mce-fragment=\"1\"><span>\u00a1Aumenta tu vigor con Max Force 2 en 1! Indicado para aumentar la capacidad sexual mediante el aumento de la circulaci\u00f3n sangu\u00ednea en el \u00e1rea p\u00e9lvica (\u00f3rgano sexual) y disminuyendo el cansancio, fatiga, estr\u00e9s y nerviosismo, aumentando tambi\u00e9n la capacidad mental, la concentraci\u00f3n y la memoria ayudando a mantener en \u00f3ptimas condiciones tu salud sexual mental y f\u00edsica. Producto mejorado para lograr una mejor erecci\u00f3n y aumento del deseo sexual.<\/span><\/p>\n","protected":false},"excerpt":{"rendered":"<p>\u00a1Aumenta tu vigor con Max Force 2 en 1! Indicado para aumentar la capacidad sexual mediante el aumento de la circulaci\u00f3n sangu\u00ednea en el \u00e1rea p\u00e9lvica (\u00f3rgano sexual) y disminuyendo [&hellip;]<\/p>\n","protected":false},"featured_media":2722,"comment_status":"open","ping_status":"closed","template":"","meta":[],"product_brand":[351],"product_cat":[337,324],"product_tag":[72],"class_list":{"0":"post-6149","1":"product","2":"type-product","3":"status-publish","4":"has-post-thumbnail","6":"product_brand-herbomex","7":"product_cat-productos","8":"product_cat-sexualidad","9":"product_tag-vitamina-e","11":"first","12":"instock","13":"shipping-taxable","14":"purchasable","15":"product-type-simple"},"_links":{"self":[{"href":"https:\/\/modest-napier.216-250-124-103.plesk.page\/index.php\/wp-json\/wp\/v2\/product\/6149","targetHints":{"allow":["GET"]}}],"collection":[{"href":"https:\/\/modest-napier.216-250-124-103.plesk.page\/index.php\/wp-json\/wp\/v2\/product"}],"about":[{"href":"https:\/\/modest-napier.216-250-124-103.plesk.page\/index.php\/wp-json\/wp\/v2\/types\/product"}],"replies":[{"embeddable":true,"href":"https:\/\/modest-napier.216-250-124-103.plesk.page\/index.php\/wp-json\/wp\/v2\/comments?post=6149"}],"wp:featuredmedia":[{"embeddable":true,"href":"https:\/\/modest-napier.216-250-124-103.plesk.page\/index.php\/wp-json\/wp\/v2\/media\/2722"}],"wp:attachment":[{"href":"https:\/\/modest-napier.216-250-124-103.plesk.page\/index.php\/wp-json\/wp\/v2\/media?parent=6149"}],"wp:term":[{"taxonomy":"product_brand","embeddable":true,"href":"https:\/\/modest-napier.216-250-124-103.plesk.page\/index.php\/wp-json\/wp\/v2\/product_brand?post=6149"},{"taxonomy":"product_cat","embeddable":true,"href":"https:\/\/modest-napier.216-250-124-103.plesk.page\/index.php\/wp-json\/wp\/v2\/product_cat?post=6149"},{"taxonomy":"product_tag","embeddable":true,"href":"https:\/\/modest-napier.216-250-124-103.plesk.page\/index.php\/wp-json\/wp\/v2\/product_tag?post=6149"}],"curies":[{"name":"wp","href":"https:\/\/api.w.org\/{rel}","templated":true}]}}