{"id":6151,"date":"2025-09-24T19:56:31","date_gmt":"2025-09-24T19:56:31","guid":{"rendered":"https:\/\/modest-napier.216-250-124-103.plesk.page\/index.php\/producto\/tab-me-vale-madre-con-melatonina-c-30-nutrimed\/"},"modified":"2025-09-24T20:47:06","modified_gmt":"2025-09-24T20:47:06","slug":"tab-me-vale-madre-con-melatonina-c-30-nutrimed","status":"publish","type":"product","link":"https:\/\/modest-napier.216-250-124-103.plesk.page\/index.php\/producto\/tab-me-vale-madre-con-melatonina-c-30-nutrimed\/","title":{"rendered":"Me Vale Madre con Melatonina 30 tabletas Nutrimed"},"content":{"rendered":"<p><strong>Descripci\u00f3n:<\/strong><\/p>\n<p>Las pastillas <strong>Me Vale madre con melatonina<\/strong>\u00a0sirven para aliviar una variedad de s\u00edntomas y malestares emocionales. Dise\u00f1adas para brindar apoyo en diversas situaciones, estas tabletas son ideales para aquellos que experimentan dolor de cabeza, migra\u00f1a, estr\u00e9s, tensi\u00f3n nerviosa, falta de sue\u00f1o, mala memoria, mal car\u00e1cter y otros s\u00edntomas relacionados. Estas <em>tabletas con melatonina<\/em> act\u00faan como un aliado en el manejo de afecciones como depresi\u00f3n, ansiedad e irritabilidad.\u00a0<a href=\"#more\">Leer m\u00e1s \u00bb<\/a><\/p>\n<p><strong>Modo de uso:<\/strong><\/p>\n<p>Tomar 1 a 2 tabletas 30 min, antes de dormir.<\/p>\n<p><strong>Contenido:<\/strong><\/p>\n<p>30 tabletas.<\/p>\n","protected":false},"excerpt":{"rendered":"<p>Descripci\u00f3n: Las pastillas Me Vale madre con melatonina\u00a0sirven para aliviar una variedad de s\u00edntomas y malestares emocionales. Dise\u00f1adas para brindar apoyo en diversas situaciones, estas tabletas son ideales para aquellos [&hellip;]<\/p>\n","protected":false},"featured_media":2724,"comment_status":"open","ping_status":"closed","template":"","meta":[],"product_brand":[428],"product_cat":[303,337,318],"product_tag":[81,148,47,173,48,78,172,187,79,179],"class_list":{"0":"post-6151","1":"product","2":"type-product","3":"status-publish","4":"has-post-thumbnail","6":"product_brand-nutrimed","7":"product_cat-insomnio-y-ansiedad","8":"product_cat-productos","9":"product_cat-salud","10":"product_tag-acido-glutamico","11":"product_tag-complejo-b","12":"product_tag-manzanilla","13":"product_tag-melatonina","14":"product_tag-menta","15":"product_tag-pasiflora","16":"product_tag-tila","17":"product_tag-toronjil","18":"product_tag-valeriana","19":"product_tag-zinc","21":"first","22":"instock","23":"shipping-taxable","24":"purchasable","25":"product-type-simple"},"_links":{"self":[{"href":"https:\/\/modest-napier.216-250-124-103.plesk.page\/index.php\/wp-json\/wp\/v2\/product\/6151","targetHints":{"allow":["GET"]}}],"collection":[{"href":"https:\/\/modest-napier.216-250-124-103.plesk.page\/index.php\/wp-json\/wp\/v2\/product"}],"about":[{"href":"https:\/\/modest-napier.216-250-124-103.plesk.page\/index.php\/wp-json\/wp\/v2\/types\/product"}],"replies":[{"embeddable":true,"href":"https:\/\/modest-napier.216-250-124-103.plesk.page\/index.php\/wp-json\/wp\/v2\/comments?post=6151"}],"wp:featuredmedia":[{"embeddable":true,"href":"https:\/\/modest-napier.216-250-124-103.plesk.page\/index.php\/wp-json\/wp\/v2\/media\/2724"}],"wp:attachment":[{"href":"https:\/\/modest-napier.216-250-124-103.plesk.page\/index.php\/wp-json\/wp\/v2\/media?parent=6151"}],"wp:term":[{"taxonomy":"product_brand","embeddable":true,"href":"https:\/\/modest-napier.216-250-124-103.plesk.page\/index.php\/wp-json\/wp\/v2\/product_brand?post=6151"},{"taxonomy":"product_cat","embeddable":true,"href":"https:\/\/modest-napier.216-250-124-103.plesk.page\/index.php\/wp-json\/wp\/v2\/product_cat?post=6151"},{"taxonomy":"product_tag","embeddable":true,"href":"https:\/\/modest-napier.216-250-124-103.plesk.page\/index.php\/wp-json\/wp\/v2\/product_tag?post=6151"}],"curies":[{"name":"wp","href":"https:\/\/api.w.org\/{rel}","templated":true}]}}