{"id":6152,"date":"2025-09-24T19:56:32","date_gmt":"2025-09-24T19:56:32","guid":{"rendered":"https:\/\/modest-napier.216-250-124-103.plesk.page\/index.php\/producto\/tab-me-vale-madre-duo-c-60-reymon\/"},"modified":"2025-09-24T20:46:04","modified_gmt":"2025-09-24T20:46:04","slug":"tab-me-vale-madre-duo-c-60-reymon","status":"publish","type":"product","link":"https:\/\/modest-napier.216-250-124-103.plesk.page\/index.php\/producto\/tab-me-vale-madre-duo-c-60-reymon\/","title":{"rendered":"Me Vale Madre Duo 60 tabletas Reymon"},"content":{"rendered":"<p data-mce-fragment=\"1\"><strong data-mce-fragment=\"1\">Descripci\u00f3n<\/strong><\/p>\n<p data-mce-fragment=\"1\">Ayuda a disminuir:<\/p>\n<ul>\n<li>Migra\u00f1a<\/li>\n<li>Estr\u00e9s<\/li>\n<li>Tensi\u00f3n Nerviosa<\/li>\n<li>Falta de Sue\u00f1o<\/li>\n<li>Mala Memoria<\/li>\n<li>Mal Car\u00e1cter<\/li>\n<li>Depresi\u00f3n<\/li>\n<li>Ansiedad<\/li>\n<li>Irritabilidad<\/li>\n<\/ul>\n<p data-mce-fragment=\"1\"><strong data-mce-fragment=\"1\">Modo de uso:<\/strong><\/p>\n<p data-mce-fragment=\"1\"><span>Tomar dos tabletas por la noche.<\/span><\/p>\n<p data-mce-fragment=\"1\"><strong data-mce-fragment=\"1\">Contenido:<\/strong><\/p>\n<p data-mce-fragment=\"1\">60 tabletas.<\/p>\n","protected":false},"excerpt":{"rendered":"<p>Descripci\u00f3n Ayuda a disminuir: Migra\u00f1a Estr\u00e9s Tensi\u00f3n Nerviosa Falta de Sue\u00f1o Mala Memoria Mal Car\u00e1cter Depresi\u00f3n Ansiedad Irritabilidad Modo de uso: Tomar dos tabletas por la noche. Contenido: 60 tabletas.<\/p>\n","protected":false},"featured_media":2725,"comment_status":"open","ping_status":"closed","template":"","meta":[],"product_brand":[582],"product_cat":[303,337,318],"product_tag":[148,47,172],"class_list":{"0":"post-6152","1":"product","2":"type-product","3":"status-publish","4":"has-post-thumbnail","6":"product_brand-reymon","7":"product_cat-insomnio-y-ansiedad","8":"product_cat-productos","9":"product_cat-salud","10":"product_tag-complejo-b","11":"product_tag-manzanilla","12":"product_tag-tila","14":"first","15":"outofstock","16":"shipping-taxable","17":"purchasable","18":"product-type-simple"},"_links":{"self":[{"href":"https:\/\/modest-napier.216-250-124-103.plesk.page\/index.php\/wp-json\/wp\/v2\/product\/6152","targetHints":{"allow":["GET"]}}],"collection":[{"href":"https:\/\/modest-napier.216-250-124-103.plesk.page\/index.php\/wp-json\/wp\/v2\/product"}],"about":[{"href":"https:\/\/modest-napier.216-250-124-103.plesk.page\/index.php\/wp-json\/wp\/v2\/types\/product"}],"replies":[{"embeddable":true,"href":"https:\/\/modest-napier.216-250-124-103.plesk.page\/index.php\/wp-json\/wp\/v2\/comments?post=6152"}],"wp:featuredmedia":[{"embeddable":true,"href":"https:\/\/modest-napier.216-250-124-103.plesk.page\/index.php\/wp-json\/wp\/v2\/media\/2725"}],"wp:attachment":[{"href":"https:\/\/modest-napier.216-250-124-103.plesk.page\/index.php\/wp-json\/wp\/v2\/media?parent=6152"}],"wp:term":[{"taxonomy":"product_brand","embeddable":true,"href":"https:\/\/modest-napier.216-250-124-103.plesk.page\/index.php\/wp-json\/wp\/v2\/product_brand?post=6152"},{"taxonomy":"product_cat","embeddable":true,"href":"https:\/\/modest-napier.216-250-124-103.plesk.page\/index.php\/wp-json\/wp\/v2\/product_cat?post=6152"},{"taxonomy":"product_tag","embeddable":true,"href":"https:\/\/modest-napier.216-250-124-103.plesk.page\/index.php\/wp-json\/wp\/v2\/product_tag?post=6152"}],"curies":[{"name":"wp","href":"https:\/\/api.w.org\/{rel}","templated":true}]}}