{"id":6159,"date":"2025-09-24T19:56:42","date_gmt":"2025-09-24T19:56:42","guid":{"rendered":"https:\/\/modest-napier.216-250-124-103.plesk.page\/index.php\/producto\/tab-multivitaminico-ginseng-g115-y-coenzima-q10-c-100-la-fuerza-de-la-salud\/"},"modified":"2025-09-24T20:45:35","modified_gmt":"2025-09-24T20:45:35","slug":"tab-multivitaminico-ginseng-g115-y-coenzima-q10-c-100-la-fuerza-de-la-salud","status":"publish","type":"product","link":"https:\/\/modest-napier.216-250-124-103.plesk.page\/index.php\/producto\/tab-multivitaminico-ginseng-g115-y-coenzima-q10-c-100-la-fuerza-de-la-salud\/","title":{"rendered":"Multivitam\u00ednico Ginseng G115 Coenzima Q10 100 tabs"},"content":{"rendered":"<p data-mce-fragment=\"1\">Multivitam\u00ednico<span> con panax ginseng G115, y coenzima Q10 para mejorar la asimilaci\u00f3n del deporte, mejorar la vitalidad y la energ\u00eda f\u00edsica, 100 tabletas de 500 mg.<\/span><span data-mce-fragment=\"1\"><\/span><\/p>\n","protected":false},"excerpt":{"rendered":"<p>Multivitam\u00ednico con panax ginseng G115, y coenzima Q10 para mejorar la asimilaci\u00f3n del deporte, mejorar la vitalidad y la energ\u00eda f\u00edsica, 100 tabletas de 500 mg.<\/p>\n","protected":false},"featured_media":2733,"comment_status":"open","ping_status":"closed","template":"","meta":[],"product_brand":[387],"product_cat":[308,337,318,335],"product_tag":[76,80],"class_list":{"0":"post-6159","1":"product","2":"type-product","3":"status-publish","4":"has-post-thumbnail","6":"product_brand-la-fuerza-de-la-salud","7":"product_cat-nutricion","8":"product_cat-productos","9":"product_cat-salud","10":"product_cat-vitaminas-y-minerales","11":"product_tag-coenzima-q10","12":"product_tag-ginseng","14":"first","15":"instock","16":"shipping-taxable","17":"purchasable","18":"product-type-simple"},"_links":{"self":[{"href":"https:\/\/modest-napier.216-250-124-103.plesk.page\/index.php\/wp-json\/wp\/v2\/product\/6159","targetHints":{"allow":["GET"]}}],"collection":[{"href":"https:\/\/modest-napier.216-250-124-103.plesk.page\/index.php\/wp-json\/wp\/v2\/product"}],"about":[{"href":"https:\/\/modest-napier.216-250-124-103.plesk.page\/index.php\/wp-json\/wp\/v2\/types\/product"}],"replies":[{"embeddable":true,"href":"https:\/\/modest-napier.216-250-124-103.plesk.page\/index.php\/wp-json\/wp\/v2\/comments?post=6159"}],"wp:featuredmedia":[{"embeddable":true,"href":"https:\/\/modest-napier.216-250-124-103.plesk.page\/index.php\/wp-json\/wp\/v2\/media\/2733"}],"wp:attachment":[{"href":"https:\/\/modest-napier.216-250-124-103.plesk.page\/index.php\/wp-json\/wp\/v2\/media?parent=6159"}],"wp:term":[{"taxonomy":"product_brand","embeddable":true,"href":"https:\/\/modest-napier.216-250-124-103.plesk.page\/index.php\/wp-json\/wp\/v2\/product_brand?post=6159"},{"taxonomy":"product_cat","embeddable":true,"href":"https:\/\/modest-napier.216-250-124-103.plesk.page\/index.php\/wp-json\/wp\/v2\/product_cat?post=6159"},{"taxonomy":"product_tag","embeddable":true,"href":"https:\/\/modest-napier.216-250-124-103.plesk.page\/index.php\/wp-json\/wp\/v2\/product_tag?post=6159"}],"curies":[{"name":"wp","href":"https:\/\/api.w.org\/{rel}","templated":true}]}}