{"id":6161,"date":"2025-09-24T19:56:44","date_gmt":"2025-09-24T19:56:44","guid":{"rendered":"https:\/\/modest-napier.216-250-124-103.plesk.page\/index.php\/producto\/tab-neurocerebryl-c-100-geysson\/"},"modified":"2025-09-24T20:46:05","modified_gmt":"2025-09-24T20:46:05","slug":"neurocebryl-geysson","status":"publish","type":"product","link":"https:\/\/modest-napier.216-250-124-103.plesk.page\/index.php\/producto\/neurocebryl-geysson\/","title":{"rendered":"Neurocebryl 100 tabletas Geysson"},"content":{"rendered":"<p>El suplemento <strong>Neurocebryl <\/strong>ayuda a lidiar con el cansancio y el desgaste f\u00edsico y mental. Tambi\u00e9n mejora la memoria, la atenci\u00f3n y la oxigenaci\u00f3n cerebral.<strong data-mce-fragment=\"1\"><\/strong><\/p>\n","protected":false},"excerpt":{"rendered":"<p>El suplemento Neurocebryl ayuda a lidiar con el cansancio y el desgaste f\u00edsico y mental. Tambi\u00e9n mejora la memoria, la atenci\u00f3n y la oxigenaci\u00f3n cerebral.<\/p>\n","protected":false},"featured_media":2735,"comment_status":"open","ping_status":"closed","template":"","meta":[],"product_brand":[583],"product_cat":[290,308,337,318],"product_tag":[81,148,271,167],"class_list":{"0":"post-6161","1":"product","2":"type-product","3":"status-publish","4":"has-post-thumbnail","6":"product_brand-geysson","7":"product_cat-cerebro-y-memoria","8":"product_cat-nutricion","9":"product_cat-productos","10":"product_cat-salud","11":"product_tag-acido-glutamico","12":"product_tag-complejo-b","13":"product_tag-fosforo","14":"product_tag-lecitina-de-soya","16":"first","17":"instock","18":"shipping-taxable","19":"purchasable","20":"product-type-simple"},"_links":{"self":[{"href":"https:\/\/modest-napier.216-250-124-103.plesk.page\/index.php\/wp-json\/wp\/v2\/product\/6161","targetHints":{"allow":["GET"]}}],"collection":[{"href":"https:\/\/modest-napier.216-250-124-103.plesk.page\/index.php\/wp-json\/wp\/v2\/product"}],"about":[{"href":"https:\/\/modest-napier.216-250-124-103.plesk.page\/index.php\/wp-json\/wp\/v2\/types\/product"}],"replies":[{"embeddable":true,"href":"https:\/\/modest-napier.216-250-124-103.plesk.page\/index.php\/wp-json\/wp\/v2\/comments?post=6161"}],"wp:featuredmedia":[{"embeddable":true,"href":"https:\/\/modest-napier.216-250-124-103.plesk.page\/index.php\/wp-json\/wp\/v2\/media\/2735"}],"wp:attachment":[{"href":"https:\/\/modest-napier.216-250-124-103.plesk.page\/index.php\/wp-json\/wp\/v2\/media?parent=6161"}],"wp:term":[{"taxonomy":"product_brand","embeddable":true,"href":"https:\/\/modest-napier.216-250-124-103.plesk.page\/index.php\/wp-json\/wp\/v2\/product_brand?post=6161"},{"taxonomy":"product_cat","embeddable":true,"href":"https:\/\/modest-napier.216-250-124-103.plesk.page\/index.php\/wp-json\/wp\/v2\/product_cat?post=6161"},{"taxonomy":"product_tag","embeddable":true,"href":"https:\/\/modest-napier.216-250-124-103.plesk.page\/index.php\/wp-json\/wp\/v2\/product_tag?post=6161"}],"curies":[{"name":"wp","href":"https:\/\/api.w.org\/{rel}","templated":true}]}}