{"id":6170,"date":"2025-09-24T19:56:58","date_gmt":"2025-09-24T19:56:58","guid":{"rendered":"https:\/\/modest-napier.216-250-124-103.plesk.page\/index.php\/producto\/tab-ovario-fertil-c-100-tab-la-fuerza-de-la-salud\/"},"modified":"2025-09-24T20:45:36","modified_gmt":"2025-09-24T20:45:36","slug":"tab-ovario-fertil-c-100-tab-la-fuerza-de-la-salud","status":"publish","type":"product","link":"https:\/\/modest-napier.216-250-124-103.plesk.page\/index.php\/producto\/tab-ovario-fertil-c-100-tab-la-fuerza-de-la-salud\/","title":{"rendered":"Ovario F\u00e9rtil 100 tabletas La Fuerza de la Salud"},"content":{"rendered":"<p><strong>Descripci\u00f3n:<\/strong><\/p>\n<p><strong>Ovario F\u00e9rtil<\/strong>\u00a0ayuda a las mujeres que quieren quedar embarazadas y no lo consiguen, a base de un tratamiento natural que refuerza la producci\u00f3n de ovarios sanos y fuertes para poder ser fecundados. As\u00ed mismo refuerza la medula espinal, y ayuda a que su periodo de fertilidad se ampl\u00ede uno o dos d\u00edas mas. Elimina la frialdad y evita hemorragias as\u00ed como flujos vaginales eliminando infecciones en el aparato reproductor, previene y elimina miomas o quistes. Ayuda con el dolor de c\u00f3licos y los trastornos menstruales en general.<\/p>\n<p><em>Ovario F\u00e9rtil es el aliado natural que muchas mujeres buscan cuando sue\u00f1an con la maternidad.<\/em> Este suplemento alimenticio fortalece la producci\u00f3n de ovarios saludables, aumentando las posibilidades de concepci\u00f3n. Adem\u00e1s, extiende tu ventana de fertilidad, brindando uno o dos d\u00edas adicionales para lograr tu objetivo. Las <em>pastillas Ovario F\u00e9rtil<\/em> son tu camino hacia un bienestar reproductivo.<\/p>\n<h3>Se recomiendan las pastillas de Ovario F\u00e9rtil en casos de:<\/h3>\n<ul>\n<li><span>Trastornos mensuales<\/span><\/li>\n<li><span>Dolor de cintura<\/span><\/li>\n<li><span>Hemorragia<\/span><\/li>\n<li><span>Esterilidad<\/span><\/li>\n<li><span>Frialdad y flujos<\/span><\/li>\n<\/ul>\n<p><strong>Modo de uso:<\/strong><\/p>\n<p>Tomar 2 tabletas 3 veces al d\u00eda, acompa\u00f1adas de los alimentos.<\/p>\n<p><strong>Contenido:<\/strong><\/p>\n<p>100 tabletas.<\/p>\n","protected":false},"excerpt":{"rendered":"<p>Descripci\u00f3n: Ovario F\u00e9rtil\u00a0ayuda a las mujeres que quieren quedar embarazadas y no lo consiguen, a base de un tratamiento natural que refuerza la producci\u00f3n de ovarios sanos y fuertes para [&hellip;]<\/p>\n","protected":false},"featured_media":2744,"comment_status":"open","ping_status":"closed","template":"","meta":[],"product_brand":[387],"product_cat":[337,318,329],"product_tag":[274,275],"class_list":{"0":"post-6170","1":"product","2":"type-product","3":"status-publish","4":"has-post-thumbnail","6":"product_brand-la-fuerza-de-la-salud","7":"product_cat-productos","8":"product_cat-salud","9":"product_cat-suplementos-para-la-mujer","10":"product_tag-epazote","11":"product_tag-genciana","13":"first","14":"instock","15":"shipping-taxable","16":"purchasable","17":"product-type-simple"},"_links":{"self":[{"href":"https:\/\/modest-napier.216-250-124-103.plesk.page\/index.php\/wp-json\/wp\/v2\/product\/6170","targetHints":{"allow":["GET"]}}],"collection":[{"href":"https:\/\/modest-napier.216-250-124-103.plesk.page\/index.php\/wp-json\/wp\/v2\/product"}],"about":[{"href":"https:\/\/modest-napier.216-250-124-103.plesk.page\/index.php\/wp-json\/wp\/v2\/types\/product"}],"replies":[{"embeddable":true,"href":"https:\/\/modest-napier.216-250-124-103.plesk.page\/index.php\/wp-json\/wp\/v2\/comments?post=6170"}],"wp:featuredmedia":[{"embeddable":true,"href":"https:\/\/modest-napier.216-250-124-103.plesk.page\/index.php\/wp-json\/wp\/v2\/media\/2744"}],"wp:attachment":[{"href":"https:\/\/modest-napier.216-250-124-103.plesk.page\/index.php\/wp-json\/wp\/v2\/media?parent=6170"}],"wp:term":[{"taxonomy":"product_brand","embeddable":true,"href":"https:\/\/modest-napier.216-250-124-103.plesk.page\/index.php\/wp-json\/wp\/v2\/product_brand?post=6170"},{"taxonomy":"product_cat","embeddable":true,"href":"https:\/\/modest-napier.216-250-124-103.plesk.page\/index.php\/wp-json\/wp\/v2\/product_cat?post=6170"},{"taxonomy":"product_tag","embeddable":true,"href":"https:\/\/modest-napier.216-250-124-103.plesk.page\/index.php\/wp-json\/wp\/v2\/product_tag?post=6170"}],"curies":[{"name":"wp","href":"https:\/\/api.w.org\/{rel}","templated":true}]}}