{"id":6177,"date":"2025-09-24T19:57:08","date_gmt":"2025-09-24T19:57:08","guid":{"rendered":"https:\/\/modest-napier.216-250-124-103.plesk.page\/index.php\/producto\/tab-pulmo-calcio-c-100-la-fuerza-de-la-salud\/"},"modified":"2025-09-24T20:47:04","modified_gmt":"2025-09-24T20:47:04","slug":"tab-pulmo-calcio-c-100-la-fuerza-de-la-salud","status":"publish","type":"product","link":"https:\/\/modest-napier.216-250-124-103.plesk.page\/index.php\/producto\/tab-pulmo-calcio-c-100-la-fuerza-de-la-salud\/","title":{"rendered":"Pulmo Calcio 100 tabletas La Fuerza de la Salud"},"content":{"rendered":"<p data-mce-fragment=\"1\"><strong data-mce-fragment=\"1\">Descripci\u00f3n:<\/strong><\/p>\n<p data-mce-fragment=\"1\">Alivia tos cr\u00f3nica, tos seca e irritante asociada con inflamaci\u00f3n de laringe y faringe. Calma la tos y permite un sue\u00f1o reparador.<\/p>\n<p data-mce-fragment=\"1\"><span data-mce-fragment=\"1\"><\/span><strong data-mce-fragment=\"1\">Modo de uso:<\/strong><\/p>\n<p data-mce-fragment=\"1\">Tomar 2 tabletas acompa\u00f1ada de los alimentos, 3 veces al d\u00eda.<\/p>\n<p data-mce-fragment=\"1\"><span class=\"ILfuVd\" data-mce-fragment=\"1\"><span class=\"hgKElc\" data-mce-fragment=\"1\"><\/span><\/span><span data-mce-fragment=\"1\"><\/span><span data-mce-fragment=\"1\"><\/span><strong data-mce-fragment=\"1\">Contenido:<\/strong><\/p>\n<p data-mce-fragment=\"1\">100 tabletas.<\/p>\n","protected":false},"excerpt":{"rendered":"<p>Descripci\u00f3n: Alivia tos cr\u00f3nica, tos seca e irritante asociada con inflamaci\u00f3n de laringe y faringe. Calma la tos y permite un sue\u00f1o reparador. Modo de uso: Tomar 2 tabletas acompa\u00f1ada [&hellip;]<\/p>\n","protected":false},"featured_media":2751,"comment_status":"open","ping_status":"closed","template":"","meta":[],"product_brand":[387],"product_cat":[337,318,327],"product_tag":[81,193,64,217],"class_list":{"0":"post-6177","1":"product","2":"type-product","3":"status-publish","4":"has-post-thumbnail","6":"product_brand-la-fuerza-de-la-salud","7":"product_cat-productos","8":"product_cat-salud","9":"product_cat-sistema-respiratorio","10":"product_tag-acido-glutamico","11":"product_tag-calcio","12":"product_tag-eucalipto","13":"product_tag-mentol","15":"first","16":"instock","17":"shipping-taxable","18":"purchasable","19":"product-type-simple"},"_links":{"self":[{"href":"https:\/\/modest-napier.216-250-124-103.plesk.page\/index.php\/wp-json\/wp\/v2\/product\/6177","targetHints":{"allow":["GET"]}}],"collection":[{"href":"https:\/\/modest-napier.216-250-124-103.plesk.page\/index.php\/wp-json\/wp\/v2\/product"}],"about":[{"href":"https:\/\/modest-napier.216-250-124-103.plesk.page\/index.php\/wp-json\/wp\/v2\/types\/product"}],"replies":[{"embeddable":true,"href":"https:\/\/modest-napier.216-250-124-103.plesk.page\/index.php\/wp-json\/wp\/v2\/comments?post=6177"}],"wp:featuredmedia":[{"embeddable":true,"href":"https:\/\/modest-napier.216-250-124-103.plesk.page\/index.php\/wp-json\/wp\/v2\/media\/2751"}],"wp:attachment":[{"href":"https:\/\/modest-napier.216-250-124-103.plesk.page\/index.php\/wp-json\/wp\/v2\/media?parent=6177"}],"wp:term":[{"taxonomy":"product_brand","embeddable":true,"href":"https:\/\/modest-napier.216-250-124-103.plesk.page\/index.php\/wp-json\/wp\/v2\/product_brand?post=6177"},{"taxonomy":"product_cat","embeddable":true,"href":"https:\/\/modest-napier.216-250-124-103.plesk.page\/index.php\/wp-json\/wp\/v2\/product_cat?post=6177"},{"taxonomy":"product_tag","embeddable":true,"href":"https:\/\/modest-napier.216-250-124-103.plesk.page\/index.php\/wp-json\/wp\/v2\/product_tag?post=6177"}],"curies":[{"name":"wp","href":"https:\/\/api.w.org\/{rel}","templated":true}]}}