{"id":6184,"date":"2025-09-24T19:57:18","date_gmt":"2025-09-24T19:57:18","guid":{"rendered":"https:\/\/modest-napier.216-250-124-103.plesk.page\/index.php\/producto\/tab-reu-ajolin-c-30-naturamex\/"},"modified":"2025-09-24T20:45:36","modified_gmt":"2025-09-24T20:45:36","slug":"tab-reu-ajolin-c-30-naturamex","status":"publish","type":"product","link":"https:\/\/modest-napier.216-250-124-103.plesk.page\/index.php\/producto\/tab-reu-ajolin-c-30-naturamex\/","title":{"rendered":"Reu Ajol\u00edn 30 tabletas Naturamex"},"content":{"rendered":"<p data-mce-fragment=\"1\"><strong data-mce-fragment=\"1\">Descripci\u00f3n:<\/strong><\/p>\n<ul>\n<li><span>Ayuda a mantener la fuerza y flexibilidad de la piel, u\u00f1a y cabello, ligamentos, huesos, articulaciones, m\u00fasculos, tendones, enc\u00edas, dientes, ojos, vasos sangu\u00edneos, etc.<\/span><\/li>\n<li><span>Osteoporosis, osteoartritis, hernia de discos.<\/span><\/li>\n<li>\n<span>Dolor muscular y reumatismo\u00a0<\/span>cr\u00f3nico.<\/li>\n<li><span>Previene c\u00e1ncer\u00a0en los huesos.<\/span><\/li>\n<li>\n<span>Dolores de articulaciones y\u00a0<\/span>esquel\u00e9ticos<\/li>\n<li>\n<span>Colesterol y circulaci\u00f3n\u00a0y todo problema del\u00a0<\/span>coraz\u00f3n<\/li>\n<li><span>Gastritis. Colitis, ulcera<\/span><\/li>\n<li><span>Estre\u00f1imientos, dispepsias diversas, Hepatopat\u00edas, Pancreatitis.<\/span><\/li>\n<\/ul>\n<p data-mce-fragment=\"1\"><strong data-mce-fragment=\"1\">Modo de uso:<\/strong><\/p>\n<p data-mce-fragment=\"1\"><span>Tomar 1 Tableta cada 12 Horas.<\/span><\/p>\n<p data-mce-fragment=\"1\"><strong data-mce-fragment=\"1\">Contenido:<\/strong><\/p>\n<p data-mce-fragment=\"1\">30 tabletas.<\/p>\n","protected":false},"excerpt":{"rendered":"<p>Descripci\u00f3n: Ayuda a mantener la fuerza y flexibilidad de la piel, u\u00f1a y cabello, ligamentos, huesos, articulaciones, m\u00fasculos, tendones, enc\u00edas, dientes, ojos, vasos sangu\u00edneos, etc. Osteoporosis, osteoartritis, hernia de discos. [&hellip;]<\/p>\n","protected":false},"featured_media":2758,"comment_status":"open","ping_status":"closed","template":"","meta":[],"product_brand":[567],"product_cat":[299,337,318],"product_tag":[],"class_list":{"0":"post-6184","1":"product","2":"type-product","3":"status-publish","4":"has-post-thumbnail","6":"product_brand-naturamex","7":"product_cat-fortalecimiento-de-los-huesos","8":"product_cat-productos","9":"product_cat-salud","11":"first","12":"outofstock","13":"shipping-taxable","14":"purchasable","15":"product-type-simple"},"_links":{"self":[{"href":"https:\/\/modest-napier.216-250-124-103.plesk.page\/index.php\/wp-json\/wp\/v2\/product\/6184","targetHints":{"allow":["GET"]}}],"collection":[{"href":"https:\/\/modest-napier.216-250-124-103.plesk.page\/index.php\/wp-json\/wp\/v2\/product"}],"about":[{"href":"https:\/\/modest-napier.216-250-124-103.plesk.page\/index.php\/wp-json\/wp\/v2\/types\/product"}],"replies":[{"embeddable":true,"href":"https:\/\/modest-napier.216-250-124-103.plesk.page\/index.php\/wp-json\/wp\/v2\/comments?post=6184"}],"wp:featuredmedia":[{"embeddable":true,"href":"https:\/\/modest-napier.216-250-124-103.plesk.page\/index.php\/wp-json\/wp\/v2\/media\/2758"}],"wp:attachment":[{"href":"https:\/\/modest-napier.216-250-124-103.plesk.page\/index.php\/wp-json\/wp\/v2\/media?parent=6184"}],"wp:term":[{"taxonomy":"product_brand","embeddable":true,"href":"https:\/\/modest-napier.216-250-124-103.plesk.page\/index.php\/wp-json\/wp\/v2\/product_brand?post=6184"},{"taxonomy":"product_cat","embeddable":true,"href":"https:\/\/modest-napier.216-250-124-103.plesk.page\/index.php\/wp-json\/wp\/v2\/product_cat?post=6184"},{"taxonomy":"product_tag","embeddable":true,"href":"https:\/\/modest-napier.216-250-124-103.plesk.page\/index.php\/wp-json\/wp\/v2\/product_tag?post=6184"}],"curies":[{"name":"wp","href":"https:\/\/api.w.org\/{rel}","templated":true}]}}