{"id":6193,"date":"2025-09-24T19:57:29","date_gmt":"2025-09-24T19:57:29","guid":{"rendered":"https:\/\/modest-napier.216-250-124-103.plesk.page\/index.php\/producto\/tab-rosario-de-la-milagrosa-por-monte-acido-urico-c-20\/"},"modified":"2025-09-24T20:44:08","modified_gmt":"2025-09-24T20:44:08","slug":"tab-rosario-de-la-milagrosa-por-monte-acido-urico-c-20","status":"publish","type":"product","link":"https:\/\/modest-napier.216-250-124-103.plesk.page\/index.php\/producto\/tab-rosario-de-la-milagrosa-por-monte-acido-urico-c-20\/","title":{"rendered":"Rosario de la Milagrosa Por Monte (\u00c1cido \u00darico) 20 tabletas"},"content":{"rendered":"<p>Cuando se trata de controlar los niveles de \u00e1cido \u00farico y aliviar dolores en las articulaciones, las\u00a0<strong>pastillas\u00a0Rosario de la Milagrosa Por Monte<\/strong>\u00a0pueden ser lo que buscas. Estas grageas con capa ent\u00e9rica act\u00faan como un desinflamatorio eficaz en las articulaciones, el nervio ci\u00e1tico y el dolor \u00f3seo.\u00a0Recomendadas para casos de \u00e1cido \u00farico, espol\u00f3n, coyunturas, nervio ci\u00e1tico y dolores de huesos.\u00a0<em>\u00a1Recupera tu bienestar con Rosario de la Milagrosa Por Monte!<\/em><strong><\/strong><\/p>\n","protected":false},"excerpt":{"rendered":"<p>Cuando se trata de controlar los niveles de \u00e1cido \u00farico y aliviar dolores en las articulaciones, las\u00a0pastillas\u00a0Rosario de la Milagrosa Por Monte\u00a0pueden ser lo que buscas. Estas grageas con capa [&hellip;]<\/p>\n","protected":false},"featured_media":2770,"comment_status":"open","ping_status":"closed","template":"","meta":[],"product_brand":[343],"product_cat":[312,337,318],"product_tag":[],"class_list":{"0":"post-6193","1":"product","2":"type-product","3":"status-publish","4":"has-post-thumbnail","6":"product_brand-grupo-medinatvid","7":"product_cat-populares","8":"product_cat-productos","9":"product_cat-salud","11":"first","12":"instock","13":"shipping-taxable","14":"purchasable","15":"product-type-simple"},"_links":{"self":[{"href":"https:\/\/modest-napier.216-250-124-103.plesk.page\/index.php\/wp-json\/wp\/v2\/product\/6193","targetHints":{"allow":["GET"]}}],"collection":[{"href":"https:\/\/modest-napier.216-250-124-103.plesk.page\/index.php\/wp-json\/wp\/v2\/product"}],"about":[{"href":"https:\/\/modest-napier.216-250-124-103.plesk.page\/index.php\/wp-json\/wp\/v2\/types\/product"}],"replies":[{"embeddable":true,"href":"https:\/\/modest-napier.216-250-124-103.plesk.page\/index.php\/wp-json\/wp\/v2\/comments?post=6193"}],"wp:featuredmedia":[{"embeddable":true,"href":"https:\/\/modest-napier.216-250-124-103.plesk.page\/index.php\/wp-json\/wp\/v2\/media\/2770"}],"wp:attachment":[{"href":"https:\/\/modest-napier.216-250-124-103.plesk.page\/index.php\/wp-json\/wp\/v2\/media?parent=6193"}],"wp:term":[{"taxonomy":"product_brand","embeddable":true,"href":"https:\/\/modest-napier.216-250-124-103.plesk.page\/index.php\/wp-json\/wp\/v2\/product_brand?post=6193"},{"taxonomy":"product_cat","embeddable":true,"href":"https:\/\/modest-napier.216-250-124-103.plesk.page\/index.php\/wp-json\/wp\/v2\/product_cat?post=6193"},{"taxonomy":"product_tag","embeddable":true,"href":"https:\/\/modest-napier.216-250-124-103.plesk.page\/index.php\/wp-json\/wp\/v2\/product_tag?post=6193"}],"curies":[{"name":"wp","href":"https:\/\/api.w.org\/{rel}","templated":true}]}}