{"id":6196,"date":"2025-09-24T19:57:33","date_gmt":"2025-09-24T19:57:33","guid":{"rendered":"https:\/\/modest-napier.216-250-124-103.plesk.page\/index.php\/producto\/tab-saw-palmetto-c-30-cataleya-emporium\/"},"modified":"2025-09-24T20:43:28","modified_gmt":"2025-09-24T20:43:28","slug":"saw-palmetto","status":"publish","type":"product","link":"https:\/\/modest-napier.216-250-124-103.plesk.page\/index.php\/producto\/saw-palmetto\/","title":{"rendered":"Saw Palmetto 30 tabletas Cataleya Emporium"},"content":{"rendered":"<p>El <strong>suplemento de Saw Palmetto<\/strong> no solo disminuye la inflamaci\u00f3n prost\u00e1tica, sino que tambi\u00e9n trata la incontinencia nocturna y mejora el flujo y la fuerza al orinar. Adem\u00e1s, puede contribuir a recuperar y mantener la potencia sexual y ayudar a combatir la hiperplasia prost\u00e1tica benigna, o agrandamiento de la pr\u00f3stata.<\/p>\n","protected":false},"excerpt":{"rendered":"<p>El suplemento de Saw Palmetto no solo disminuye la inflamaci\u00f3n prost\u00e1tica, sino que tambi\u00e9n trata la incontinencia nocturna y mejora el flujo y la fuerza al orinar. Adem\u00e1s, puede contribuir [&hellip;]<\/p>\n","protected":false},"featured_media":2773,"comment_status":"open","ping_status":"closed","template":"","meta":[],"product_brand":[441],"product_cat":[307,337,318,324],"product_tag":[197],"class_list":{"0":"post-6196","1":"product","2":"type-product","3":"status-publish","4":"has-post-thumbnail","6":"product_brand-cataleya-emporium","7":"product_cat-nuevos","8":"product_cat-productos","9":"product_cat-salud","10":"product_cat-sexualidad","11":"product_tag-saw-palmetto","13":"first","14":"instock","15":"shipping-taxable","16":"purchasable","17":"product-type-simple"},"_links":{"self":[{"href":"https:\/\/modest-napier.216-250-124-103.plesk.page\/index.php\/wp-json\/wp\/v2\/product\/6196","targetHints":{"allow":["GET"]}}],"collection":[{"href":"https:\/\/modest-napier.216-250-124-103.plesk.page\/index.php\/wp-json\/wp\/v2\/product"}],"about":[{"href":"https:\/\/modest-napier.216-250-124-103.plesk.page\/index.php\/wp-json\/wp\/v2\/types\/product"}],"replies":[{"embeddable":true,"href":"https:\/\/modest-napier.216-250-124-103.plesk.page\/index.php\/wp-json\/wp\/v2\/comments?post=6196"}],"wp:featuredmedia":[{"embeddable":true,"href":"https:\/\/modest-napier.216-250-124-103.plesk.page\/index.php\/wp-json\/wp\/v2\/media\/2773"}],"wp:attachment":[{"href":"https:\/\/modest-napier.216-250-124-103.plesk.page\/index.php\/wp-json\/wp\/v2\/media?parent=6196"}],"wp:term":[{"taxonomy":"product_brand","embeddable":true,"href":"https:\/\/modest-napier.216-250-124-103.plesk.page\/index.php\/wp-json\/wp\/v2\/product_brand?post=6196"},{"taxonomy":"product_cat","embeddable":true,"href":"https:\/\/modest-napier.216-250-124-103.plesk.page\/index.php\/wp-json\/wp\/v2\/product_cat?post=6196"},{"taxonomy":"product_tag","embeddable":true,"href":"https:\/\/modest-napier.216-250-124-103.plesk.page\/index.php\/wp-json\/wp\/v2\/product_tag?post=6196"}],"curies":[{"name":"wp","href":"https:\/\/api.w.org\/{rel}","templated":true}]}}