{"id":6198,"date":"2025-09-24T19:57:36","date_gmt":"2025-09-24T19:57:36","guid":{"rendered":"https:\/\/modest-napier.216-250-124-103.plesk.page\/index.php\/producto\/tab-silimariano-c-60-dina\/"},"modified":"2025-09-24T20:47:48","modified_gmt":"2025-09-24T20:47:48","slug":"cap-silimariano-c-60-dina","status":"publish","type":"product","link":"https:\/\/modest-napier.216-250-124-103.plesk.page\/index.php\/producto\/cap-silimariano-c-60-dina\/","title":{"rendered":"Silimariano Cardo Mariano 60 tabletas Dina"},"content":{"rendered":"<p data-mce-fragment=\"1\"><strong data-mce-fragment=\"1\">Descripci\u00f3n:<\/strong><\/p>\n<p>El suplemento <strong>Silimariano con Cardo Mariano<\/strong> protege el h\u00edgado al actuar como un antioxidante y promover el crecimiento de nuevas c\u00e9lulas hep\u00e1ticas. Silimariano tambi\u00e9n ayuda con la digesti\u00f3n de grasas. Parece inhibir la entrada de substancias da\u00f1inas en las c\u00e9lulas del h\u00edgado.<\/p>\n<p data-mce-fragment=\"1\"><strong data-mce-fragment=\"1\">Modo de uso:<\/strong><\/p>\n<p>Tomar 1 tableta despu\u00e9s del desayuno y otra despu\u00e9s de la cena.<\/p>\n<p data-mce-fragment=\"1\"><strong data-mce-fragment=\"1\">Contenido:<\/strong><\/p>\n<p data-mce-fragment=\"1\">60 tabletas.<\/p>\n","protected":false},"excerpt":{"rendered":"<p>Descripci\u00f3n: El suplemento Silimariano con Cardo Mariano protege el h\u00edgado al actuar como un antioxidante y promover el crecimiento de nuevas c\u00e9lulas hep\u00e1ticas. Silimariano tambi\u00e9n ayuda con la digesti\u00f3n de [&hellip;]<\/p>\n","protected":false},"featured_media":2776,"comment_status":"open","ping_status":"closed","template":"","meta":[],"product_brand":[396],"product_cat":[337,318],"product_tag":[127],"class_list":{"0":"post-6198","1":"product","2":"type-product","3":"status-publish","4":"has-post-thumbnail","6":"product_brand-dina","7":"product_cat-productos","8":"product_cat-salud","9":"product_tag-cardo-mariano","11":"first","12":"instock","13":"shipping-taxable","14":"purchasable","15":"product-type-simple"},"_links":{"self":[{"href":"https:\/\/modest-napier.216-250-124-103.plesk.page\/index.php\/wp-json\/wp\/v2\/product\/6198","targetHints":{"allow":["GET"]}}],"collection":[{"href":"https:\/\/modest-napier.216-250-124-103.plesk.page\/index.php\/wp-json\/wp\/v2\/product"}],"about":[{"href":"https:\/\/modest-napier.216-250-124-103.plesk.page\/index.php\/wp-json\/wp\/v2\/types\/product"}],"replies":[{"embeddable":true,"href":"https:\/\/modest-napier.216-250-124-103.plesk.page\/index.php\/wp-json\/wp\/v2\/comments?post=6198"}],"wp:featuredmedia":[{"embeddable":true,"href":"https:\/\/modest-napier.216-250-124-103.plesk.page\/index.php\/wp-json\/wp\/v2\/media\/2776"}],"wp:attachment":[{"href":"https:\/\/modest-napier.216-250-124-103.plesk.page\/index.php\/wp-json\/wp\/v2\/media?parent=6198"}],"wp:term":[{"taxonomy":"product_brand","embeddable":true,"href":"https:\/\/modest-napier.216-250-124-103.plesk.page\/index.php\/wp-json\/wp\/v2\/product_brand?post=6198"},{"taxonomy":"product_cat","embeddable":true,"href":"https:\/\/modest-napier.216-250-124-103.plesk.page\/index.php\/wp-json\/wp\/v2\/product_cat?post=6198"},{"taxonomy":"product_tag","embeddable":true,"href":"https:\/\/modest-napier.216-250-124-103.plesk.page\/index.php\/wp-json\/wp\/v2\/product_tag?post=6198"}],"curies":[{"name":"wp","href":"https:\/\/api.w.org\/{rel}","templated":true}]}}