{"id":6199,"date":"2025-09-24T19:57:38","date_gmt":"2025-09-24T19:57:38","guid":{"rendered":"https:\/\/modest-napier.216-250-124-103.plesk.page\/index.php\/producto\/tab-similaxol-c-50-frasco-pequeno-blanco\/"},"modified":"2025-09-24T20:47:03","modified_gmt":"2025-09-24T20:47:03","slug":"similaxol","status":"publish","type":"product","link":"https:\/\/modest-napier.216-250-124-103.plesk.page\/index.php\/producto\/similaxol\/","title":{"rendered":"Similaxol Laxante 50 tabletas"},"content":{"rendered":"<p data-mce-fragment=\"1\"><span data-mce-fragment=\"1\"><strong>Similaxol<\/strong> es un laxante de acci\u00f3n suave, seguro e inofensivo en los casos de estre\u00f1imiento. Previene y alivia el estre\u00f1imiento. Aumenta la motilidad intestinal y el flujo. Promueve una limpieza r\u00e1pida y segura.<\/span><span data-mce-fragment=\"1\"><\/span><\/p>\n","protected":false},"excerpt":{"rendered":"<p>Similaxol es un laxante de acci\u00f3n suave, seguro e inofensivo en los casos de estre\u00f1imiento. Previene y alivia el estre\u00f1imiento. Aumenta la motilidad intestinal y el flujo. Promueve una limpieza [&hellip;]<\/p>\n","protected":false},"featured_media":2777,"comment_status":"open","ping_status":"closed","template":"","meta":[],"product_brand":[343],"product_cat":[337,318,323],"product_tag":[],"class_list":{"0":"post-6199","1":"product","2":"type-product","3":"status-publish","4":"has-post-thumbnail","6":"product_brand-grupo-medinatvid","7":"product_cat-productos","8":"product_cat-salud","9":"product_cat-salud-intestinal","11":"first","12":"instock","13":"shipping-taxable","14":"purchasable","15":"product-type-simple"},"_links":{"self":[{"href":"https:\/\/modest-napier.216-250-124-103.plesk.page\/index.php\/wp-json\/wp\/v2\/product\/6199","targetHints":{"allow":["GET"]}}],"collection":[{"href":"https:\/\/modest-napier.216-250-124-103.plesk.page\/index.php\/wp-json\/wp\/v2\/product"}],"about":[{"href":"https:\/\/modest-napier.216-250-124-103.plesk.page\/index.php\/wp-json\/wp\/v2\/types\/product"}],"replies":[{"embeddable":true,"href":"https:\/\/modest-napier.216-250-124-103.plesk.page\/index.php\/wp-json\/wp\/v2\/comments?post=6199"}],"wp:featuredmedia":[{"embeddable":true,"href":"https:\/\/modest-napier.216-250-124-103.plesk.page\/index.php\/wp-json\/wp\/v2\/media\/2777"}],"wp:attachment":[{"href":"https:\/\/modest-napier.216-250-124-103.plesk.page\/index.php\/wp-json\/wp\/v2\/media?parent=6199"}],"wp:term":[{"taxonomy":"product_brand","embeddable":true,"href":"https:\/\/modest-napier.216-250-124-103.plesk.page\/index.php\/wp-json\/wp\/v2\/product_brand?post=6199"},{"taxonomy":"product_cat","embeddable":true,"href":"https:\/\/modest-napier.216-250-124-103.plesk.page\/index.php\/wp-json\/wp\/v2\/product_cat?post=6199"},{"taxonomy":"product_tag","embeddable":true,"href":"https:\/\/modest-napier.216-250-124-103.plesk.page\/index.php\/wp-json\/wp\/v2\/product_tag?post=6199"}],"curies":[{"name":"wp","href":"https:\/\/api.w.org\/{rel}","templated":true}]}}