{"id":6209,"date":"2025-09-24T19:57:50","date_gmt":"2025-09-24T19:57:50","guid":{"rendered":"https:\/\/modest-napier.216-250-124-103.plesk.page\/index.php\/producto\/tab-testiton-c-1-individual-sobre\/"},"modified":"2025-09-24T20:44:54","modified_gmt":"2025-09-24T20:44:54","slug":"tab-testiton-c-1-individual-sobre","status":"publish","type":"product","link":"https:\/\/modest-napier.216-250-124-103.plesk.page\/index.php\/producto\/tab-testiton-c-1-individual-sobre\/","title":{"rendered":"Testiton 1 tableta Individual Sobre"},"content":{"rendered":"<p data-mce-fragment=\"1\"><strong data-mce-fragment=\"1\">Descripci\u00f3n:<\/strong><\/p>\n<p data-mce-fragment=\"1\"><strong>Testit\u00f3n, la pastilla vigorizante,\u00a0<\/strong>es un medicamento que restaura la funci\u00f3n er\u00e9ctil afectada, para dar lugar a una respuesta natural al est\u00edmulo sexual masculino.<\/p>\n<p data-mce-fragment=\"1\"><em>Testit\u00f3n<\/em> ayuda a obtener una erecci\u00f3n y adem\u00e1s contribuye a que las erecciones sean m\u00e1s firmes y a mantenerlas por m\u00e1s tiempo.<\/p>\n<p><!--\n\n\n<ul>\n\n\n<li>R\u00e1pido inicio de acci\u00f3n.<\/li>\n\n\n\n\n<li>Comprobada seguridad y eficacia.<\/li>\n\n\n<\/ul>\n\n--><\/p>\n<p><span>Testit\u00f3n es la clave para restaurar la confianza y la vitalidad en la intimidad. Su r\u00e1pido inicio de acci\u00f3n, comprobada seguridad y eficacia lo convierten en el aliado perfecto para aquellos mayores de 20 a\u00f1os que buscan mejorar su funci\u00f3n er\u00e9ctil. Disfruta de experiencias \u00edntimas de manera plena y satisfactoria. Recuerda, la calidad importa tanto como la confianza, y Testit\u00f3n est\u00e1 aqu\u00ed para brindarte ambas.<\/span><\/p>\n<p data-mce-fragment=\"1\"><strong data-mce-fragment=\"1\">Modo de uso:<\/strong><\/p>\n<p data-mce-fragment=\"1\">Mayores de 20 a\u00f1os:<br \/>Tableta de 100 mg, tomada alrededor de 30 minutos antes de la actividad sexual.<br \/>No consumir m\u00e1s de 1 tableta de 100 mg en 24 horas<\/p>\n<p data-mce-fragment=\"1\"><strong data-mce-fragment=\"1\">Contenido:<\/strong><\/p>\n<p data-mce-fragment=\"1\">1 Tableta.<\/p>\n","protected":false},"excerpt":{"rendered":"<p>Descripci\u00f3n: Testit\u00f3n, la pastilla vigorizante,\u00a0es un medicamento que restaura la funci\u00f3n er\u00e9ctil afectada, para dar lugar a una respuesta natural al est\u00edmulo sexual masculino. Testit\u00f3n ayuda a obtener una erecci\u00f3n [&hellip;]<\/p>\n","protected":false},"featured_media":2785,"comment_status":"open","ping_status":"closed","template":"","meta":[],"product_brand":[343],"product_cat":[337,324],"product_tag":[],"class_list":{"0":"post-6209","1":"product","2":"type-product","3":"status-publish","4":"has-post-thumbnail","6":"product_brand-grupo-medinatvid","7":"product_cat-productos","8":"product_cat-sexualidad","10":"first","11":"outofstock","12":"shipping-taxable","13":"purchasable","14":"product-type-simple"},"_links":{"self":[{"href":"https:\/\/modest-napier.216-250-124-103.plesk.page\/index.php\/wp-json\/wp\/v2\/product\/6209","targetHints":{"allow":["GET"]}}],"collection":[{"href":"https:\/\/modest-napier.216-250-124-103.plesk.page\/index.php\/wp-json\/wp\/v2\/product"}],"about":[{"href":"https:\/\/modest-napier.216-250-124-103.plesk.page\/index.php\/wp-json\/wp\/v2\/types\/product"}],"replies":[{"embeddable":true,"href":"https:\/\/modest-napier.216-250-124-103.plesk.page\/index.php\/wp-json\/wp\/v2\/comments?post=6209"}],"wp:featuredmedia":[{"embeddable":true,"href":"https:\/\/modest-napier.216-250-124-103.plesk.page\/index.php\/wp-json\/wp\/v2\/media\/2785"}],"wp:attachment":[{"href":"https:\/\/modest-napier.216-250-124-103.plesk.page\/index.php\/wp-json\/wp\/v2\/media?parent=6209"}],"wp:term":[{"taxonomy":"product_brand","embeddable":true,"href":"https:\/\/modest-napier.216-250-124-103.plesk.page\/index.php\/wp-json\/wp\/v2\/product_brand?post=6209"},{"taxonomy":"product_cat","embeddable":true,"href":"https:\/\/modest-napier.216-250-124-103.plesk.page\/index.php\/wp-json\/wp\/v2\/product_cat?post=6209"},{"taxonomy":"product_tag","embeddable":true,"href":"https:\/\/modest-napier.216-250-124-103.plesk.page\/index.php\/wp-json\/wp\/v2\/product_tag?post=6209"}],"curies":[{"name":"wp","href":"https:\/\/api.w.org\/{rel}","templated":true}]}}