{"id":6210,"date":"2025-09-24T19:57:52","date_gmt":"2025-09-24T19:57:52","guid":{"rendered":"https:\/\/modest-napier.216-250-124-103.plesk.page\/index.php\/producto\/tab-testiton-extra-fuerte-c-100-the-king\/"},"modified":"2025-09-24T20:45:37","modified_gmt":"2025-09-24T20:45:37","slug":"tab-testiton-extra-fuerte-c-100-herbomex","status":"publish","type":"product","link":"https:\/\/modest-napier.216-250-124-103.plesk.page\/index.php\/producto\/tab-testiton-extra-fuerte-c-100-herbomex\/","title":{"rendered":"Testit\u00f3n Extra Fuerte 100 tabletas The King"},"content":{"rendered":"<p data-mce-fragment=\"1\"><span>\u00a1Prueba\u00a0<strong>Testit\u00f3n<\/strong>, el potenciador sexual! Potente multivitam\u00ednico natural con la m\u00e1xima efectividad. Para mejorar el rendimiento f\u00edsico y sexual. Combina extractos naturales para ayudarlo a tener relaciones sexuales m\u00e1s duraderas y satisfactorias. <em>Testit\u00f3n<\/em> beneficia a las personas mayores y la edad senil.<\/span><\/p>\n","protected":false},"excerpt":{"rendered":"<p>\u00a1Prueba\u00a0Testit\u00f3n, el potenciador sexual! Potente multivitam\u00ednico natural con la m\u00e1xima efectividad. Para mejorar el rendimiento f\u00edsico y sexual. Combina extractos naturales para ayudarlo a tener relaciones sexuales m\u00e1s duraderas y [&hellip;]<\/p>\n","protected":false},"featured_media":2786,"comment_status":"open","ping_status":"closed","template":"","meta":[],"product_brand":[391],"product_cat":[312,337,324],"product_tag":[88,80,89],"class_list":{"0":"post-6210","1":"product","2":"type-product","3":"status-publish","4":"has-post-thumbnail","6":"product_brand-the-king","7":"product_cat-populares","8":"product_cat-productos","9":"product_cat-sexualidad","10":"product_tag-ginkgo-biloba","11":"product_tag-ginseng","12":"product_tag-maca","14":"first","15":"instock","16":"shipping-taxable","17":"purchasable","18":"product-type-simple"},"_links":{"self":[{"href":"https:\/\/modest-napier.216-250-124-103.plesk.page\/index.php\/wp-json\/wp\/v2\/product\/6210","targetHints":{"allow":["GET"]}}],"collection":[{"href":"https:\/\/modest-napier.216-250-124-103.plesk.page\/index.php\/wp-json\/wp\/v2\/product"}],"about":[{"href":"https:\/\/modest-napier.216-250-124-103.plesk.page\/index.php\/wp-json\/wp\/v2\/types\/product"}],"replies":[{"embeddable":true,"href":"https:\/\/modest-napier.216-250-124-103.plesk.page\/index.php\/wp-json\/wp\/v2\/comments?post=6210"}],"wp:featuredmedia":[{"embeddable":true,"href":"https:\/\/modest-napier.216-250-124-103.plesk.page\/index.php\/wp-json\/wp\/v2\/media\/2786"}],"wp:attachment":[{"href":"https:\/\/modest-napier.216-250-124-103.plesk.page\/index.php\/wp-json\/wp\/v2\/media?parent=6210"}],"wp:term":[{"taxonomy":"product_brand","embeddable":true,"href":"https:\/\/modest-napier.216-250-124-103.plesk.page\/index.php\/wp-json\/wp\/v2\/product_brand?post=6210"},{"taxonomy":"product_cat","embeddable":true,"href":"https:\/\/modest-napier.216-250-124-103.plesk.page\/index.php\/wp-json\/wp\/v2\/product_cat?post=6210"},{"taxonomy":"product_tag","embeddable":true,"href":"https:\/\/modest-napier.216-250-124-103.plesk.page\/index.php\/wp-json\/wp\/v2\/product_tag?post=6210"}],"curies":[{"name":"wp","href":"https:\/\/api.w.org\/{rel}","templated":true}]}}