{"id":6214,"date":"2025-09-24T19:57:57","date_gmt":"2025-09-24T19:57:57","guid":{"rendered":"https:\/\/modest-napier.216-250-124-103.plesk.page\/index.php\/producto\/tab-tribedoce-50000-morada-c-100-la-fuerza-de-la-salud\/"},"modified":"2025-09-24T20:45:37","modified_gmt":"2025-09-24T20:45:37","slug":"tab-tribedoce-50-000-morada-c-100-la-fuerza-de-la-salud","status":"publish","type":"product","link":"https:\/\/modest-napier.216-250-124-103.plesk.page\/index.php\/producto\/tab-tribedoce-50-000-morada-c-100-la-fuerza-de-la-salud\/","title":{"rendered":"Tribedoce 50,000 100 tabs La Fuerza de la Salud"},"content":{"rendered":"<p>\u00a1Conoce los beneficios de <strong>Tribedoce<\/strong>!<\/p>\n<ul>\n<li>Previene los s\u00edntomas de depresi\u00f3n<\/li>\n<li>Metaboliza az\u00facares, grasas y prote\u00ednas en la sangre<\/li>\n<li>Regula el apetito<\/li>\n<li>Impide la debilidad muscular<\/li>\n<li>Desarrollo corporal\u00a0deficiente<\/li>\n<li>Problemas\u00a0conductuales<\/li>\n<li>Bajo desarrollo\u00a0intelectual<\/li>\n<li>P\u00e9rdida de tejido graso subcut\u00e1neo y muscular<\/li>\n<li>Alteraciones\u00a0circulatorias<\/li>\n<\/ul>\n","protected":false},"excerpt":{"rendered":"<p>\u00a1Conoce los beneficios de Tribedoce! Previene los s\u00edntomas de depresi\u00f3n Metaboliza az\u00facares, grasas y prote\u00ednas en la sangre Regula el apetito Impide la debilidad muscular Desarrollo corporal\u00a0deficiente Problemas\u00a0conductuales Bajo desarrollo\u00a0intelectual [&hellip;]<\/p>\n","protected":false},"featured_media":2790,"comment_status":"open","ping_status":"closed","template":"","meta":[],"product_brand":[387],"product_cat":[337,318,335],"product_tag":[],"class_list":{"0":"post-6214","1":"product","2":"type-product","3":"status-publish","4":"has-post-thumbnail","6":"product_brand-la-fuerza-de-la-salud","7":"product_cat-productos","8":"product_cat-salud","9":"product_cat-vitaminas-y-minerales","11":"first","12":"instock","13":"shipping-taxable","14":"purchasable","15":"product-type-simple"},"_links":{"self":[{"href":"https:\/\/modest-napier.216-250-124-103.plesk.page\/index.php\/wp-json\/wp\/v2\/product\/6214","targetHints":{"allow":["GET"]}}],"collection":[{"href":"https:\/\/modest-napier.216-250-124-103.plesk.page\/index.php\/wp-json\/wp\/v2\/product"}],"about":[{"href":"https:\/\/modest-napier.216-250-124-103.plesk.page\/index.php\/wp-json\/wp\/v2\/types\/product"}],"replies":[{"embeddable":true,"href":"https:\/\/modest-napier.216-250-124-103.plesk.page\/index.php\/wp-json\/wp\/v2\/comments?post=6214"}],"wp:featuredmedia":[{"embeddable":true,"href":"https:\/\/modest-napier.216-250-124-103.plesk.page\/index.php\/wp-json\/wp\/v2\/media\/2790"}],"wp:attachment":[{"href":"https:\/\/modest-napier.216-250-124-103.plesk.page\/index.php\/wp-json\/wp\/v2\/media?parent=6214"}],"wp:term":[{"taxonomy":"product_brand","embeddable":true,"href":"https:\/\/modest-napier.216-250-124-103.plesk.page\/index.php\/wp-json\/wp\/v2\/product_brand?post=6214"},{"taxonomy":"product_cat","embeddable":true,"href":"https:\/\/modest-napier.216-250-124-103.plesk.page\/index.php\/wp-json\/wp\/v2\/product_cat?post=6214"},{"taxonomy":"product_tag","embeddable":true,"href":"https:\/\/modest-napier.216-250-124-103.plesk.page\/index.php\/wp-json\/wp\/v2\/product_tag?post=6214"}],"curies":[{"name":"wp","href":"https:\/\/api.w.org\/{rel}","templated":true}]}}