{"id":6215,"date":"2025-09-24T19:57:59","date_gmt":"2025-09-24T19:57:59","guid":{"rendered":"https:\/\/modest-napier.216-250-124-103.plesk.page\/index.php\/producto\/tab-una-de-gato-con-calcio-de-coral-c-100-la-salud-hace-la-fuerza\/"},"modified":"2025-09-24T20:47:02","modified_gmt":"2025-09-24T20:47:02","slug":"tab-una-de-gato-con-calcio-de-coral-c-100-la-salud-hace-la-fuerza","status":"publish","type":"product","link":"https:\/\/modest-napier.216-250-124-103.plesk.page\/index.php\/producto\/tab-una-de-gato-con-calcio-de-coral-c-100-la-salud-hace-la-fuerza\/","title":{"rendered":"U\u00f1a de Gato con Calcio de Coral 100 tabletas"},"content":{"rendered":"<p data-mce-fragment=\"1\"><strong data-mce-fragment=\"1\">Descripci\u00f3n:<\/strong><\/p>\n<p data-mce-fragment=\"1\">Reducci\u00f3n del dolor producto del reumatismo, la artritis y diversos problemas inflamatorios, la cicatrizaci\u00f3n de heridas, como tratamiento de \u00falceras g\u00e1stricas y dolencias intestinales, alivio del dolor cr\u00f3nico, mejora de la inmunidad, fortaleciendo dicho sistema.<\/p>\n<p data-mce-fragment=\"1\"><span data-mce-fragment=\"1\"><\/span><span data-mce-fragment=\"1\"><\/span><span data-mce-fragment=\"1\"><\/span><span data-mce-fragment=\"1\"><\/span><strong data-mce-fragment=\"1\">Modo de uso:<\/strong><\/p>\n<p data-mce-fragment=\"1\"><span data-mce-fragment=\"1\">Tomar 2 tableta, 3 veces al d\u00eda con los alimentos.<\/span><\/p>\n<p data-mce-fragment=\"1\"><span class=\"ILfuVd\" data-mce-fragment=\"1\"><span class=\"hgKElc\" data-mce-fragment=\"1\"><\/span><\/span><span data-mce-fragment=\"1\"><\/span><span data-mce-fragment=\"1\"><\/span><strong data-mce-fragment=\"1\">Contenido:<\/strong><\/p>\n<p data-mce-fragment=\"1\">100 tabletas.<\/p>\n","protected":false},"excerpt":{"rendered":"<p>Descripci\u00f3n: Reducci\u00f3n del dolor producto del reumatismo, la artritis y diversos problemas inflamatorios, la cicatrizaci\u00f3n de heridas, como tratamiento de \u00falceras g\u00e1stricas y dolencias intestinales, alivio del dolor cr\u00f3nico, mejora [&hellip;]<\/p>\n","protected":false},"featured_media":2791,"comment_status":"open","ping_status":"closed","template":"","meta":[],"product_brand":[419],"product_cat":[297,337,318],"product_tag":[],"class_list":{"0":"post-6215","1":"product","2":"type-product","3":"status-publish","4":"has-post-thumbnail","6":"product_brand-la-salud-hace-la-fuerza","7":"product_cat-dolor-en-articulaciones","8":"product_cat-productos","9":"product_cat-salud","11":"first","12":"instock","13":"shipping-taxable","14":"purchasable","15":"product-type-simple"},"_links":{"self":[{"href":"https:\/\/modest-napier.216-250-124-103.plesk.page\/index.php\/wp-json\/wp\/v2\/product\/6215","targetHints":{"allow":["GET"]}}],"collection":[{"href":"https:\/\/modest-napier.216-250-124-103.plesk.page\/index.php\/wp-json\/wp\/v2\/product"}],"about":[{"href":"https:\/\/modest-napier.216-250-124-103.plesk.page\/index.php\/wp-json\/wp\/v2\/types\/product"}],"replies":[{"embeddable":true,"href":"https:\/\/modest-napier.216-250-124-103.plesk.page\/index.php\/wp-json\/wp\/v2\/comments?post=6215"}],"wp:featuredmedia":[{"embeddable":true,"href":"https:\/\/modest-napier.216-250-124-103.plesk.page\/index.php\/wp-json\/wp\/v2\/media\/2791"}],"wp:attachment":[{"href":"https:\/\/modest-napier.216-250-124-103.plesk.page\/index.php\/wp-json\/wp\/v2\/media?parent=6215"}],"wp:term":[{"taxonomy":"product_brand","embeddable":true,"href":"https:\/\/modest-napier.216-250-124-103.plesk.page\/index.php\/wp-json\/wp\/v2\/product_brand?post=6215"},{"taxonomy":"product_cat","embeddable":true,"href":"https:\/\/modest-napier.216-250-124-103.plesk.page\/index.php\/wp-json\/wp\/v2\/product_cat?post=6215"},{"taxonomy":"product_tag","embeddable":true,"href":"https:\/\/modest-napier.216-250-124-103.plesk.page\/index.php\/wp-json\/wp\/v2\/product_tag?post=6215"}],"curies":[{"name":"wp","href":"https:\/\/api.w.org\/{rel}","templated":true}]}}