{"id":6218,"date":"2025-09-24T19:58:03","date_gmt":"2025-09-24T19:58:03","guid":{"rendered":"https:\/\/modest-napier.216-250-124-103.plesk.page\/index.php\/producto\/tab-vitamina-c-c-120-vidanat\/"},"modified":"2025-09-24T20:44:03","modified_gmt":"2025-09-24T20:44:03","slug":"tab-vitamina-c-c-120-vidanat","status":"publish","type":"product","link":"https:\/\/modest-napier.216-250-124-103.plesk.page\/index.php\/producto\/tab-vitamina-c-c-120-vidanat\/","title":{"rendered":"Vitamina C 120 tabletas Vidanat"},"content":{"rendered":"<p><meta charset=\"utf-8\"><\/p>\n<p><span data-sheets-value='{\"1\":2,\"2\":\"Descripci\u00f3n:nNos brinda propiedades para fortalecer el sistema inmunol\u00f3gico de nuestro organismo ayudando a prevenir las infecciones de v\u00edas respiratorias..nModo de uso:nnTomar dos tableta al dia. nnContenido:nn120 Tabletas\"}' data-sheets-userformat='{\"2\":14913,\"3\":{\"1\":0},\"9\":1,\"12\":0,\"14\":{\"1\":2,\"2\":2173750},\"15\":\"Arial\",\"16\":9}'><strong>Descripci\u00f3n:<\/strong><\/span><\/p>\n<p><span data-sheets-value='{\"1\":2,\"2\":\"Descripci\u00f3n:nNos brinda propiedades para fortalecer el sistema inmunol\u00f3gico de nuestro organismo ayudando a prevenir las infecciones de v\u00edas respiratorias..nModo de uso:nnTomar dos tableta al dia. nnContenido:nn120 Tabletas\"}' data-sheets-userformat='{\"2\":14913,\"3\":{\"1\":0},\"9\":1,\"12\":0,\"14\":{\"1\":2,\"2\":2173750},\"15\":\"Arial\",\"16\":9}'><strong>\u00a0<\/strong><\/span><span data-sheets-value='{\"1\":2,\"2\":\"Descripci\u00f3n:nNos brinda propiedades para fortalecer el sistema inmunol\u00f3gico de nuestro organismo ayudando a prevenir las infecciones de v\u00edas respiratorias..nModo de uso:nnTomar dos tableta al dia. nnContenido:nn120 Tabletas\"}' data-sheets-userformat='{\"2\":14913,\"3\":{\"1\":0},\"9\":1,\"12\":0,\"14\":{\"1\":2,\"2\":2173750},\"15\":\"Arial\",\"16\":9}'>Nos brinda propiedades para fortalecer el sistema inmunol\u00f3gico de nuestro organismo, ayudando a prevenir las infecciones de v\u00edas respiratorias.<\/span><\/p>\n<p><span data-sheets-value='{\"1\":2,\"2\":\"Descripci\u00f3n:nNos brinda propiedades para fortalecer el sistema inmunol\u00f3gico de nuestro organismo ayudando a prevenir las infecciones de v\u00edas respiratorias..nModo de uso:nnTomar dos tableta al dia. nnContenido:nn120 Tabletas\"}' data-sheets-userformat='{\"2\":14913,\"3\":{\"1\":0},\"9\":1,\"12\":0,\"14\":{\"1\":2,\"2\":2173750},\"15\":\"Arial\",\"16\":9}'><strong>Modo de uso:\u00a0<\/strong><\/span><\/p>\n<p><span data-sheets-value='{\"1\":2,\"2\":\"Descripci\u00f3n:nNos brinda propiedades para fortalecer el sistema inmunol\u00f3gico de nuestro organismo ayudando a prevenir las infecciones de v\u00edas respiratorias..nModo de uso:nnTomar dos tableta al dia. nnContenido:nn120 Tabletas\"}' data-sheets-userformat='{\"2\":14913,\"3\":{\"1\":0},\"9\":1,\"12\":0,\"14\":{\"1\":2,\"2\":2173750},\"15\":\"Arial\",\"16\":9}'>Tomar dos tabletas al d\u00eda.<\/p>\n<p><strong>Contenido:\u00a0<\/strong><\/span><\/p>\n<p><span data-sheets-value='{\"1\":2,\"2\":\"Descripci\u00f3n:nNos brinda propiedades para fortalecer el sistema inmunol\u00f3gico de nuestro organismo ayudando a prevenir las infecciones de v\u00edas respiratorias..nModo de uso:nnTomar dos tableta al dia. nnContenido:nn120 Tabletas\"}' data-sheets-userformat='{\"2\":14913,\"3\":{\"1\":0},\"9\":1,\"12\":0,\"14\":{\"1\":2,\"2\":2173750},\"15\":\"Arial\",\"16\":9}'>120 Tabletas<\/span><\/p>\n","protected":false},"excerpt":{"rendered":"<p>Descripci\u00f3n: \u00a0Nos brinda propiedades para fortalecer el sistema inmunol\u00f3gico de nuestro organismo, ayudando a prevenir las infecciones de v\u00edas respiratorias. Modo de uso:\u00a0 Tomar dos tabletas al d\u00eda. Contenido:\u00a0 120 [&hellip;]<\/p>\n","protected":false},"featured_media":2794,"comment_status":"open","ping_status":"closed","template":"","meta":[],"product_brand":[354],"product_cat":[308,337,318,335],"product_tag":[107],"class_list":{"0":"post-6218","1":"product","2":"type-product","3":"status-publish","4":"has-post-thumbnail","6":"product_brand-vidanat","7":"product_cat-nutricion","8":"product_cat-productos","9":"product_cat-salud","10":"product_cat-vitaminas-y-minerales","11":"product_tag-shoptok","13":"first","14":"instock","15":"shipping-taxable","16":"purchasable","17":"product-type-simple"},"_links":{"self":[{"href":"https:\/\/modest-napier.216-250-124-103.plesk.page\/index.php\/wp-json\/wp\/v2\/product\/6218","targetHints":{"allow":["GET"]}}],"collection":[{"href":"https:\/\/modest-napier.216-250-124-103.plesk.page\/index.php\/wp-json\/wp\/v2\/product"}],"about":[{"href":"https:\/\/modest-napier.216-250-124-103.plesk.page\/index.php\/wp-json\/wp\/v2\/types\/product"}],"replies":[{"embeddable":true,"href":"https:\/\/modest-napier.216-250-124-103.plesk.page\/index.php\/wp-json\/wp\/v2\/comments?post=6218"}],"wp:featuredmedia":[{"embeddable":true,"href":"https:\/\/modest-napier.216-250-124-103.plesk.page\/index.php\/wp-json\/wp\/v2\/media\/2794"}],"wp:attachment":[{"href":"https:\/\/modest-napier.216-250-124-103.plesk.page\/index.php\/wp-json\/wp\/v2\/media?parent=6218"}],"wp:term":[{"taxonomy":"product_brand","embeddable":true,"href":"https:\/\/modest-napier.216-250-124-103.plesk.page\/index.php\/wp-json\/wp\/v2\/product_brand?post=6218"},{"taxonomy":"product_cat","embeddable":true,"href":"https:\/\/modest-napier.216-250-124-103.plesk.page\/index.php\/wp-json\/wp\/v2\/product_cat?post=6218"},{"taxonomy":"product_tag","embeddable":true,"href":"https:\/\/modest-napier.216-250-124-103.plesk.page\/index.php\/wp-json\/wp\/v2\/product_tag?post=6218"}],"curies":[{"name":"wp","href":"https:\/\/api.w.org\/{rel}","templated":true}]}}