{"id":6228,"date":"2025-09-24T19:58:18","date_gmt":"2025-09-24T19:58:18","guid":{"rendered":"https:\/\/modest-napier.216-250-124-103.plesk.page\/index.php\/producto\/tabletas-ortiga-mas-ajo-rey-azul-extra-forte-azul-c-30-y-c-60\/"},"modified":"2025-09-24T20:46:12","modified_gmt":"2025-09-24T20:46:12","slug":"tab-ortiga-ajo-rey-azul-extra-forte-c-90","status":"publish","type":"product","link":"https:\/\/modest-napier.216-250-124-103.plesk.page\/index.php\/producto\/tab-ortiga-ajo-rey-azul-extra-forte-c-90\/","title":{"rendered":"Ortiga M\u00e1s Ajo Rey Extra Forte en M\u00e9xico"},"content":{"rendered":"<p data-mce-fragment=\"1\">La f\u00f3rmula original de <strong>Ortiga m\u00e1s Ajo Rey Extra Forte<\/strong>, enriquecida con cart\u00edlago de tibur\u00f3n, provee de a<span data-mce-fragment=\"1\">livio de los dolores de articulaciones, <\/span><span data-mce-fragment=\"1\">reumatoides, por arteriosclerosis, \u00e1cido \u00farico, dolor de artritis, osteoartritis, ci\u00e1tica, gota y reumas. Es \u00fatil como antiinflamatorio. <\/span><span data-mce-fragment=\"1\">Los ingredientes clave en estas tabletas y c\u00e1psulas incluyen ortiga, ajo rey, cart\u00edlago de tibur\u00f3n, glucosamina, condroitina y muchos otros, todos seleccionados cuidadosamente para su eficacia en el alivio del dolor y la inflamaci\u00f3n articular.\u00a0<\/span><\/p>\n","protected":false},"excerpt":{"rendered":"<p>La f\u00f3rmula original de Ortiga m\u00e1s Ajo Rey Extra Forte, enriquecida con cart\u00edlago de tibur\u00f3n, provee de alivio de los dolores de articulaciones, reumatoides, por arteriosclerosis, \u00e1cido \u00farico, dolor de [&hellip;]<\/p>\n","protected":false},"featured_media":2805,"comment_status":"open","ping_status":"closed","template":"","meta":[],"product_brand":[343],"product_cat":[297,312,337,318],"product_tag":[108,194,91,92,203,266,204,93,62],"class_list":{"0":"post-6228","1":"product","2":"type-product","3":"status-publish","4":"has-post-thumbnail","6":"product_brand-grupo-medinatvid","7":"product_cat-dolor-en-articulaciones","8":"product_cat-populares","9":"product_cat-productos","10":"product_cat-salud","11":"product_tag-ajo","12":"product_tag-cartilago-de-tiburon","13":"product_tag-condroitina","14":"product_tag-glucosamina","15":"product_tag-grenetina","16":"product_tag-matarique","17":"product_tag-msm","18":"product_tag-ortiga","19":"product_tag-semilla-de-uva","21":"first","22":"instock","23":"shipping-taxable","24":"purchasable","25":"product-type-simple"},"_links":{"self":[{"href":"https:\/\/modest-napier.216-250-124-103.plesk.page\/index.php\/wp-json\/wp\/v2\/product\/6228","targetHints":{"allow":["GET"]}}],"collection":[{"href":"https:\/\/modest-napier.216-250-124-103.plesk.page\/index.php\/wp-json\/wp\/v2\/product"}],"about":[{"href":"https:\/\/modest-napier.216-250-124-103.plesk.page\/index.php\/wp-json\/wp\/v2\/types\/product"}],"replies":[{"embeddable":true,"href":"https:\/\/modest-napier.216-250-124-103.plesk.page\/index.php\/wp-json\/wp\/v2\/comments?post=6228"}],"wp:featuredmedia":[{"embeddable":true,"href":"https:\/\/modest-napier.216-250-124-103.plesk.page\/index.php\/wp-json\/wp\/v2\/media\/2805"}],"wp:attachment":[{"href":"https:\/\/modest-napier.216-250-124-103.plesk.page\/index.php\/wp-json\/wp\/v2\/media?parent=6228"}],"wp:term":[{"taxonomy":"product_brand","embeddable":true,"href":"https:\/\/modest-napier.216-250-124-103.plesk.page\/index.php\/wp-json\/wp\/v2\/product_brand?post=6228"},{"taxonomy":"product_cat","embeddable":true,"href":"https:\/\/modest-napier.216-250-124-103.plesk.page\/index.php\/wp-json\/wp\/v2\/product_cat?post=6228"},{"taxonomy":"product_tag","embeddable":true,"href":"https:\/\/modest-napier.216-250-124-103.plesk.page\/index.php\/wp-json\/wp\/v2\/product_tag?post=6228"}],"curies":[{"name":"wp","href":"https:\/\/api.w.org\/{rel}","templated":true}]}}