{"id":6231,"date":"2025-09-24T19:58:23","date_gmt":"2025-09-24T19:58:23","guid":{"rendered":"https:\/\/modest-napier.216-250-124-103.plesk.page\/index.php\/producto\/te-7-azahares-bolsita\/"},"modified":"2025-09-24T20:43:42","modified_gmt":"2025-09-24T20:43:42","slug":"te-7-azahares","status":"publish","type":"product","link":"https:\/\/modest-napier.216-250-124-103.plesk.page\/index.php\/producto\/te-7-azahares\/","title":{"rendered":"T\u00e9 de 7 azahares Infusi\u00f3n"},"content":{"rendered":"<p><strong>Descripci\u00f3n:<\/strong><br \/>Con sus propiedades relajantes y sedantes, se utiliza para combatir el insomnio, tensiones nerviosas, depresi\u00f3n, histeria y palpitaciones.<\/p>\n<p><strong>Modo de uso:<\/strong><br \/>Una cucharada cafetera en un cuarto de agua hasta que hierva y tomar 3 veces al dia.<\/p>\n<p><strong>Contenido:<\/strong><br \/> 100 gr.<\/p>\n","protected":false},"excerpt":{"rendered":"<p>Descripci\u00f3n:Con sus propiedades relajantes y sedantes, se utiliza para combatir el insomnio, tensiones nerviosas, depresi\u00f3n, histeria y palpitaciones. Modo de uso:Una cucharada cafetera en un cuarto de agua hasta que [&hellip;]<\/p>\n","protected":false},"featured_media":2809,"comment_status":"open","ping_status":"closed","template":"","meta":[],"product_brand":[423],"product_cat":[337,318],"product_tag":[250],"class_list":{"0":"post-6231","1":"product","2":"type-product","3":"status-publish","4":"has-post-thumbnail","6":"product_brand-realex","7":"product_cat-productos","8":"product_cat-salud","9":"product_tag-azahares","11":"first","12":"instock","13":"shipping-taxable","14":"purchasable","15":"product-type-simple"},"_links":{"self":[{"href":"https:\/\/modest-napier.216-250-124-103.plesk.page\/index.php\/wp-json\/wp\/v2\/product\/6231","targetHints":{"allow":["GET"]}}],"collection":[{"href":"https:\/\/modest-napier.216-250-124-103.plesk.page\/index.php\/wp-json\/wp\/v2\/product"}],"about":[{"href":"https:\/\/modest-napier.216-250-124-103.plesk.page\/index.php\/wp-json\/wp\/v2\/types\/product"}],"replies":[{"embeddable":true,"href":"https:\/\/modest-napier.216-250-124-103.plesk.page\/index.php\/wp-json\/wp\/v2\/comments?post=6231"}],"wp:featuredmedia":[{"embeddable":true,"href":"https:\/\/modest-napier.216-250-124-103.plesk.page\/index.php\/wp-json\/wp\/v2\/media\/2809"}],"wp:attachment":[{"href":"https:\/\/modest-napier.216-250-124-103.plesk.page\/index.php\/wp-json\/wp\/v2\/media?parent=6231"}],"wp:term":[{"taxonomy":"product_brand","embeddable":true,"href":"https:\/\/modest-napier.216-250-124-103.plesk.page\/index.php\/wp-json\/wp\/v2\/product_brand?post=6231"},{"taxonomy":"product_cat","embeddable":true,"href":"https:\/\/modest-napier.216-250-124-103.plesk.page\/index.php\/wp-json\/wp\/v2\/product_cat?post=6231"},{"taxonomy":"product_tag","embeddable":true,"href":"https:\/\/modest-napier.216-250-124-103.plesk.page\/index.php\/wp-json\/wp\/v2\/product_tag?post=6231"}],"curies":[{"name":"wp","href":"https:\/\/api.w.org\/{rel}","templated":true}]}}