{"id":6234,"date":"2025-09-24T19:58:26","date_gmt":"2025-09-24T19:58:26","guid":{"rendered":"https:\/\/modest-napier.216-250-124-103.plesk.page\/index.php\/producto\/te-alcachofa-c-30-sobres-gnvida\/"},"modified":"2025-09-24T20:47:02","modified_gmt":"2025-09-24T20:47:02","slug":"te-alcachofa-c-30-sobres-gn-vida","status":"publish","type":"product","link":"https:\/\/modest-napier.216-250-124-103.plesk.page\/index.php\/producto\/te-alcachofa-c-30-sobres-gn-vida\/","title":{"rendered":"T\u00e9 de Alcachofa 30 sobres GN+Vida"},"content":{"rendered":"<p data-mce-fragment=\"1\"><strong data-mce-fragment=\"1\">Descripci\u00f3n:<\/strong><\/p>\n<p data-mce-fragment=\"1\"><span>Es diur\u00e9tico, mejora la funci\u00f3n renal, ayuda a eliminar las toxinas y evita la retenci\u00f3n de l\u00edquidos en el cuerpo, por lo que act\u00faa como un laxante natural que puede acelerar la p\u00e9rdida de peso.<\/span><\/p>\n<p data-mce-fragment=\"1\"><span data-mce-fragment=\"1\"><\/span><span data-mce-fragment=\"1\"><\/span><span data-mce-fragment=\"1\"><\/span><span data-mce-fragment=\"1\"><\/span><strong data-mce-fragment=\"1\">Modo de uso:<\/strong><\/p>\n<p data-mce-fragment=\"1\"><span data-mce-fragment=\"1\">Tomar 1 sobre al d\u00eda.<\/span><\/p>\n<p data-mce-fragment=\"1\"><span class=\"ILfuVd\" data-mce-fragment=\"1\"><span class=\"hgKElc\" data-mce-fragment=\"1\"><\/span><\/span><span data-mce-fragment=\"1\"><\/span><span data-mce-fragment=\"1\"><\/span><strong data-mce-fragment=\"1\">Contenido:<\/strong><\/p>\n<p data-mce-fragment=\"1\">30 sobres de 3g c\/u<\/p>\n","protected":false},"excerpt":{"rendered":"<p>Descripci\u00f3n: Es diur\u00e9tico, mejora la funci\u00f3n renal, ayuda a eliminar las toxinas y evita la retenci\u00f3n de l\u00edquidos en el cuerpo, por lo que act\u00faa como un laxante natural que [&hellip;]<\/p>\n","protected":false},"featured_media":2812,"comment_status":"open","ping_status":"closed","template":"","meta":[],"product_brand":[353],"product_cat":[287,337,333],"product_tag":[110],"class_list":{"0":"post-6234","1":"product","2":"type-product","3":"status-publish","4":"has-post-thumbnail","6":"product_brand-gn-vida","7":"product_cat-baja-de-peso","8":"product_cat-productos","9":"product_cat-tes-para-bajar-de-peso","10":"product_tag-alcachofa","12":"first","13":"instock","14":"shipping-taxable","15":"purchasable","16":"product-type-simple"},"_links":{"self":[{"href":"https:\/\/modest-napier.216-250-124-103.plesk.page\/index.php\/wp-json\/wp\/v2\/product\/6234","targetHints":{"allow":["GET"]}}],"collection":[{"href":"https:\/\/modest-napier.216-250-124-103.plesk.page\/index.php\/wp-json\/wp\/v2\/product"}],"about":[{"href":"https:\/\/modest-napier.216-250-124-103.plesk.page\/index.php\/wp-json\/wp\/v2\/types\/product"}],"replies":[{"embeddable":true,"href":"https:\/\/modest-napier.216-250-124-103.plesk.page\/index.php\/wp-json\/wp\/v2\/comments?post=6234"}],"wp:featuredmedia":[{"embeddable":true,"href":"https:\/\/modest-napier.216-250-124-103.plesk.page\/index.php\/wp-json\/wp\/v2\/media\/2812"}],"wp:attachment":[{"href":"https:\/\/modest-napier.216-250-124-103.plesk.page\/index.php\/wp-json\/wp\/v2\/media?parent=6234"}],"wp:term":[{"taxonomy":"product_brand","embeddable":true,"href":"https:\/\/modest-napier.216-250-124-103.plesk.page\/index.php\/wp-json\/wp\/v2\/product_brand?post=6234"},{"taxonomy":"product_cat","embeddable":true,"href":"https:\/\/modest-napier.216-250-124-103.plesk.page\/index.php\/wp-json\/wp\/v2\/product_cat?post=6234"},{"taxonomy":"product_tag","embeddable":true,"href":"https:\/\/modest-napier.216-250-124-103.plesk.page\/index.php\/wp-json\/wp\/v2\/product_tag?post=6234"}],"curies":[{"name":"wp","href":"https:\/\/api.w.org\/{rel}","templated":true}]}}