{"id":6238,"date":"2025-09-24T19:58:32","date_gmt":"2025-09-24T19:58:32","guid":{"rendered":"https:\/\/modest-napier.216-250-124-103.plesk.page\/index.php\/producto\/te-body-slim-c-36-sobres-natural-healt\/"},"modified":"2025-09-24T20:47:01","modified_gmt":"2025-09-24T20:47:01","slug":"te-body-slim-c-36-sobres-natural-healt","status":"publish","type":"product","link":"https:\/\/modest-napier.216-250-124-103.plesk.page\/index.php\/producto\/te-body-slim-c-36-sobres-natural-healt\/","title":{"rendered":"T\u00e9 Body Slim 36 sobres Natural Health"},"content":{"rendered":"<p>El T\u00e9 Body Slim es una bebida naturalmente baja en calor\u00edas, libre de grasas y sodio, arom\u00e1tica y reconfortante que se obtiene de la infusi\u00f3n de las hojas de la planta Camellia sinensis. Esta planta se ha cultivado y utilizado durante siglos debido a sus m\u00faltiples beneficios para la salud. Puede ayudar en los esfuerzos de control de peso, ya que se ha demostrado que aumenta el metabolismo y la oxidaci\u00f3n de las grasas. Adem\u00e1s, puede ayudar a satisfacer el apetito y reducir la ingesta cal\u00f3rica.<span><\/span><\/p>\n","protected":false},"excerpt":{"rendered":"<p>El T\u00e9 Body Slim es una bebida naturalmente baja en calor\u00edas, libre de grasas y sodio, arom\u00e1tica y reconfortante que se obtiene de la infusi\u00f3n de las hojas de la [&hellip;]<\/p>\n","protected":false},"featured_media":2816,"comment_status":"open","ping_status":"closed","template":"","meta":[],"product_brand":[460],"product_cat":[287,337],"product_tag":[],"class_list":{"0":"post-6238","1":"product","2":"type-product","3":"status-publish","4":"has-post-thumbnail","6":"product_brand-natural-health","7":"product_cat-baja-de-peso","8":"product_cat-productos","10":"first","11":"instock","12":"shipping-taxable","13":"purchasable","14":"product-type-simple"},"_links":{"self":[{"href":"https:\/\/modest-napier.216-250-124-103.plesk.page\/index.php\/wp-json\/wp\/v2\/product\/6238","targetHints":{"allow":["GET"]}}],"collection":[{"href":"https:\/\/modest-napier.216-250-124-103.plesk.page\/index.php\/wp-json\/wp\/v2\/product"}],"about":[{"href":"https:\/\/modest-napier.216-250-124-103.plesk.page\/index.php\/wp-json\/wp\/v2\/types\/product"}],"replies":[{"embeddable":true,"href":"https:\/\/modest-napier.216-250-124-103.plesk.page\/index.php\/wp-json\/wp\/v2\/comments?post=6238"}],"wp:featuredmedia":[{"embeddable":true,"href":"https:\/\/modest-napier.216-250-124-103.plesk.page\/index.php\/wp-json\/wp\/v2\/media\/2816"}],"wp:attachment":[{"href":"https:\/\/modest-napier.216-250-124-103.plesk.page\/index.php\/wp-json\/wp\/v2\/media?parent=6238"}],"wp:term":[{"taxonomy":"product_brand","embeddable":true,"href":"https:\/\/modest-napier.216-250-124-103.plesk.page\/index.php\/wp-json\/wp\/v2\/product_brand?post=6238"},{"taxonomy":"product_cat","embeddable":true,"href":"https:\/\/modest-napier.216-250-124-103.plesk.page\/index.php\/wp-json\/wp\/v2\/product_cat?post=6238"},{"taxonomy":"product_tag","embeddable":true,"href":"https:\/\/modest-napier.216-250-124-103.plesk.page\/index.php\/wp-json\/wp\/v2\/product_tag?post=6238"}],"curies":[{"name":"wp","href":"https:\/\/api.w.org\/{rel}","templated":true}]}}