{"id":6239,"date":"2025-09-24T19:58:33","date_gmt":"2025-09-24T19:58:33","guid":{"rendered":"https:\/\/modest-napier.216-250-124-103.plesk.page\/index.php\/producto\/te-chupa-grass-c-30-sobres-gn-vida\/"},"modified":"2025-09-24T20:47:01","modified_gmt":"2025-09-24T20:47:01","slug":"te-chupa-grass-c-30-sobres-gn-vida","status":"publish","type":"product","link":"https:\/\/modest-napier.216-250-124-103.plesk.page\/index.php\/producto\/te-chupa-grass-c-30-sobres-gn-vida\/","title":{"rendered":"T\u00e9 Chupa Grass Jengibre 30 sobres GN+Vida"},"content":{"rendered":"<p><strong>Descripci\u00f3n:<\/strong><\/p>\n<p>El te chupa grass ayuda a desintoxicar y acelera el metabolismo, es antiflamatorio, mejora la circulaci\u00f3n, tambien ayuda a bajar el nivel de estr\u00e9s y ayuda a regular el azucar en la sangre.<\/p>\n<p><strong>Modo de uso:<\/strong><\/p>\n<p><span>Tomar 1 sobre al d\u00eda.<\/span><\/p>\n<p><span class=\"ILfuVd\"><span class=\"hgKElc\"><\/span><\/span><span><\/span><span><\/span><strong>Contenido:<\/strong><\/p>\n<p>30 sobres con 3g c\/u.<\/p>\n","protected":false},"excerpt":{"rendered":"<p>Descripci\u00f3n: El te chupa grass ayuda a desintoxicar y acelera el metabolismo, es antiflamatorio, mejora la circulaci\u00f3n, tambien ayuda a bajar el nivel de estr\u00e9s y ayuda a regular el [&hellip;]<\/p>\n","protected":false},"featured_media":2817,"comment_status":"open","ping_status":"closed","template":"","meta":[],"product_brand":[353],"product_cat":[287,337,333],"product_tag":[],"class_list":{"0":"post-6239","1":"product","2":"type-product","3":"status-publish","4":"has-post-thumbnail","6":"product_brand-gn-vida","7":"product_cat-baja-de-peso","8":"product_cat-productos","9":"product_cat-tes-para-bajar-de-peso","11":"first","12":"instock","13":"shipping-taxable","14":"purchasable","15":"product-type-simple"},"_links":{"self":[{"href":"https:\/\/modest-napier.216-250-124-103.plesk.page\/index.php\/wp-json\/wp\/v2\/product\/6239","targetHints":{"allow":["GET"]}}],"collection":[{"href":"https:\/\/modest-napier.216-250-124-103.plesk.page\/index.php\/wp-json\/wp\/v2\/product"}],"about":[{"href":"https:\/\/modest-napier.216-250-124-103.plesk.page\/index.php\/wp-json\/wp\/v2\/types\/product"}],"replies":[{"embeddable":true,"href":"https:\/\/modest-napier.216-250-124-103.plesk.page\/index.php\/wp-json\/wp\/v2\/comments?post=6239"}],"wp:featuredmedia":[{"embeddable":true,"href":"https:\/\/modest-napier.216-250-124-103.plesk.page\/index.php\/wp-json\/wp\/v2\/media\/2817"}],"wp:attachment":[{"href":"https:\/\/modest-napier.216-250-124-103.plesk.page\/index.php\/wp-json\/wp\/v2\/media?parent=6239"}],"wp:term":[{"taxonomy":"product_brand","embeddable":true,"href":"https:\/\/modest-napier.216-250-124-103.plesk.page\/index.php\/wp-json\/wp\/v2\/product_brand?post=6239"},{"taxonomy":"product_cat","embeddable":true,"href":"https:\/\/modest-napier.216-250-124-103.plesk.page\/index.php\/wp-json\/wp\/v2\/product_cat?post=6239"},{"taxonomy":"product_tag","embeddable":true,"href":"https:\/\/modest-napier.216-250-124-103.plesk.page\/index.php\/wp-json\/wp\/v2\/product_tag?post=6239"}],"curies":[{"name":"wp","href":"https:\/\/api.w.org\/{rel}","templated":true}]}}