{"id":6241,"date":"2025-09-24T19:58:37","date_gmt":"2025-09-24T19:58:37","guid":{"rendered":"https:\/\/modest-napier.216-250-124-103.plesk.page\/index.php\/producto\/te-curcuma-y-jengibre-c-25-sobres-therbal\/"},"modified":"2025-09-24T20:43:39","modified_gmt":"2025-09-24T20:43:39","slug":"te-curcuma-y-jengibre","status":"publish","type":"product","link":"https:\/\/modest-napier.216-250-124-103.plesk.page\/index.php\/producto\/te-curcuma-y-jengibre\/","title":{"rendered":"T\u00e9 de C\u00farcuma y Jengibre 25 sobres Therbal"},"content":{"rendered":"<p><strong>Descripci\u00f3n:<\/strong><br data-mce-fragment=\"1\">Ayuda al buen funcionamiento del sistema digestivo, auxiliar como tratamiento para la gastritis, inflamaci\u00f3n, elimina toxinas, contra la retenci\u00f3n de l\u00edquidos, acelera el metabolismo y promueve la p\u00e9rdida de peso.<\/p>\n<p>Estimula la circulaci\u00f3n, ayuda al sistema cardiovascular, reduce la az\u00facar en la sangre y el colesterol.\u00a0<\/p>\n<p><strong>Modo de uso:<\/strong><br data-mce-fragment=\"1\">En una taza colocar una bolsita de t\u00e9\u00a0y agregar agua hirviendo, dejar reposar, beber una taza, una a dos veces al d\u00eda.<\/p>\n<p><strong>Contenido:<\/strong><br data-mce-fragment=\"1\"> 25 sobres.<\/p>\n","protected":false},"excerpt":{"rendered":"<p>Descripci\u00f3n:Ayuda al buen funcionamiento del sistema digestivo, auxiliar como tratamiento para la gastritis, inflamaci\u00f3n, elimina toxinas, contra la retenci\u00f3n de l\u00edquidos, acelera el metabolismo y promueve la p\u00e9rdida de peso. [&hellip;]<\/p>\n","protected":false},"featured_media":2819,"comment_status":"open","ping_status":"closed","template":"","meta":[],"product_brand":[349],"product_cat":[337,318],"product_tag":[151,136],"class_list":{"0":"post-6241","1":"product","2":"type-product","3":"status-publish","4":"has-post-thumbnail","6":"product_brand-therbal","7":"product_cat-productos","8":"product_cat-salud","9":"product_tag-curcuma","10":"product_tag-jengibre","12":"first","13":"instock","14":"shipping-taxable","15":"purchasable","16":"product-type-simple"},"_links":{"self":[{"href":"https:\/\/modest-napier.216-250-124-103.plesk.page\/index.php\/wp-json\/wp\/v2\/product\/6241","targetHints":{"allow":["GET"]}}],"collection":[{"href":"https:\/\/modest-napier.216-250-124-103.plesk.page\/index.php\/wp-json\/wp\/v2\/product"}],"about":[{"href":"https:\/\/modest-napier.216-250-124-103.plesk.page\/index.php\/wp-json\/wp\/v2\/types\/product"}],"replies":[{"embeddable":true,"href":"https:\/\/modest-napier.216-250-124-103.plesk.page\/index.php\/wp-json\/wp\/v2\/comments?post=6241"}],"wp:featuredmedia":[{"embeddable":true,"href":"https:\/\/modest-napier.216-250-124-103.plesk.page\/index.php\/wp-json\/wp\/v2\/media\/2819"}],"wp:attachment":[{"href":"https:\/\/modest-napier.216-250-124-103.plesk.page\/index.php\/wp-json\/wp\/v2\/media?parent=6241"}],"wp:term":[{"taxonomy":"product_brand","embeddable":true,"href":"https:\/\/modest-napier.216-250-124-103.plesk.page\/index.php\/wp-json\/wp\/v2\/product_brand?post=6241"},{"taxonomy":"product_cat","embeddable":true,"href":"https:\/\/modest-napier.216-250-124-103.plesk.page\/index.php\/wp-json\/wp\/v2\/product_cat?post=6241"},{"taxonomy":"product_tag","embeddable":true,"href":"https:\/\/modest-napier.216-250-124-103.plesk.page\/index.php\/wp-json\/wp\/v2\/product_tag?post=6241"}],"curies":[{"name":"wp","href":"https:\/\/api.w.org\/{rel}","templated":true}]}}