{"id":6244,"date":"2025-09-24T19:58:41","date_gmt":"2025-09-24T19:58:41","guid":{"rendered":"https:\/\/modest-napier.216-250-124-103.plesk.page\/index.php\/producto\/te-de-12-doce-flores-c-25-sobres-la-pastora\/"},"modified":"2025-09-24T20:43:31","modified_gmt":"2025-09-24T20:43:31","slug":"te-12-flores-la-pastora","status":"publish","type":"product","link":"https:\/\/modest-napier.216-250-124-103.plesk.page\/index.php\/producto\/te-12-flores-la-pastora\/","title":{"rendered":"T\u00e9 de 12 Flores 25 sobres La Pastora"},"content":{"rendered":"<p><strong>Descripci\u00f3n:<\/strong><br \/>Con sus propiedades relajantes y sedantes, el <strong>t\u00e9 de 12 flores<\/strong> se utiliza para combatir el insomnio, tensiones nerviosas, depresi\u00f3n, histeria y palpitaciones.<\/p>\n<p><strong>Modo de uso:<\/strong><br \/>Hierva la cantidad necesaria de agua seg\u00fan las tazas que quiera servir. Vierta agua caliente y agregue una bolsita de t\u00e9.<\/p>\n<p><strong>Contenido:<\/strong><br \/>25 sobres.<\/p>\n","protected":false},"excerpt":{"rendered":"<p>Descripci\u00f3n:Con sus propiedades relajantes y sedantes, el t\u00e9 de 12 flores se utiliza para combatir el insomnio, tensiones nerviosas, depresi\u00f3n, histeria y palpitaciones. Modo de uso:Hierva la cantidad necesaria de [&hellip;]<\/p>\n","protected":false},"featured_media":2822,"comment_status":"open","ping_status":"closed","template":"","meta":[],"product_brand":[447],"product_cat":[337,318],"product_tag":[250],"class_list":{"0":"post-6244","1":"product","2":"type-product","3":"status-publish","4":"has-post-thumbnail","6":"product_brand-la-pastora","7":"product_cat-productos","8":"product_cat-salud","9":"product_tag-azahares","11":"first","12":"instock","13":"shipping-taxable","14":"purchasable","15":"product-type-simple"},"_links":{"self":[{"href":"https:\/\/modest-napier.216-250-124-103.plesk.page\/index.php\/wp-json\/wp\/v2\/product\/6244","targetHints":{"allow":["GET"]}}],"collection":[{"href":"https:\/\/modest-napier.216-250-124-103.plesk.page\/index.php\/wp-json\/wp\/v2\/product"}],"about":[{"href":"https:\/\/modest-napier.216-250-124-103.plesk.page\/index.php\/wp-json\/wp\/v2\/types\/product"}],"replies":[{"embeddable":true,"href":"https:\/\/modest-napier.216-250-124-103.plesk.page\/index.php\/wp-json\/wp\/v2\/comments?post=6244"}],"wp:featuredmedia":[{"embeddable":true,"href":"https:\/\/modest-napier.216-250-124-103.plesk.page\/index.php\/wp-json\/wp\/v2\/media\/2822"}],"wp:attachment":[{"href":"https:\/\/modest-napier.216-250-124-103.plesk.page\/index.php\/wp-json\/wp\/v2\/media?parent=6244"}],"wp:term":[{"taxonomy":"product_brand","embeddable":true,"href":"https:\/\/modest-napier.216-250-124-103.plesk.page\/index.php\/wp-json\/wp\/v2\/product_brand?post=6244"},{"taxonomy":"product_cat","embeddable":true,"href":"https:\/\/modest-napier.216-250-124-103.plesk.page\/index.php\/wp-json\/wp\/v2\/product_cat?post=6244"},{"taxonomy":"product_tag","embeddable":true,"href":"https:\/\/modest-napier.216-250-124-103.plesk.page\/index.php\/wp-json\/wp\/v2\/product_tag?post=6244"}],"curies":[{"name":"wp","href":"https:\/\/api.w.org\/{rel}","templated":true}]}}