{"id":6249,"date":"2025-09-24T19:58:47","date_gmt":"2025-09-24T19:58:47","guid":{"rendered":"https:\/\/modest-napier.216-250-124-103.plesk.page\/index.php\/producto\/te-de-cola-de-caballo-c-25-malabar\/"},"modified":"2025-09-24T20:45:40","modified_gmt":"2025-09-24T20:45:40","slug":"te-de-cola-de-caballo-c-25-malabar","status":"publish","type":"product","link":"https:\/\/modest-napier.216-250-124-103.plesk.page\/index.php\/producto\/te-de-cola-de-caballo-c-25-malabar\/","title":{"rendered":"T\u00e9 de Cola de Caballo 25 sobres Malabar"},"content":{"rendered":"<p><strong>Descripci\u00f3n:<\/strong><br \/>Esta infusi\u00f3n herbal tiene propiedades antiinflamatorias, diur\u00e9ticas, antioxidantes y antimicrobianas. Te ayuda a combatir la retenci\u00f3n de l\u00edquidos y es auxiliar en la p\u00e9rdida de peso, tambi\u00e9n fortalece u\u00f1as, cabello y ayuda a la cicatrizaci\u00f3n.<\/p>\n<p><strong>Modo de uso:<\/strong><br \/>En una taza colocar una bolsita de te y agregar agua hirviendo, dejar reposar, endulzar al gusto. Tomar de 1 a 2 tazas de te al d\u00eda\u00a0como agua de uso.<\/p>\n<p><strong>Contenido:<\/strong><br \/>25 sobres con 1g c\/u.<\/p>\n","protected":false},"excerpt":{"rendered":"<p>Descripci\u00f3n:Esta infusi\u00f3n herbal tiene propiedades antiinflamatorias, diur\u00e9ticas, antioxidantes y antimicrobianas. Te ayuda a combatir la retenci\u00f3n de l\u00edquidos y es auxiliar en la p\u00e9rdida de peso, tambi\u00e9n fortalece u\u00f1as, cabello [&hellip;]<\/p>\n","protected":false},"featured_media":2827,"comment_status":"open","ping_status":"closed","template":"","meta":[],"product_brand":[568],"product_cat":[337,318,332],"product_tag":[144],"class_list":{"0":"post-6249","1":"product","2":"type-product","3":"status-publish","4":"has-post-thumbnail","6":"product_brand-malabar","7":"product_cat-productos","8":"product_cat-salud","9":"product_cat-tes-e-infusiones","10":"product_tag-cola-de-caballo","12":"first","13":"instock","14":"shipping-taxable","15":"purchasable","16":"product-type-simple"},"_links":{"self":[{"href":"https:\/\/modest-napier.216-250-124-103.plesk.page\/index.php\/wp-json\/wp\/v2\/product\/6249","targetHints":{"allow":["GET"]}}],"collection":[{"href":"https:\/\/modest-napier.216-250-124-103.plesk.page\/index.php\/wp-json\/wp\/v2\/product"}],"about":[{"href":"https:\/\/modest-napier.216-250-124-103.plesk.page\/index.php\/wp-json\/wp\/v2\/types\/product"}],"replies":[{"embeddable":true,"href":"https:\/\/modest-napier.216-250-124-103.plesk.page\/index.php\/wp-json\/wp\/v2\/comments?post=6249"}],"wp:featuredmedia":[{"embeddable":true,"href":"https:\/\/modest-napier.216-250-124-103.plesk.page\/index.php\/wp-json\/wp\/v2\/media\/2827"}],"wp:attachment":[{"href":"https:\/\/modest-napier.216-250-124-103.plesk.page\/index.php\/wp-json\/wp\/v2\/media?parent=6249"}],"wp:term":[{"taxonomy":"product_brand","embeddable":true,"href":"https:\/\/modest-napier.216-250-124-103.plesk.page\/index.php\/wp-json\/wp\/v2\/product_brand?post=6249"},{"taxonomy":"product_cat","embeddable":true,"href":"https:\/\/modest-napier.216-250-124-103.plesk.page\/index.php\/wp-json\/wp\/v2\/product_cat?post=6249"},{"taxonomy":"product_tag","embeddable":true,"href":"https:\/\/modest-napier.216-250-124-103.plesk.page\/index.php\/wp-json\/wp\/v2\/product_tag?post=6249"}],"curies":[{"name":"wp","href":"https:\/\/api.w.org\/{rel}","templated":true}]}}