{"id":6251,"date":"2025-09-24T19:58:51","date_gmt":"2025-09-24T19:58:51","guid":{"rendered":"https:\/\/modest-napier.216-250-124-103.plesk.page\/index.php\/producto\/te-de-gordolobo-c-30-sobres-anahuac\/"},"modified":"2025-09-24T20:43:41","modified_gmt":"2025-09-24T20:43:41","slug":"te-de-gordolobo-anahuac","status":"publish","type":"product","link":"https:\/\/modest-napier.216-250-124-103.plesk.page\/index.php\/producto\/te-de-gordolobo-anahuac\/","title":{"rendered":"T\u00e9 de Gordolobo 30 sobres Anahuac"},"content":{"rendered":"<p><strong>Descripci\u00f3n:<\/strong><br \/>Auxiliar en el tratamineto de padecimientos en las v\u00edas respiratorias como tos, resfriado, asma, congesti\u00f3n, sinusitis, bronquitis, dolor de garganta.<\/p>\n<p><strong>Modo de uso:<\/strong><br \/>Introducir un sobre en una taza de agua caliente o fr\u00eda y beber dos o tres veces al d\u00eda.<\/p>\n<p><strong>Contenido:<\/strong><br \/> 30 sobres.<\/p>\n","protected":false},"excerpt":{"rendered":"<p>Descripci\u00f3n:Auxiliar en el tratamineto de padecimientos en las v\u00edas respiratorias como tos, resfriado, asma, congesti\u00f3n, sinusitis, bronquitis, dolor de garganta. Modo de uso:Introducir un sobre en una taza de agua [&hellip;]<\/p>\n","protected":false},"featured_media":2829,"comment_status":"open","ping_status":"closed","template":"","meta":[],"product_brand":[363],"product_cat":[337,318],"product_tag":[82],"class_list":{"0":"post-6251","1":"product","2":"type-product","3":"status-publish","4":"has-post-thumbnail","6":"product_brand-anahuac","7":"product_cat-productos","8":"product_cat-salud","9":"product_tag-gordolobo","11":"first","12":"instock","13":"shipping-taxable","14":"purchasable","15":"product-type-simple"},"_links":{"self":[{"href":"https:\/\/modest-napier.216-250-124-103.plesk.page\/index.php\/wp-json\/wp\/v2\/product\/6251","targetHints":{"allow":["GET"]}}],"collection":[{"href":"https:\/\/modest-napier.216-250-124-103.plesk.page\/index.php\/wp-json\/wp\/v2\/product"}],"about":[{"href":"https:\/\/modest-napier.216-250-124-103.plesk.page\/index.php\/wp-json\/wp\/v2\/types\/product"}],"replies":[{"embeddable":true,"href":"https:\/\/modest-napier.216-250-124-103.plesk.page\/index.php\/wp-json\/wp\/v2\/comments?post=6251"}],"wp:featuredmedia":[{"embeddable":true,"href":"https:\/\/modest-napier.216-250-124-103.plesk.page\/index.php\/wp-json\/wp\/v2\/media\/2829"}],"wp:attachment":[{"href":"https:\/\/modest-napier.216-250-124-103.plesk.page\/index.php\/wp-json\/wp\/v2\/media?parent=6251"}],"wp:term":[{"taxonomy":"product_brand","embeddable":true,"href":"https:\/\/modest-napier.216-250-124-103.plesk.page\/index.php\/wp-json\/wp\/v2\/product_brand?post=6251"},{"taxonomy":"product_cat","embeddable":true,"href":"https:\/\/modest-napier.216-250-124-103.plesk.page\/index.php\/wp-json\/wp\/v2\/product_cat?post=6251"},{"taxonomy":"product_tag","embeddable":true,"href":"https:\/\/modest-napier.216-250-124-103.plesk.page\/index.php\/wp-json\/wp\/v2\/product_tag?post=6251"}],"curies":[{"name":"wp","href":"https:\/\/api.w.org\/{rel}","templated":true}]}}