{"id":6252,"date":"2025-09-24T19:58:52","date_gmt":"2025-09-24T19:58:52","guid":{"rendered":"https:\/\/modest-napier.216-250-124-103.plesk.page\/index.php\/producto\/te-de-guanabana-c-25-sobres-aztecaeliminado\/"},"modified":"2025-09-24T19:58:53","modified_gmt":"2025-09-24T19:58:53","slug":"te-de-guanabana-c-25-sobres-aztecaeliminado","status":"publish","type":"product","link":"https:\/\/modest-napier.216-250-124-103.plesk.page\/index.php\/producto\/te-de-guanabana-c-25-sobres-aztecaeliminado\/","title":{"rendered":"TE DE GUANABANA C\/25 SOBRES AZTECA(ELIMINADO)"},"content":{"rendered":"<p data-mce-fragment=\"1\"><strong data-mce-fragment=\"1\">Descripci\u00f3n:<\/strong><\/p>\n<p data-mce-fragment=\"1\">Se utilizan para el tratamiento del c\u00e1ncer (tiene un ingrediente activo llamado \u201cannonacina\u201d, una sustancia activa\u00a0que\u00a0act\u00faa sobre los trastornos de las c\u00e9lulas), diabetes, se puede utilizar para\u00a0curar\u00a0la gota (\u00e1cido \u00farico), estre\u00f1imiento, reumatismo.<\/p>\n<p data-mce-fragment=\"1\"><span data-mce-fragment=\"1\"><\/span><span data-mce-fragment=\"1\"><\/span><span data-mce-fragment=\"1\"><\/span><span data-mce-fragment=\"1\"><\/span><span data-mce-fragment=\"1\"><\/span><span data-mce-fragment=\"1\"><\/span><strong data-mce-fragment=\"1\">Modo de uso:<\/strong><\/p>\n<p data-mce-fragment=\"1\"><span data-mce-fragment=\"1\">Tomar 1 sobre al d\u00eda.<\/span><\/p>\n<p data-mce-fragment=\"1\"><span class=\"ILfuVd\" data-mce-fragment=\"1\"><span class=\"hgKElc\" data-mce-fragment=\"1\"><\/span><\/span><span data-mce-fragment=\"1\"><\/span><span data-mce-fragment=\"1\"><\/span><strong data-mce-fragment=\"1\">Contenido:<\/strong><\/p>\n<p data-mce-fragment=\"1\">25 sobres de 1g c\/u.<\/p>\n","protected":false},"excerpt":{"rendered":"<p>Descripci\u00f3n: Se utilizan para el tratamiento del c\u00e1ncer (tiene un ingrediente activo llamado \u201cannonacina\u201d, una sustancia activa\u00a0que\u00a0act\u00faa sobre los trastornos de las c\u00e9lulas), diabetes, se puede utilizar para\u00a0curar\u00a0la gota (\u00e1cido [&hellip;]<\/p>\n","protected":false},"featured_media":2830,"comment_status":"open","ping_status":"closed","template":"","meta":[],"product_brand":[],"product_cat":[337,318],"product_tag":[],"class_list":{"0":"post-6252","1":"product","2":"type-product","3":"status-publish","4":"has-post-thumbnail","6":"product_cat-productos","7":"product_cat-salud","9":"first","10":"outofstock","11":"shipping-taxable","12":"purchasable","13":"product-type-simple"},"_links":{"self":[{"href":"https:\/\/modest-napier.216-250-124-103.plesk.page\/index.php\/wp-json\/wp\/v2\/product\/6252","targetHints":{"allow":["GET"]}}],"collection":[{"href":"https:\/\/modest-napier.216-250-124-103.plesk.page\/index.php\/wp-json\/wp\/v2\/product"}],"about":[{"href":"https:\/\/modest-napier.216-250-124-103.plesk.page\/index.php\/wp-json\/wp\/v2\/types\/product"}],"replies":[{"embeddable":true,"href":"https:\/\/modest-napier.216-250-124-103.plesk.page\/index.php\/wp-json\/wp\/v2\/comments?post=6252"}],"wp:featuredmedia":[{"embeddable":true,"href":"https:\/\/modest-napier.216-250-124-103.plesk.page\/index.php\/wp-json\/wp\/v2\/media\/2830"}],"wp:attachment":[{"href":"https:\/\/modest-napier.216-250-124-103.plesk.page\/index.php\/wp-json\/wp\/v2\/media?parent=6252"}],"wp:term":[{"taxonomy":"product_brand","embeddable":true,"href":"https:\/\/modest-napier.216-250-124-103.plesk.page\/index.php\/wp-json\/wp\/v2\/product_brand?post=6252"},{"taxonomy":"product_cat","embeddable":true,"href":"https:\/\/modest-napier.216-250-124-103.plesk.page\/index.php\/wp-json\/wp\/v2\/product_cat?post=6252"},{"taxonomy":"product_tag","embeddable":true,"href":"https:\/\/modest-napier.216-250-124-103.plesk.page\/index.php\/wp-json\/wp\/v2\/product_tag?post=6252"}],"curies":[{"name":"wp","href":"https:\/\/api.w.org\/{rel}","templated":true}]}}