{"id":6255,"date":"2025-09-24T19:58:57","date_gmt":"2025-09-24T19:58:57","guid":{"rendered":"https:\/\/modest-napier.216-250-124-103.plesk.page\/index.php\/producto\/te-diente-de-leon-c-25-sobres-hierbanat\/"},"modified":"2025-09-24T20:43:32","modified_gmt":"2025-09-24T20:43:32","slug":"te-diente-de-leon","status":"publish","type":"product","link":"https:\/\/modest-napier.216-250-124-103.plesk.page\/index.php\/producto\/te-diente-de-leon\/","title":{"rendered":"T\u00e9 de Diente de Le\u00f3n 25 sobres Hierbanat"},"content":{"rendered":"<p><strong>Descripci\u00f3n:<\/strong><br data-mce-fragment=\"1\">El <strong>t\u00e9 de diente de lim\u00f3n<\/strong> ayuda a estimular el apetito, act\u00faa como diur\u00e9tico, auxiliar en algunos padecimientos del h\u00edgado principalmente en la inflamaci\u00f3n de la ves\u00edcula biliar y cuando hay una mala digesti\u00f3n de las grasas.<\/p>\n<p><strong>Modo de uso: <\/strong><br data-mce-fragment=\"1\">Tomar de una a dos tazas al d\u00eda.<\/p>\n<p><strong>Contenido:<\/strong><br data-mce-fragment=\"1\">25 sobres.<\/p>\n","protected":false},"excerpt":{"rendered":"<p>Descripci\u00f3n:El t\u00e9 de diente de lim\u00f3n ayuda a estimular el apetito, act\u00faa como diur\u00e9tico, auxiliar en algunos padecimientos del h\u00edgado principalmente en la inflamaci\u00f3n de la ves\u00edcula biliar y cuando [&hellip;]<\/p>\n","protected":false},"featured_media":2833,"comment_status":"open","ping_status":"closed","template":"","meta":[],"product_brand":[403],"product_cat":[308,337,318],"product_tag":[154],"class_list":{"0":"post-6255","1":"product","2":"type-product","3":"status-publish","4":"has-post-thumbnail","6":"product_brand-hierbanat","7":"product_cat-nutricion","8":"product_cat-productos","9":"product_cat-salud","10":"product_tag-diente-de-leon","12":"first","13":"instock","14":"shipping-taxable","15":"purchasable","16":"product-type-simple"},"_links":{"self":[{"href":"https:\/\/modest-napier.216-250-124-103.plesk.page\/index.php\/wp-json\/wp\/v2\/product\/6255","targetHints":{"allow":["GET"]}}],"collection":[{"href":"https:\/\/modest-napier.216-250-124-103.plesk.page\/index.php\/wp-json\/wp\/v2\/product"}],"about":[{"href":"https:\/\/modest-napier.216-250-124-103.plesk.page\/index.php\/wp-json\/wp\/v2\/types\/product"}],"replies":[{"embeddable":true,"href":"https:\/\/modest-napier.216-250-124-103.plesk.page\/index.php\/wp-json\/wp\/v2\/comments?post=6255"}],"wp:featuredmedia":[{"embeddable":true,"href":"https:\/\/modest-napier.216-250-124-103.plesk.page\/index.php\/wp-json\/wp\/v2\/media\/2833"}],"wp:attachment":[{"href":"https:\/\/modest-napier.216-250-124-103.plesk.page\/index.php\/wp-json\/wp\/v2\/media?parent=6255"}],"wp:term":[{"taxonomy":"product_brand","embeddable":true,"href":"https:\/\/modest-napier.216-250-124-103.plesk.page\/index.php\/wp-json\/wp\/v2\/product_brand?post=6255"},{"taxonomy":"product_cat","embeddable":true,"href":"https:\/\/modest-napier.216-250-124-103.plesk.page\/index.php\/wp-json\/wp\/v2\/product_cat?post=6255"},{"taxonomy":"product_tag","embeddable":true,"href":"https:\/\/modest-napier.216-250-124-103.plesk.page\/index.php\/wp-json\/wp\/v2\/product_tag?post=6255"}],"curies":[{"name":"wp","href":"https:\/\/api.w.org\/{rel}","templated":true}]}}