{"id":6256,"date":"2025-09-24T19:58:58","date_gmt":"2025-09-24T19:58:58","guid":{"rendered":"https:\/\/modest-napier.216-250-124-103.plesk.page\/index.php\/producto\/te-dieters-bailarina-c-18-la-salud-es-primero\/"},"modified":"2025-09-24T20:44:10","modified_gmt":"2025-09-24T20:44:10","slug":"te-dieters-bailarina-c-18-la-salud-es-primero","status":"publish","type":"product","link":"https:\/\/modest-napier.216-250-124-103.plesk.page\/index.php\/producto\/te-dieters-bailarina-c-18-la-salud-es-primero\/","title":{"rendered":"T\u00e9 Dieter&#8217;s Drink 18 sobres La Salud Es Primero"},"content":{"rendered":"<p data-mce-fragment=\"1\"><strong data-mce-fragment=\"1\">Descripci\u00f3n:<\/strong><\/p>\n<ul data-mce-fragment=\"1\">\n<li data-mce-fragment=\"1\">Laxante suave para el alivio de algunos s\u00edntomas del estre\u00f1imiento, vientre inflamado y obesidad.<\/li>\n<li data-mce-fragment=\"1\">Auxiliar en dolores y c\u00f3licos por indigesti\u00f3n y menstruaci\u00f3n.<\/li>\n<\/ul>\n<p data-mce-fragment=\"1\"><strong data-mce-fragment=\"1\">Modo de uso:<\/strong><\/p>\n<p data-mce-fragment=\"1\">Preferentemente por las noches antes de dormir<br data-mce-fragment=\"1\">Poner un sobre en una taza (200 ml) con agua hirviendo durante 5 minutos.<br data-mce-fragment=\"1\">*No consumir m\u00e1s de 1 taza al d\u00eda.<\/p>\n<p data-mce-fragment=\"1\"><strong data-mce-fragment=\"1\">Contenido:<\/strong><br data-mce-fragment=\"1\"><\/p>\n<p data-mce-fragment=\"1\">18 sobres con 2g c\/u.\u00a0<\/p>\n","protected":false},"excerpt":{"rendered":"<p>Descripci\u00f3n: Laxante suave para el alivio de algunos s\u00edntomas del estre\u00f1imiento, vientre inflamado y obesidad. Auxiliar en dolores y c\u00f3licos por indigesti\u00f3n y menstruaci\u00f3n. Modo de uso: Preferentemente por las [&hellip;]<\/p>\n","protected":false},"featured_media":2834,"comment_status":"open","ping_status":"closed","template":"","meta":[],"product_brand":[356],"product_cat":[287,289,308,313,337,318,333],"product_tag":[],"class_list":{"0":"post-6256","1":"product","2":"type-product","3":"status-publish","4":"has-post-thumbnail","6":"product_brand-la-salud-es-primero","7":"product_cat-baja-de-peso","8":"product_cat-belleza","9":"product_cat-nutricion","10":"product_cat-preparate-para-el-verano-","11":"product_cat-productos","12":"product_cat-salud","13":"product_cat-tes-para-bajar-de-peso","15":"first","16":"instock","17":"shipping-taxable","18":"purchasable","19":"product-type-simple"},"_links":{"self":[{"href":"https:\/\/modest-napier.216-250-124-103.plesk.page\/index.php\/wp-json\/wp\/v2\/product\/6256","targetHints":{"allow":["GET"]}}],"collection":[{"href":"https:\/\/modest-napier.216-250-124-103.plesk.page\/index.php\/wp-json\/wp\/v2\/product"}],"about":[{"href":"https:\/\/modest-napier.216-250-124-103.plesk.page\/index.php\/wp-json\/wp\/v2\/types\/product"}],"replies":[{"embeddable":true,"href":"https:\/\/modest-napier.216-250-124-103.plesk.page\/index.php\/wp-json\/wp\/v2\/comments?post=6256"}],"wp:featuredmedia":[{"embeddable":true,"href":"https:\/\/modest-napier.216-250-124-103.plesk.page\/index.php\/wp-json\/wp\/v2\/media\/2834"}],"wp:attachment":[{"href":"https:\/\/modest-napier.216-250-124-103.plesk.page\/index.php\/wp-json\/wp\/v2\/media?parent=6256"}],"wp:term":[{"taxonomy":"product_brand","embeddable":true,"href":"https:\/\/modest-napier.216-250-124-103.plesk.page\/index.php\/wp-json\/wp\/v2\/product_brand?post=6256"},{"taxonomy":"product_cat","embeddable":true,"href":"https:\/\/modest-napier.216-250-124-103.plesk.page\/index.php\/wp-json\/wp\/v2\/product_cat?post=6256"},{"taxonomy":"product_tag","embeddable":true,"href":"https:\/\/modest-napier.216-250-124-103.plesk.page\/index.php\/wp-json\/wp\/v2\/product_tag?post=6256"}],"curies":[{"name":"wp","href":"https:\/\/api.w.org\/{rel}","templated":true}]}}