{"id":6258,"date":"2025-09-24T19:59:01","date_gmt":"2025-09-24T19:59:01","guid":{"rendered":"https:\/\/modest-napier.216-250-124-103.plesk.page\/index.php\/producto\/te-divina-8-50-grms-vida-divina\/"},"modified":"2025-09-24T20:45:40","modified_gmt":"2025-09-24T20:45:40","slug":"te-divina-8-50-grms-vida-divina","status":"publish","type":"product","link":"https:\/\/modest-napier.216-250-124-103.plesk.page\/index.php\/producto\/te-divina-8-50-grms-vida-divina\/","title":{"rendered":"T\u00e9 Divina 8.5 g Vida Divina"},"content":{"rendered":"<p data-mce-fragment=\"1\"><strong data-mce-fragment=\"1\">Descripci\u00f3n:<\/strong><\/p>\n<p data-mce-fragment=\"1\"><span>Es un purificante muy potente que se usa para llevar a cabo un programa detox. Aunque no es un quema grasa\u00a0es un gran aliado si lo que buscas es bajar de peso.\u00a0<\/span><\/p>\n<p data-mce-fragment=\"1\"><strong data-mce-fragment=\"1\">Modo de uso:<\/strong><\/p>\n<p data-mce-fragment=\"1\"><span>Hervir 1 litro (4 tazas) de agua. Retirar del fuego. A\u00f1adir 1 sobre de t\u00e9 al agua y tapar. Para mejores resultados, extraer las hierbas de la bolsa y filtrar sobre agua en ebullici\u00f3n. Dejar reposar durante 4 &#8211; 8 horas. Combinar el t\u00e9 preparado con 3 litros (12 taza) de agua fr\u00eda hervida para obtener 4 litros de t\u00e9. Refrigerar.<\/span><\/p>\n<p data-mce-fragment=\"1\"><strong data-mce-fragment=\"1\">Contenido:<\/strong><\/p>\n<p data-mce-fragment=\"1\">8.5 grs.<\/p>\n","protected":false},"excerpt":{"rendered":"<p>Descripci\u00f3n: Es un purificante muy potente que se usa para llevar a cabo un programa detox. Aunque no es un quema grasa\u00a0es un gran aliado si lo que buscas es [&hellip;]<\/p>\n","protected":false},"featured_media":2836,"comment_status":"open","ping_status":"closed","template":"","meta":[],"product_brand":[389],"product_cat":[308,337,332],"product_tag":[],"class_list":{"0":"post-6258","1":"product","2":"type-product","3":"status-publish","4":"has-post-thumbnail","6":"product_brand-vida-divina","7":"product_cat-nutricion","8":"product_cat-productos","9":"product_cat-tes-e-infusiones","11":"first","12":"instock","13":"shipping-taxable","14":"purchasable","15":"product-type-simple"},"_links":{"self":[{"href":"https:\/\/modest-napier.216-250-124-103.plesk.page\/index.php\/wp-json\/wp\/v2\/product\/6258","targetHints":{"allow":["GET"]}}],"collection":[{"href":"https:\/\/modest-napier.216-250-124-103.plesk.page\/index.php\/wp-json\/wp\/v2\/product"}],"about":[{"href":"https:\/\/modest-napier.216-250-124-103.plesk.page\/index.php\/wp-json\/wp\/v2\/types\/product"}],"replies":[{"embeddable":true,"href":"https:\/\/modest-napier.216-250-124-103.plesk.page\/index.php\/wp-json\/wp\/v2\/comments?post=6258"}],"wp:featuredmedia":[{"embeddable":true,"href":"https:\/\/modest-napier.216-250-124-103.plesk.page\/index.php\/wp-json\/wp\/v2\/media\/2836"}],"wp:attachment":[{"href":"https:\/\/modest-napier.216-250-124-103.plesk.page\/index.php\/wp-json\/wp\/v2\/media?parent=6258"}],"wp:term":[{"taxonomy":"product_brand","embeddable":true,"href":"https:\/\/modest-napier.216-250-124-103.plesk.page\/index.php\/wp-json\/wp\/v2\/product_brand?post=6258"},{"taxonomy":"product_cat","embeddable":true,"href":"https:\/\/modest-napier.216-250-124-103.plesk.page\/index.php\/wp-json\/wp\/v2\/product_cat?post=6258"},{"taxonomy":"product_tag","embeddable":true,"href":"https:\/\/modest-napier.216-250-124-103.plesk.page\/index.php\/wp-json\/wp\/v2\/product_tag?post=6258"}],"curies":[{"name":"wp","href":"https:\/\/api.w.org\/{rel}","templated":true}]}}