{"id":6262,"date":"2025-09-24T19:59:07","date_gmt":"2025-09-24T19:59:07","guid":{"rendered":"https:\/\/modest-napier.216-250-124-103.plesk.page\/index.php\/producto\/te-frutos-rojos-c-30-sobres-gnvida\/"},"modified":"2025-09-24T20:45:40","modified_gmt":"2025-09-24T20:45:40","slug":"te-frutos-rojos-c-30-sobres-gn-vida","status":"publish","type":"product","link":"https:\/\/modest-napier.216-250-124-103.plesk.page\/index.php\/producto\/te-frutos-rojos-c-30-sobres-gn-vida\/","title":{"rendered":"T\u00e9 de Frutos Rojos 30 sobres GN+Vida"},"content":{"rendered":"<p data-mce-fragment=\"1\"><strong data-mce-fragment=\"1\">Descripci\u00f3n:<\/strong><\/p>\n<p data-mce-fragment=\"1\"><span>Los frutos rojos te ayudan a eliminar toxinas. Son ricos en antioxidantes y tienen propiedades antiinflamatorias,\u00a0<\/span>son buenos para el coraz\u00f3n, tienen efecto diur\u00e9tico y ayudan a eliminar el \u00e1cido \u00farico. Son ricos en vitamina C y provitamina A, tiene propiedades para prevenir la anemia.<\/p>\n<p data-mce-fragment=\"1\"><strong data-mce-fragment=\"1\">Modo de uso:<\/strong><\/p>\n<p data-mce-fragment=\"1\"><span>Coloque un sobre de t\u00e9 en una taza con agua hirviendo durante 5 minutos. Tomar de una a tres tazas al d\u00eda.<\/span><\/p>\n<p data-mce-fragment=\"1\"><strong data-mce-fragment=\"1\">Contenido:<\/strong><\/p>\n<p data-mce-fragment=\"1\">30 sobres con 3g c\/u.<\/p>\n","protected":false},"excerpt":{"rendered":"<p>Descripci\u00f3n: Los frutos rojos te ayudan a eliminar toxinas. Son ricos en antioxidantes y tienen propiedades antiinflamatorias,\u00a0son buenos para el coraz\u00f3n, tienen efecto diur\u00e9tico y ayudan a eliminar el \u00e1cido [&hellip;]<\/p>\n","protected":false},"featured_media":2840,"comment_status":"open","ping_status":"closed","template":"","meta":[],"product_brand":[353],"product_cat":[287,308,337,318],"product_tag":[],"class_list":{"0":"post-6262","1":"product","2":"type-product","3":"status-publish","4":"has-post-thumbnail","6":"product_brand-gn-vida","7":"product_cat-baja-de-peso","8":"product_cat-nutricion","9":"product_cat-productos","10":"product_cat-salud","12":"first","13":"instock","14":"shipping-taxable","15":"purchasable","16":"product-type-simple"},"_links":{"self":[{"href":"https:\/\/modest-napier.216-250-124-103.plesk.page\/index.php\/wp-json\/wp\/v2\/product\/6262","targetHints":{"allow":["GET"]}}],"collection":[{"href":"https:\/\/modest-napier.216-250-124-103.plesk.page\/index.php\/wp-json\/wp\/v2\/product"}],"about":[{"href":"https:\/\/modest-napier.216-250-124-103.plesk.page\/index.php\/wp-json\/wp\/v2\/types\/product"}],"replies":[{"embeddable":true,"href":"https:\/\/modest-napier.216-250-124-103.plesk.page\/index.php\/wp-json\/wp\/v2\/comments?post=6262"}],"wp:featuredmedia":[{"embeddable":true,"href":"https:\/\/modest-napier.216-250-124-103.plesk.page\/index.php\/wp-json\/wp\/v2\/media\/2840"}],"wp:attachment":[{"href":"https:\/\/modest-napier.216-250-124-103.plesk.page\/index.php\/wp-json\/wp\/v2\/media?parent=6262"}],"wp:term":[{"taxonomy":"product_brand","embeddable":true,"href":"https:\/\/modest-napier.216-250-124-103.plesk.page\/index.php\/wp-json\/wp\/v2\/product_brand?post=6262"},{"taxonomy":"product_cat","embeddable":true,"href":"https:\/\/modest-napier.216-250-124-103.plesk.page\/index.php\/wp-json\/wp\/v2\/product_cat?post=6262"},{"taxonomy":"product_tag","embeddable":true,"href":"https:\/\/modest-napier.216-250-124-103.plesk.page\/index.php\/wp-json\/wp\/v2\/product_tag?post=6262"}],"curies":[{"name":"wp","href":"https:\/\/api.w.org\/{rel}","templated":true}]}}