{"id":6263,"date":"2025-09-24T19:59:08","date_gmt":"2025-09-24T19:59:08","guid":{"rendered":"https:\/\/modest-napier.216-250-124-103.plesk.page\/index.php\/producto\/te-gava-fute-c-60\/"},"modified":"2025-09-24T20:46:06","modified_gmt":"2025-09-24T20:46:06","slug":"te-gavafute","status":"publish","type":"product","link":"https:\/\/modest-napier.216-250-124-103.plesk.page\/index.php\/producto\/te-gavafute\/","title":{"rendered":"T\u00e9 GavaFut\u00e9 60 sobres"},"content":{"rendered":"<p><strong>GavaFut\u00e9<\/strong> es un t\u00e9 natural y revitalizante que ofrece una amplia gama de beneficios para la salud. Esta deliciosa infusi\u00f3n ha sido cuidadosamente formulada para brindar alivio y bienestar, desde alivio a problemas digestivos hasta cuidado de la piel y el cabello. <em>El\u00a0T\u00e9 GavaFut\u00e9\u00a0sirve para los s\u00edntomas de gastritis y hepatitis gracias a sus propiedades calmantes y antiinflamatorias.<\/em><span style=\"font-weight: 400;\"><\/span><\/p>\n","protected":false},"excerpt":{"rendered":"<p>GavaFut\u00e9 es un t\u00e9 natural y revitalizante que ofrece una amplia gama de beneficios para la salud. Esta deliciosa infusi\u00f3n ha sido cuidadosamente formulada para brindar alivio y bienestar, desde [&hellip;]<\/p>\n","protected":false},"featured_media":2841,"comment_status":"open","ping_status":"closed","template":"","meta":[],"product_brand":[400],"product_cat":[287,337,318],"product_tag":[],"class_list":{"0":"post-6263","1":"product","2":"type-product","3":"status-publish","4":"has-post-thumbnail","6":"product_brand-gavefute","7":"product_cat-baja-de-peso","8":"product_cat-productos","9":"product_cat-salud","11":"first","12":"outofstock","13":"shipping-taxable","14":"purchasable","15":"product-type-simple"},"_links":{"self":[{"href":"https:\/\/modest-napier.216-250-124-103.plesk.page\/index.php\/wp-json\/wp\/v2\/product\/6263","targetHints":{"allow":["GET"]}}],"collection":[{"href":"https:\/\/modest-napier.216-250-124-103.plesk.page\/index.php\/wp-json\/wp\/v2\/product"}],"about":[{"href":"https:\/\/modest-napier.216-250-124-103.plesk.page\/index.php\/wp-json\/wp\/v2\/types\/product"}],"replies":[{"embeddable":true,"href":"https:\/\/modest-napier.216-250-124-103.plesk.page\/index.php\/wp-json\/wp\/v2\/comments?post=6263"}],"wp:featuredmedia":[{"embeddable":true,"href":"https:\/\/modest-napier.216-250-124-103.plesk.page\/index.php\/wp-json\/wp\/v2\/media\/2841"}],"wp:attachment":[{"href":"https:\/\/modest-napier.216-250-124-103.plesk.page\/index.php\/wp-json\/wp\/v2\/media?parent=6263"}],"wp:term":[{"taxonomy":"product_brand","embeddable":true,"href":"https:\/\/modest-napier.216-250-124-103.plesk.page\/index.php\/wp-json\/wp\/v2\/product_brand?post=6263"},{"taxonomy":"product_cat","embeddable":true,"href":"https:\/\/modest-napier.216-250-124-103.plesk.page\/index.php\/wp-json\/wp\/v2\/product_cat?post=6263"},{"taxonomy":"product_tag","embeddable":true,"href":"https:\/\/modest-napier.216-250-124-103.plesk.page\/index.php\/wp-json\/wp\/v2\/product_tag?post=6263"}],"curies":[{"name":"wp","href":"https:\/\/api.w.org\/{rel}","templated":true}]}}