{"id":6271,"date":"2025-09-24T19:59:20","date_gmt":"2025-09-24T19:59:20","guid":{"rendered":"https:\/\/modest-napier.216-250-124-103.plesk.page\/index.php\/producto\/te-moringa-c-25-sobres-therbal\/"},"modified":"2025-09-24T20:44:37","modified_gmt":"2025-09-24T20:44:37","slug":"te-moringa-c-25-sobres-therbal","status":"publish","type":"product","link":"https:\/\/modest-napier.216-250-124-103.plesk.page\/index.php\/producto\/te-moringa-c-25-sobres-therbal\/","title":{"rendered":"T\u00e9 de Moringa 25 sobres Therbal"},"content":{"rendered":"<p data-mce-fragment=\"1\"><strong data-mce-fragment=\"1\">Descripci\u00f3n:<\/strong><\/p>\n<p data-mce-fragment=\"1\"><span>Fuente de fibra, auxiliar en fortalecer el sistema inmunologico,\u00a0anticancer\u00edgenas, hipotensoras, hipoglucemiantes y antibi\u00f3ticas.<\/span><\/p>\n<p data-mce-fragment=\"1\"><strong data-mce-fragment=\"1\">Modo de uso:<\/strong><\/p>\n<p data-mce-fragment=\"1\">Tomar una tasa caliente despu\u00e9s de cada alimento.<\/p>\n<p data-mce-fragment=\"1\"><strong data-mce-fragment=\"1\">Contenido:<\/strong><\/p>\n<p data-mce-fragment=\"1\">25 sobres.<\/p>\n","protected":false},"excerpt":{"rendered":"<p>Descripci\u00f3n: Fuente de fibra, auxiliar en fortalecer el sistema inmunologico,\u00a0anticancer\u00edgenas, hipotensoras, hipoglucemiantes y antibi\u00f3ticas. Modo de uso: Tomar una tasa caliente despu\u00e9s de cada alimento. Contenido: 25 sobres.<\/p>\n","protected":false},"featured_media":2849,"comment_status":"open","ping_status":"closed","template":"","meta":[],"product_brand":[349],"product_cat":[308,337,318],"product_tag":[],"class_list":{"0":"post-6271","1":"product","2":"type-product","3":"status-publish","4":"has-post-thumbnail","6":"product_brand-therbal","7":"product_cat-nutricion","8":"product_cat-productos","9":"product_cat-salud","11":"first","12":"instock","13":"shipping-taxable","14":"purchasable","15":"product-type-simple"},"_links":{"self":[{"href":"https:\/\/modest-napier.216-250-124-103.plesk.page\/index.php\/wp-json\/wp\/v2\/product\/6271","targetHints":{"allow":["GET"]}}],"collection":[{"href":"https:\/\/modest-napier.216-250-124-103.plesk.page\/index.php\/wp-json\/wp\/v2\/product"}],"about":[{"href":"https:\/\/modest-napier.216-250-124-103.plesk.page\/index.php\/wp-json\/wp\/v2\/types\/product"}],"replies":[{"embeddable":true,"href":"https:\/\/modest-napier.216-250-124-103.plesk.page\/index.php\/wp-json\/wp\/v2\/comments?post=6271"}],"wp:featuredmedia":[{"embeddable":true,"href":"https:\/\/modest-napier.216-250-124-103.plesk.page\/index.php\/wp-json\/wp\/v2\/media\/2849"}],"wp:attachment":[{"href":"https:\/\/modest-napier.216-250-124-103.plesk.page\/index.php\/wp-json\/wp\/v2\/media?parent=6271"}],"wp:term":[{"taxonomy":"product_brand","embeddable":true,"href":"https:\/\/modest-napier.216-250-124-103.plesk.page\/index.php\/wp-json\/wp\/v2\/product_brand?post=6271"},{"taxonomy":"product_cat","embeddable":true,"href":"https:\/\/modest-napier.216-250-124-103.plesk.page\/index.php\/wp-json\/wp\/v2\/product_cat?post=6271"},{"taxonomy":"product_tag","embeddable":true,"href":"https:\/\/modest-napier.216-250-124-103.plesk.page\/index.php\/wp-json\/wp\/v2\/product_tag?post=6271"}],"curies":[{"name":"wp","href":"https:\/\/api.w.org\/{rel}","templated":true}]}}