{"id":6275,"date":"2025-09-24T19:59:25","date_gmt":"2025-09-24T19:59:25","guid":{"rendered":"https:\/\/modest-napier.216-250-124-103.plesk.page\/index.php\/producto\/te-pasiflora-c-25-sobres-nolisan-eliminado\/"},"modified":"2025-09-24T19:59:27","modified_gmt":"2025-09-24T19:59:27","slug":"te-pasiflora-c-25-sobres-nolisan-eliminado","status":"publish","type":"product","link":"https:\/\/modest-napier.216-250-124-103.plesk.page\/index.php\/producto\/te-pasiflora-c-25-sobres-nolisan-eliminado\/","title":{"rendered":"TE PASIFLORA C\/25 SOBRES NOLISAN (ELIMINADO)"},"content":{"rendered":"<p data-mce-fragment=\"1\"><strong data-mce-fragment=\"1\">Descripci\u00f3n:<\/strong><\/p>\n<p data-mce-fragment=\"1\"><span>Combate los estados de ansiedad y estr\u00e9s.<\/span><br \/><span>Es muy efectiva para combatir problemas nerviosos.<\/span><br \/><span>Su uso m\u00e1s com\u00fan inducir al sue\u00f1o y luchar contra el insomnio.<\/span><br \/><span>En casos de asma, palpitaciones y anormalidades en el ritmo card\u00edaco, el uso de la pasiflora es muy efectivo.<\/span><\/p>\n<p data-mce-fragment=\"1\"><strong data-mce-fragment=\"1\">Modo de uso:<\/strong><\/p>\n<p data-mce-fragment=\"1\"><span>En una taza colocar una bolsita de te y agregar agua hirviendo, dejar reposar, endulzar al gusto.<\/span><\/p>\n<p data-mce-fragment=\"1\"><strong data-mce-fragment=\"1\">Contenido:<\/strong><\/p>\n<p data-mce-fragment=\"1\">25 sobres.<\/p>\n","protected":false},"excerpt":{"rendered":"<p>Descripci\u00f3n: Combate los estados de ansiedad y estr\u00e9s.Es muy efectiva para combatir problemas nerviosos.Su uso m\u00e1s com\u00fan inducir al sue\u00f1o y luchar contra el insomnio.En casos de asma, palpitaciones y [&hellip;]<\/p>\n","protected":false},"featured_media":2853,"comment_status":"open","ping_status":"closed","template":"","meta":[],"product_brand":[],"product_cat":[337,318,332],"product_tag":[],"class_list":{"0":"post-6275","1":"product","2":"type-product","3":"status-publish","4":"has-post-thumbnail","6":"product_cat-productos","7":"product_cat-salud","8":"product_cat-tes-e-infusiones","10":"first","11":"outofstock","12":"shipping-taxable","13":"purchasable","14":"product-type-simple"},"_links":{"self":[{"href":"https:\/\/modest-napier.216-250-124-103.plesk.page\/index.php\/wp-json\/wp\/v2\/product\/6275","targetHints":{"allow":["GET"]}}],"collection":[{"href":"https:\/\/modest-napier.216-250-124-103.plesk.page\/index.php\/wp-json\/wp\/v2\/product"}],"about":[{"href":"https:\/\/modest-napier.216-250-124-103.plesk.page\/index.php\/wp-json\/wp\/v2\/types\/product"}],"replies":[{"embeddable":true,"href":"https:\/\/modest-napier.216-250-124-103.plesk.page\/index.php\/wp-json\/wp\/v2\/comments?post=6275"}],"wp:featuredmedia":[{"embeddable":true,"href":"https:\/\/modest-napier.216-250-124-103.plesk.page\/index.php\/wp-json\/wp\/v2\/media\/2853"}],"wp:attachment":[{"href":"https:\/\/modest-napier.216-250-124-103.plesk.page\/index.php\/wp-json\/wp\/v2\/media?parent=6275"}],"wp:term":[{"taxonomy":"product_brand","embeddable":true,"href":"https:\/\/modest-napier.216-250-124-103.plesk.page\/index.php\/wp-json\/wp\/v2\/product_brand?post=6275"},{"taxonomy":"product_cat","embeddable":true,"href":"https:\/\/modest-napier.216-250-124-103.plesk.page\/index.php\/wp-json\/wp\/v2\/product_cat?post=6275"},{"taxonomy":"product_tag","embeddable":true,"href":"https:\/\/modest-napier.216-250-124-103.plesk.page\/index.php\/wp-json\/wp\/v2\/product_tag?post=6275"}],"curies":[{"name":"wp","href":"https:\/\/api.w.org\/{rel}","templated":true}]}}