{"id":6277,"date":"2025-09-24T19:59:28","date_gmt":"2025-09-24T19:59:28","guid":{"rendered":"https:\/\/modest-napier.216-250-124-103.plesk.page\/index.php\/producto\/te-pinalim-c-30-sobres-gnvida\/"},"modified":"2025-09-24T20:47:01","modified_gmt":"2025-09-24T20:47:01","slug":"te-pinalim","status":"publish","type":"product","link":"https:\/\/modest-napier.216-250-124-103.plesk.page\/index.php\/producto\/te-pinalim\/","title":{"rendered":"T\u00e9 Pi\u00f1alim en M\u00e9xico 30 sobres GN+Vida"},"content":{"rendered":"<p>El <strong>t\u00e9 Pi\u00f1alim<\/strong> es una infusi\u00f3n herbal elaborada a partir de una mezcla de ingredientes naturales, entre ellos pi\u00f1a y una variedad de t\u00e9s. Esta combinaci\u00f3n \u00fanica de sabores y propiedades ofrece una experiencia refrescante y saludable. El <em>t\u00e9 Pi\u00f1alim<\/em> es una opci\u00f3n ideal para aquellos que buscan una alternativa refrescante y natural a las bebidas azucaradas.<\/p>\n","protected":false},"excerpt":{"rendered":"<p>El t\u00e9 Pi\u00f1alim es una infusi\u00f3n herbal elaborada a partir de una mezcla de ingredientes naturales, entre ellos pi\u00f1a y una variedad de t\u00e9s. Esta combinaci\u00f3n \u00fanica de sabores y [&hellip;]<\/p>\n","protected":false},"featured_media":2855,"comment_status":"open","ping_status":"closed","template":"","meta":[],"product_brand":[353],"product_cat":[287,336,337,333],"product_tag":[40,46,123,142,153,138],"class_list":{"0":"post-6277","1":"product","2":"type-product","3":"status-publish","4":"has-post-thumbnail","6":"product_brand-gn-vida","7":"product_cat-baja-de-peso","8":"product_cat-celebra-el-verano-","9":"product_cat-productos","10":"product_cat-tes-para-bajar-de-peso","11":"product_tag-celebra-el-verano","12":"product_tag-linaza","13":"product_tag-pina","14":"product_tag-te-blanco","15":"product_tag-te-rojo","16":"product_tag-te-verde","18":"first","19":"instock","20":"shipping-taxable","21":"purchasable","22":"product-type-simple"},"_links":{"self":[{"href":"https:\/\/modest-napier.216-250-124-103.plesk.page\/index.php\/wp-json\/wp\/v2\/product\/6277","targetHints":{"allow":["GET"]}}],"collection":[{"href":"https:\/\/modest-napier.216-250-124-103.plesk.page\/index.php\/wp-json\/wp\/v2\/product"}],"about":[{"href":"https:\/\/modest-napier.216-250-124-103.plesk.page\/index.php\/wp-json\/wp\/v2\/types\/product"}],"replies":[{"embeddable":true,"href":"https:\/\/modest-napier.216-250-124-103.plesk.page\/index.php\/wp-json\/wp\/v2\/comments?post=6277"}],"wp:featuredmedia":[{"embeddable":true,"href":"https:\/\/modest-napier.216-250-124-103.plesk.page\/index.php\/wp-json\/wp\/v2\/media\/2855"}],"wp:attachment":[{"href":"https:\/\/modest-napier.216-250-124-103.plesk.page\/index.php\/wp-json\/wp\/v2\/media?parent=6277"}],"wp:term":[{"taxonomy":"product_brand","embeddable":true,"href":"https:\/\/modest-napier.216-250-124-103.plesk.page\/index.php\/wp-json\/wp\/v2\/product_brand?post=6277"},{"taxonomy":"product_cat","embeddable":true,"href":"https:\/\/modest-napier.216-250-124-103.plesk.page\/index.php\/wp-json\/wp\/v2\/product_cat?post=6277"},{"taxonomy":"product_tag","embeddable":true,"href":"https:\/\/modest-napier.216-250-124-103.plesk.page\/index.php\/wp-json\/wp\/v2\/product_tag?post=6277"}],"curies":[{"name":"wp","href":"https:\/\/api.w.org\/{rel}","templated":true}]}}