{"id":6279,"date":"2025-09-24T19:59:30","date_gmt":"2025-09-24T19:59:30","guid":{"rendered":"https:\/\/modest-napier.216-250-124-103.plesk.page\/index.php\/producto\/te-pinaslim-c-36-nutri-life\/"},"modified":"2025-09-24T20:46:08","modified_gmt":"2025-09-24T20:46:08","slug":"te-pinaslim-c-36-nutri-life","status":"publish","type":"product","link":"https:\/\/modest-napier.216-250-124-103.plesk.page\/index.php\/producto\/te-pinaslim-c-36-nutri-life\/","title":{"rendered":"T\u00e9 Pi\u00f1aSlim 36 sobres Nutri Life"},"content":{"rendered":"<p data-mce-fragment=\"1\"><strong data-mce-fragment=\"1\">Descripci\u00f3n:<\/strong><\/p>\n<p data-mce-fragment=\"1\">Auxiliar en el control de la digesti\u00f3n y del colesterol.<br \/>Ayuda a reducir el exceso de grasa en tu cuerpo.<\/p>\n<p data-mce-fragment=\"1\"><strong data-mce-fragment=\"1\">Modo de uso:<\/strong><\/p>\n<p data-mce-fragment=\"1\"><span>Tomar una taza de t\u00e9 al d\u00eda, preferentemente por las noches.\u00a0<\/span><\/p>\n<p data-mce-fragment=\"1\"><strong data-mce-fragment=\"1\">Contenido:<\/strong><\/p>\n<p data-mce-fragment=\"1\">36 sobres.<\/p>\n","protected":false},"excerpt":{"rendered":"<p>Descripci\u00f3n: Auxiliar en el control de la digesti\u00f3n y del colesterol.Ayuda a reducir el exceso de grasa en tu cuerpo. Modo de uso: Tomar una taza de t\u00e9 al d\u00eda, [&hellip;]<\/p>\n","protected":false},"featured_media":2857,"comment_status":"open","ping_status":"closed","template":"","meta":[],"product_brand":[401],"product_cat":[287,337,333],"product_tag":[],"class_list":{"0":"post-6279","1":"product","2":"type-product","3":"status-publish","4":"has-post-thumbnail","6":"product_brand-nutri-life","7":"product_cat-baja-de-peso","8":"product_cat-productos","9":"product_cat-tes-para-bajar-de-peso","11":"first","12":"outofstock","13":"shipping-taxable","14":"purchasable","15":"product-type-simple"},"_links":{"self":[{"href":"https:\/\/modest-napier.216-250-124-103.plesk.page\/index.php\/wp-json\/wp\/v2\/product\/6279","targetHints":{"allow":["GET"]}}],"collection":[{"href":"https:\/\/modest-napier.216-250-124-103.plesk.page\/index.php\/wp-json\/wp\/v2\/product"}],"about":[{"href":"https:\/\/modest-napier.216-250-124-103.plesk.page\/index.php\/wp-json\/wp\/v2\/types\/product"}],"replies":[{"embeddable":true,"href":"https:\/\/modest-napier.216-250-124-103.plesk.page\/index.php\/wp-json\/wp\/v2\/comments?post=6279"}],"wp:featuredmedia":[{"embeddable":true,"href":"https:\/\/modest-napier.216-250-124-103.plesk.page\/index.php\/wp-json\/wp\/v2\/media\/2857"}],"wp:attachment":[{"href":"https:\/\/modest-napier.216-250-124-103.plesk.page\/index.php\/wp-json\/wp\/v2\/media?parent=6279"}],"wp:term":[{"taxonomy":"product_brand","embeddable":true,"href":"https:\/\/modest-napier.216-250-124-103.plesk.page\/index.php\/wp-json\/wp\/v2\/product_brand?post=6279"},{"taxonomy":"product_cat","embeddable":true,"href":"https:\/\/modest-napier.216-250-124-103.plesk.page\/index.php\/wp-json\/wp\/v2\/product_cat?post=6279"},{"taxonomy":"product_tag","embeddable":true,"href":"https:\/\/modest-napier.216-250-124-103.plesk.page\/index.php\/wp-json\/wp\/v2\/product_tag?post=6279"}],"curies":[{"name":"wp","href":"https:\/\/api.w.org\/{rel}","templated":true}]}}