{"id":6281,"date":"2025-09-24T19:59:34","date_gmt":"2025-09-24T19:59:34","guid":{"rendered":"https:\/\/modest-napier.216-250-124-103.plesk.page\/index.php\/producto\/te-rinozan-bolsita\/"},"modified":"2025-09-24T20:45:41","modified_gmt":"2025-09-24T20:45:41","slug":"te-rinozan-bolsita","status":"publish","type":"product","link":"https:\/\/modest-napier.216-250-124-103.plesk.page\/index.php\/producto\/te-rinozan-bolsita\/","title":{"rendered":"T\u00e9 Ri\u00f1ozan Bolsita"},"content":{"rendered":"<p data-mce-fragment=\"1\"><strong data-mce-fragment=\"1\">Descripci\u00f3n:<\/strong><\/p>\n<div id=\"featurebullets_feature_div\" class=\"celwidget\" data-feature-name=\"featurebullets\" data-csa-c-id=\"6ymr0p-nutmxz-7dhmsu-3brtkm\" data-cel-widget=\"featurebullets_feature_div\">\n<div id=\"feature-bullets\" class=\"a-section a-spacing-medium a-spacing-top-small\">\n<ul class=\"a-unordered-list a-vertical a-spacing-mini\">\n<li><span class=\"a-list-item\">Mezcla de hierbas seleccionadas cuidadosamente para la limpieza de ri\u00f1ones y v\u00edas urinarias.<\/span><\/li>\n<\/ul>\n<\/div>\n<\/div>\n<p data-mce-fragment=\"1\"><strong data-mce-fragment=\"1\">Modo de uso:<\/strong><\/p>\n<p data-mce-fragment=\"1\">Se pone un litro de agua a hervir como una cucharada de te durante 5 minutos y se toma como agua de uso diario.<\/p>\n<p data-mce-fragment=\"1\"><strong data-mce-fragment=\"1\">Contenido:<\/strong><\/p>\n<p data-mce-fragment=\"1\">100 grs.<\/p>\n","protected":false},"excerpt":{"rendered":"<p>Descripci\u00f3n: Mezcla de hierbas seleccionadas cuidadosamente para la limpieza de ri\u00f1ones y v\u00edas urinarias. Modo de uso: Se pone un litro de agua a hervir como una cucharada de te [&hellip;]<\/p>\n","protected":false},"featured_media":2859,"comment_status":"open","ping_status":"closed","template":"","meta":[],"product_brand":[391],"product_cat":[337,318,321],"product_tag":[],"class_list":{"0":"post-6281","1":"product","2":"type-product","3":"status-publish","4":"has-post-thumbnail","6":"product_brand-the-king","7":"product_cat-productos","8":"product_cat-salud","9":"product_cat-salud-de-los-rinones","11":"first","12":"instock","13":"shipping-taxable","14":"purchasable","15":"product-type-simple"},"_links":{"self":[{"href":"https:\/\/modest-napier.216-250-124-103.plesk.page\/index.php\/wp-json\/wp\/v2\/product\/6281","targetHints":{"allow":["GET"]}}],"collection":[{"href":"https:\/\/modest-napier.216-250-124-103.plesk.page\/index.php\/wp-json\/wp\/v2\/product"}],"about":[{"href":"https:\/\/modest-napier.216-250-124-103.plesk.page\/index.php\/wp-json\/wp\/v2\/types\/product"}],"replies":[{"embeddable":true,"href":"https:\/\/modest-napier.216-250-124-103.plesk.page\/index.php\/wp-json\/wp\/v2\/comments?post=6281"}],"wp:featuredmedia":[{"embeddable":true,"href":"https:\/\/modest-napier.216-250-124-103.plesk.page\/index.php\/wp-json\/wp\/v2\/media\/2859"}],"wp:attachment":[{"href":"https:\/\/modest-napier.216-250-124-103.plesk.page\/index.php\/wp-json\/wp\/v2\/media?parent=6281"}],"wp:term":[{"taxonomy":"product_brand","embeddable":true,"href":"https:\/\/modest-napier.216-250-124-103.plesk.page\/index.php\/wp-json\/wp\/v2\/product_brand?post=6281"},{"taxonomy":"product_cat","embeddable":true,"href":"https:\/\/modest-napier.216-250-124-103.plesk.page\/index.php\/wp-json\/wp\/v2\/product_cat?post=6281"},{"taxonomy":"product_tag","embeddable":true,"href":"https:\/\/modest-napier.216-250-124-103.plesk.page\/index.php\/wp-json\/wp\/v2\/product_tag?post=6281"}],"curies":[{"name":"wp","href":"https:\/\/api.w.org\/{rel}","templated":true}]}}