{"id":6282,"date":"2025-09-24T19:59:35","date_gmt":"2025-09-24T19:59:35","guid":{"rendered":"https:\/\/modest-napier.216-250-124-103.plesk.page\/index.php\/producto\/te-rojo-c-26-sobres-therbal\/"},"modified":"2025-09-24T20:45:41","modified_gmt":"2025-09-24T20:45:41","slug":"te-rojo-c-26-sobres-therbal","status":"publish","type":"product","link":"https:\/\/modest-napier.216-250-124-103.plesk.page\/index.php\/producto\/te-rojo-c-26-sobres-therbal\/","title":{"rendered":"T\u00e9 Rojo Pu-Erh 26 sobres Therbal"},"content":{"rendered":"<p data-mce-fragment=\"1\"><strong data-mce-fragment=\"1\">Descripci\u00f3n:<\/strong><\/p>\n<p data-mce-fragment=\"1\"><span>Ayuda con el sobre peso , estimulando la digesti\u00f3n , desintoxica\u00a0y depura el organismo, previene depresi\u00f3n y mal humor , protege el h\u00edgado y el bazo , disminuye el colesterol y triglic\u00e9ridos.\u00a0\u00a0\u00a0\u00a0<\/span><\/p>\n<p data-mce-fragment=\"1\"><strong data-mce-fragment=\"1\">Modo de uso:<\/strong><\/p>\n<p data-mce-fragment=\"1\"><span>Calentar agua, posteriormente poner 1 o 2 bolsas de te a remojar en el agua caliente de 3 a 5 min. Se recomienda tomarlo por la\u00a0<\/span>ma\u00f1ana.<\/p>\n<p data-mce-fragment=\"1\"><strong data-mce-fragment=\"1\">Contenido:<\/strong><\/p>\n<p data-mce-fragment=\"1\">26 sobres con 1g c\/u<\/p>\n","protected":false},"excerpt":{"rendered":"<p>Descripci\u00f3n: Ayuda con el sobre peso , estimulando la digesti\u00f3n , desintoxica\u00a0y depura el organismo, previene depresi\u00f3n y mal humor , protege el h\u00edgado y el bazo , disminuye el [&hellip;]<\/p>\n","protected":false},"featured_media":2860,"comment_status":"open","ping_status":"closed","template":"","meta":[],"product_brand":[349],"product_cat":[287,337,318,332],"product_tag":[],"class_list":{"0":"post-6282","1":"product","2":"type-product","3":"status-publish","4":"has-post-thumbnail","6":"product_brand-therbal","7":"product_cat-baja-de-peso","8":"product_cat-productos","9":"product_cat-salud","10":"product_cat-tes-e-infusiones","12":"first","13":"instock","14":"shipping-taxable","15":"purchasable","16":"product-type-simple"},"_links":{"self":[{"href":"https:\/\/modest-napier.216-250-124-103.plesk.page\/index.php\/wp-json\/wp\/v2\/product\/6282","targetHints":{"allow":["GET"]}}],"collection":[{"href":"https:\/\/modest-napier.216-250-124-103.plesk.page\/index.php\/wp-json\/wp\/v2\/product"}],"about":[{"href":"https:\/\/modest-napier.216-250-124-103.plesk.page\/index.php\/wp-json\/wp\/v2\/types\/product"}],"replies":[{"embeddable":true,"href":"https:\/\/modest-napier.216-250-124-103.plesk.page\/index.php\/wp-json\/wp\/v2\/comments?post=6282"}],"wp:featuredmedia":[{"embeddable":true,"href":"https:\/\/modest-napier.216-250-124-103.plesk.page\/index.php\/wp-json\/wp\/v2\/media\/2860"}],"wp:attachment":[{"href":"https:\/\/modest-napier.216-250-124-103.plesk.page\/index.php\/wp-json\/wp\/v2\/media?parent=6282"}],"wp:term":[{"taxonomy":"product_brand","embeddable":true,"href":"https:\/\/modest-napier.216-250-124-103.plesk.page\/index.php\/wp-json\/wp\/v2\/product_brand?post=6282"},{"taxonomy":"product_cat","embeddable":true,"href":"https:\/\/modest-napier.216-250-124-103.plesk.page\/index.php\/wp-json\/wp\/v2\/product_cat?post=6282"},{"taxonomy":"product_tag","embeddable":true,"href":"https:\/\/modest-napier.216-250-124-103.plesk.page\/index.php\/wp-json\/wp\/v2\/product_tag?post=6282"}],"curies":[{"name":"wp","href":"https:\/\/api.w.org\/{rel}","templated":true}]}}