{"id":6285,"date":"2025-09-24T19:59:40","date_gmt":"2025-09-24T19:59:40","guid":{"rendered":"https:\/\/modest-napier.216-250-124-103.plesk.page\/index.php\/producto\/te-serenate-rojo-c-20-plamesi\/"},"modified":"2025-09-24T20:46:09","modified_gmt":"2025-09-24T20:46:09","slug":"te-serenate-rojo-c-20-plamesi","status":"publish","type":"product","link":"https:\/\/modest-napier.216-250-124-103.plesk.page\/index.php\/producto\/te-serenate-rojo-c-20-plamesi\/","title":{"rendered":"T\u00e9 Serena-T\u00e9 20 sobres Plamesi"},"content":{"rendered":"<div data-cel-widget=\"featurebullets_feature_div\" data-csa-c-id=\"9s8qdi-46k270-azpt09-kcwern\" data-feature-name=\"featurebullets\" class=\"celwidget\" id=\"featurebullets_feature_div\">\n<div class=\"a-section a-spacing-medium a-spacing-top-small\" id=\"feature-bullets\">\n<p><span class=\"a-list-item\">La infusi\u00f3n <strong>Serena-T\u00e9<\/strong> ayuda con problemas de insomnio. <\/span><span class=\"a-list-item\">Relaja el cuerpo y la mente. <\/span><span class=\"a-list-item\">Sabor a c\u00edtricos. <\/span><span class=\"a-list-item\">No causa adicci\u00f3n.<\/span><\/p>\n<\/div>\n<\/div>\n","protected":false},"excerpt":{"rendered":"<p>La infusi\u00f3n Serena-T\u00e9 ayuda con problemas de insomnio. Relaja el cuerpo y la mente. Sabor a c\u00edtricos. No causa adicci\u00f3n.<\/p>\n","protected":false},"featured_media":2864,"comment_status":"open","ping_status":"closed","template":"","meta":[],"product_brand":[404],"product_cat":[337,318,332],"product_tag":[],"class_list":{"0":"post-6285","1":"product","2":"type-product","3":"status-publish","4":"has-post-thumbnail","6":"product_brand-plamesi","7":"product_cat-productos","8":"product_cat-salud","9":"product_cat-tes-e-infusiones","11":"first","12":"instock","13":"shipping-taxable","14":"purchasable","15":"product-type-simple"},"_links":{"self":[{"href":"https:\/\/modest-napier.216-250-124-103.plesk.page\/index.php\/wp-json\/wp\/v2\/product\/6285","targetHints":{"allow":["GET"]}}],"collection":[{"href":"https:\/\/modest-napier.216-250-124-103.plesk.page\/index.php\/wp-json\/wp\/v2\/product"}],"about":[{"href":"https:\/\/modest-napier.216-250-124-103.plesk.page\/index.php\/wp-json\/wp\/v2\/types\/product"}],"replies":[{"embeddable":true,"href":"https:\/\/modest-napier.216-250-124-103.plesk.page\/index.php\/wp-json\/wp\/v2\/comments?post=6285"}],"wp:featuredmedia":[{"embeddable":true,"href":"https:\/\/modest-napier.216-250-124-103.plesk.page\/index.php\/wp-json\/wp\/v2\/media\/2864"}],"wp:attachment":[{"href":"https:\/\/modest-napier.216-250-124-103.plesk.page\/index.php\/wp-json\/wp\/v2\/media?parent=6285"}],"wp:term":[{"taxonomy":"product_brand","embeddable":true,"href":"https:\/\/modest-napier.216-250-124-103.plesk.page\/index.php\/wp-json\/wp\/v2\/product_brand?post=6285"},{"taxonomy":"product_cat","embeddable":true,"href":"https:\/\/modest-napier.216-250-124-103.plesk.page\/index.php\/wp-json\/wp\/v2\/product_cat?post=6285"},{"taxonomy":"product_tag","embeddable":true,"href":"https:\/\/modest-napier.216-250-124-103.plesk.page\/index.php\/wp-json\/wp\/v2\/product_tag?post=6285"}],"curies":[{"name":"wp","href":"https:\/\/api.w.org\/{rel}","templated":true}]}}