{"id":6286,"date":"2025-09-24T19:59:41","date_gmt":"2025-09-24T19:59:41","guid":{"rendered":"https:\/\/modest-napier.216-250-124-103.plesk.page\/index.php\/producto\/te-sin-kilos-c-30-gn-vida\/"},"modified":"2025-09-24T20:46:05","modified_gmt":"2025-09-24T20:46:05","slug":"te-chupa-panza-c-30-gn-vida","status":"publish","type":"product","link":"https:\/\/modest-napier.216-250-124-103.plesk.page\/index.php\/producto\/te-chupa-panza-c-30-gn-vida\/","title":{"rendered":"T\u00e9 Sin Kilos Jengibre + Espirulina 30 sobres"},"content":{"rendered":"<p data-mce-fragment=\"1\"><strong data-mce-fragment=\"1\">Descripci\u00f3n:<\/strong><\/p>\n<p data-mce-fragment=\"1\">Ayuda a quemar grasa, eliminar el exceso de grasa, regular el sistema digestivo. Reduce talla y cintura, reduce estr\u00edas posparto y no produce rebote. El t\u00e9 Chupa Panza es una f\u00f3rmula completamente natural que lo ayuda a mantenerse regular, mantener su metabolismo encendido incluso por la noche y ayudar a desintoxicar y eliminar la hinchaz\u00f3n. Con ingredientes para quemar grasa como el jengibre, la linaza, la pi\u00f1a y la canela, mantendr\u00e1 tu metabolismo y digesti\u00f3n funcionando bien.<\/p>\n<p data-mce-fragment=\"1\"><strong data-mce-fragment=\"1\">Modo de uso:<\/strong><\/p>\n<p data-mce-fragment=\"1\">Bebe una taza de t\u00e9 al d\u00eda todas las noches. La primera vez que lo tomes, puedes empezar con la mitad.<\/p>\n<h5 data-mce-fragment=\"1\"><strong data-mce-fragment=\"1\" style=\"font-size: 1.4em;\">Contenido:<\/strong><\/h5>\n<p data-mce-fragment=\"1\">30 sobres con 3 g c\/u.<\/p>\n","protected":false},"excerpt":{"rendered":"<p>Descripci\u00f3n: Ayuda a quemar grasa, eliminar el exceso de grasa, regular el sistema digestivo. Reduce talla y cintura, reduce estr\u00edas posparto y no produce rebote. El t\u00e9 Chupa Panza es [&hellip;]<\/p>\n","protected":false},"featured_media":2865,"comment_status":"open","ping_status":"closed","template":"","meta":[],"product_brand":[353],"product_cat":[287,313,337,318,333],"product_tag":[],"class_list":{"0":"post-6286","1":"product","2":"type-product","3":"status-publish","4":"has-post-thumbnail","6":"product_brand-gn-vida","7":"product_cat-baja-de-peso","8":"product_cat-preparate-para-el-verano-","9":"product_cat-productos","10":"product_cat-salud","11":"product_cat-tes-para-bajar-de-peso","13":"first","14":"instock","15":"shipping-taxable","16":"purchasable","17":"product-type-simple"},"_links":{"self":[{"href":"https:\/\/modest-napier.216-250-124-103.plesk.page\/index.php\/wp-json\/wp\/v2\/product\/6286","targetHints":{"allow":["GET"]}}],"collection":[{"href":"https:\/\/modest-napier.216-250-124-103.plesk.page\/index.php\/wp-json\/wp\/v2\/product"}],"about":[{"href":"https:\/\/modest-napier.216-250-124-103.plesk.page\/index.php\/wp-json\/wp\/v2\/types\/product"}],"replies":[{"embeddable":true,"href":"https:\/\/modest-napier.216-250-124-103.plesk.page\/index.php\/wp-json\/wp\/v2\/comments?post=6286"}],"wp:featuredmedia":[{"embeddable":true,"href":"https:\/\/modest-napier.216-250-124-103.plesk.page\/index.php\/wp-json\/wp\/v2\/media\/2865"}],"wp:attachment":[{"href":"https:\/\/modest-napier.216-250-124-103.plesk.page\/index.php\/wp-json\/wp\/v2\/media?parent=6286"}],"wp:term":[{"taxonomy":"product_brand","embeddable":true,"href":"https:\/\/modest-napier.216-250-124-103.plesk.page\/index.php\/wp-json\/wp\/v2\/product_brand?post=6286"},{"taxonomy":"product_cat","embeddable":true,"href":"https:\/\/modest-napier.216-250-124-103.plesk.page\/index.php\/wp-json\/wp\/v2\/product_cat?post=6286"},{"taxonomy":"product_tag","embeddable":true,"href":"https:\/\/modest-napier.216-250-124-103.plesk.page\/index.php\/wp-json\/wp\/v2\/product_tag?post=6286"}],"curies":[{"name":"wp","href":"https:\/\/api.w.org\/{rel}","templated":true}]}}