{"id":6289,"date":"2025-09-24T19:59:45","date_gmt":"2025-09-24T19:59:45","guid":{"rendered":"https:\/\/modest-napier.216-250-124-103.plesk.page\/index.php\/producto\/te-soluble-hierbabuena-c-25-sbr-nolisan\/"},"modified":"2025-09-24T20:46:09","modified_gmt":"2025-09-24T20:46:09","slug":"te-soluble-hierbabuena-c-25-sbr-nolisan","status":"publish","type":"product","link":"https:\/\/modest-napier.216-250-124-103.plesk.page\/index.php\/producto\/te-soluble-hierbabuena-c-25-sbr-nolisan\/","title":{"rendered":""},"content":{"rendered":"<p><span data-mce-fragment=\"1\"><strong data-mce-fragment=\"1\">Descripci\u00f3n:<\/strong><\/span><\/p>\n<p>Ayuda a expulsar los gases intestinales, disminuir los c\u00f3licos y aliviar las n\u00e1useas y v\u00f3mitos. Disminuye la acidez y fomenta la buena digesti\u00f3n, por activar la producci\u00f3n\u00a0de\u00a0bilis y optimizar las funciones digestivas. Combate el dolor\u00a0de\u00a0cabeza. Mitiga el estr\u00e9s y la ansiedad.<\/p>\n<p><strong data-mce-fragment=\"1\">Modo de uso:<\/strong><\/p>\n<p>En una taza colocar una bolsita de te y agregar agua hirviendo, dejar reposar, endulzar al gusto.<\/p>\n<p><strong data-mce-fragment=\"1\">Contenido:<\/strong><\/p>\n<p>25 sobres.<\/p>\n","protected":false},"excerpt":{"rendered":"<p>Descripci\u00f3n: Ayuda a expulsar los gases intestinales, disminuir los c\u00f3licos y aliviar las n\u00e1useas y v\u00f3mitos. Disminuye la acidez y fomenta la buena digesti\u00f3n, por activar la producci\u00f3n\u00a0de\u00a0bilis y optimizar [&hellip;]<\/p>\n","protected":false},"featured_media":2868,"comment_status":"open","ping_status":"closed","template":"","meta":[],"product_brand":[368],"product_cat":[337,318],"product_tag":[],"class_list":{"0":"post-6289","1":"product","2":"type-product","3":"status-publish","4":"has-post-thumbnail","6":"product_brand-nolisan","7":"product_cat-productos","8":"product_cat-salud","10":"first","11":"outofstock","12":"shipping-taxable","13":"purchasable","14":"product-type-simple"},"_links":{"self":[{"href":"https:\/\/modest-napier.216-250-124-103.plesk.page\/index.php\/wp-json\/wp\/v2\/product\/6289","targetHints":{"allow":["GET"]}}],"collection":[{"href":"https:\/\/modest-napier.216-250-124-103.plesk.page\/index.php\/wp-json\/wp\/v2\/product"}],"about":[{"href":"https:\/\/modest-napier.216-250-124-103.plesk.page\/index.php\/wp-json\/wp\/v2\/types\/product"}],"replies":[{"embeddable":true,"href":"https:\/\/modest-napier.216-250-124-103.plesk.page\/index.php\/wp-json\/wp\/v2\/comments?post=6289"}],"wp:featuredmedia":[{"embeddable":true,"href":"https:\/\/modest-napier.216-250-124-103.plesk.page\/index.php\/wp-json\/wp\/v2\/media\/2868"}],"wp:attachment":[{"href":"https:\/\/modest-napier.216-250-124-103.plesk.page\/index.php\/wp-json\/wp\/v2\/media?parent=6289"}],"wp:term":[{"taxonomy":"product_brand","embeddable":true,"href":"https:\/\/modest-napier.216-250-124-103.plesk.page\/index.php\/wp-json\/wp\/v2\/product_brand?post=6289"},{"taxonomy":"product_cat","embeddable":true,"href":"https:\/\/modest-napier.216-250-124-103.plesk.page\/index.php\/wp-json\/wp\/v2\/product_cat?post=6289"},{"taxonomy":"product_tag","embeddable":true,"href":"https:\/\/modest-napier.216-250-124-103.plesk.page\/index.php\/wp-json\/wp\/v2\/product_tag?post=6289"}],"curies":[{"name":"wp","href":"https:\/\/api.w.org\/{rel}","templated":true}]}}