{"id":6295,"date":"2025-09-24T19:59:54","date_gmt":"2025-09-24T19:59:54","guid":{"rendered":"https:\/\/modest-napier.216-250-124-103.plesk.page\/index.php\/producto\/te-toronjil-c-36-sobres-therbal\/"},"modified":"2025-09-24T20:43:36","modified_gmt":"2025-09-24T20:43:36","slug":"te-toronjil-therbal","status":"publish","type":"product","link":"https:\/\/modest-napier.216-250-124-103.plesk.page\/index.php\/producto\/te-toronjil-therbal\/","title":{"rendered":""},"content":{"rendered":"<p><strong>Descripci\u00f3n:<\/strong><br data-mce-fragment=\"1\">Ayuda a las molestias estomacales como indigesti\u00f3n, n\u00e1useas, v\u00f3mito, gases intestinales, inflamaci\u00f3n, baja niveles de estr\u00e9s, ansiedad, contra el insomnio, aminora las molestias del s\u00edndrome premenstrual, menstrual y c\u00f3licos.<\/p>\n<p><strong>Modo de uso:<\/strong><br data-mce-fragment=\"1\">Tomar una taza de t\u00e9 en cualquier momento de d\u00eda.<\/p>\n<p><strong>Contenido:<\/strong><br data-mce-fragment=\"1\"> 36 sobres<\/p>\n","protected":false},"excerpt":{"rendered":"<p>Descripci\u00f3n:Ayuda a las molestias estomacales como indigesti\u00f3n, n\u00e1useas, v\u00f3mito, gases intestinales, inflamaci\u00f3n, baja niveles de estr\u00e9s, ansiedad, contra el insomnio, aminora las molestias del s\u00edndrome premenstrual, menstrual y c\u00f3licos. Modo [&hellip;]<\/p>\n","protected":false},"featured_media":2874,"comment_status":"open","ping_status":"closed","template":"","meta":[],"product_brand":[349],"product_cat":[337,318],"product_tag":[],"class_list":{"0":"post-6295","1":"product","2":"type-product","3":"status-publish","4":"has-post-thumbnail","6":"product_brand-therbal","7":"product_cat-productos","8":"product_cat-salud","10":"first","11":"instock","12":"shipping-taxable","13":"purchasable","14":"product-type-simple"},"_links":{"self":[{"href":"https:\/\/modest-napier.216-250-124-103.plesk.page\/index.php\/wp-json\/wp\/v2\/product\/6295","targetHints":{"allow":["GET"]}}],"collection":[{"href":"https:\/\/modest-napier.216-250-124-103.plesk.page\/index.php\/wp-json\/wp\/v2\/product"}],"about":[{"href":"https:\/\/modest-napier.216-250-124-103.plesk.page\/index.php\/wp-json\/wp\/v2\/types\/product"}],"replies":[{"embeddable":true,"href":"https:\/\/modest-napier.216-250-124-103.plesk.page\/index.php\/wp-json\/wp\/v2\/comments?post=6295"}],"wp:featuredmedia":[{"embeddable":true,"href":"https:\/\/modest-napier.216-250-124-103.plesk.page\/index.php\/wp-json\/wp\/v2\/media\/2874"}],"wp:attachment":[{"href":"https:\/\/modest-napier.216-250-124-103.plesk.page\/index.php\/wp-json\/wp\/v2\/media?parent=6295"}],"wp:term":[{"taxonomy":"product_brand","embeddable":true,"href":"https:\/\/modest-napier.216-250-124-103.plesk.page\/index.php\/wp-json\/wp\/v2\/product_brand?post=6295"},{"taxonomy":"product_cat","embeddable":true,"href":"https:\/\/modest-napier.216-250-124-103.plesk.page\/index.php\/wp-json\/wp\/v2\/product_cat?post=6295"},{"taxonomy":"product_tag","embeddable":true,"href":"https:\/\/modest-napier.216-250-124-103.plesk.page\/index.php\/wp-json\/wp\/v2\/product_tag?post=6295"}],"curies":[{"name":"wp","href":"https:\/\/api.w.org\/{rel}","templated":true}]}}