{"id":6307,"date":"2025-09-24T20:00:13","date_gmt":"2025-09-24T20:00:13","guid":{"rendered":"https:\/\/modest-napier.216-250-124-103.plesk.page\/index.php\/producto\/tinte-henna-dia-c-100-gr-la-salud-es-primero\/"},"modified":"2025-09-24T20:44:37","modified_gmt":"2025-09-24T20:44:37","slug":"tinte-henna-dia-c-100-gr-la-salud-es-primero","status":"publish","type":"product","link":"https:\/\/modest-napier.216-250-124-103.plesk.page\/index.php\/producto\/tinte-henna-dia-c-100-gr-la-salud-es-primero\/","title":{"rendered":"Tinte Henna D\u00eda 100 g La Salud es Primero"},"content":{"rendered":"<p><strong>Descripci\u00f3n:<\/strong><\/p>\n<p>La\u00a0henna\u00a0es un producto natural que se utiliza\u00a0para\u00a0te\u00f1ir el pelo (y tambi\u00e9n la piel) desde hace siglos. Adem\u00e1s de ayudar a cubrir las canas, la\u00a0henna\u00a0tiene otros beneficios: fortalece el cabello y le aporta brillo.<\/p>\n<p><strong>Modo de uso:<\/strong><\/p>\n<p>A\u00f1ade agua hirviendo a una peque\u00f1a cantidad de\u00a0<b>henna<\/b>\u00a0en un recipiente resistente al calor y usa guantes de goma para aplicarla en un mech\u00f3n de cabello de alrededor de 1 cm de ancho. Deja la\u00a0<b>henna<\/b>\u00a0aplicada entre 1 hora y un m\u00e1ximo de tres horas y, a continuaci\u00f3n, lava el cabello con champ\u00fa y enjuaga.<\/p>\n<p><strong>Contenido:<\/strong><\/p>\n<p>100 g.<\/p>\n","protected":false},"excerpt":{"rendered":"<p>Descripci\u00f3n: La\u00a0henna\u00a0es un producto natural que se utiliza\u00a0para\u00a0te\u00f1ir el pelo (y tambi\u00e9n la piel) desde hace siglos. Adem\u00e1s de ayudar a cubrir las canas, la\u00a0henna\u00a0tiene otros beneficios: fortalece el cabello [&hellip;]<\/p>\n","protected":false},"featured_media":2889,"comment_status":"open","ping_status":"closed","template":"","meta":[],"product_brand":[356],"product_cat":[289,337,334],"product_tag":[],"class_list":{"0":"post-6307","1":"product","2":"type-product","3":"status-publish","4":"has-post-thumbnail","6":"product_brand-la-salud-es-primero","7":"product_cat-belleza","8":"product_cat-productos","9":"product_cat-tintes-para-cabello","11":"first","12":"instock","13":"shipping-taxable","14":"purchasable","15":"product-type-simple"},"_links":{"self":[{"href":"https:\/\/modest-napier.216-250-124-103.plesk.page\/index.php\/wp-json\/wp\/v2\/product\/6307","targetHints":{"allow":["GET"]}}],"collection":[{"href":"https:\/\/modest-napier.216-250-124-103.plesk.page\/index.php\/wp-json\/wp\/v2\/product"}],"about":[{"href":"https:\/\/modest-napier.216-250-124-103.plesk.page\/index.php\/wp-json\/wp\/v2\/types\/product"}],"replies":[{"embeddable":true,"href":"https:\/\/modest-napier.216-250-124-103.plesk.page\/index.php\/wp-json\/wp\/v2\/comments?post=6307"}],"wp:featuredmedia":[{"embeddable":true,"href":"https:\/\/modest-napier.216-250-124-103.plesk.page\/index.php\/wp-json\/wp\/v2\/media\/2889"}],"wp:attachment":[{"href":"https:\/\/modest-napier.216-250-124-103.plesk.page\/index.php\/wp-json\/wp\/v2\/media?parent=6307"}],"wp:term":[{"taxonomy":"product_brand","embeddable":true,"href":"https:\/\/modest-napier.216-250-124-103.plesk.page\/index.php\/wp-json\/wp\/v2\/product_brand?post=6307"},{"taxonomy":"product_cat","embeddable":true,"href":"https:\/\/modest-napier.216-250-124-103.plesk.page\/index.php\/wp-json\/wp\/v2\/product_cat?post=6307"},{"taxonomy":"product_tag","embeddable":true,"href":"https:\/\/modest-napier.216-250-124-103.plesk.page\/index.php\/wp-json\/wp\/v2\/product_tag?post=6307"}],"curies":[{"name":"wp","href":"https:\/\/api.w.org\/{rel}","templated":true}]}}